{"id":14959,"date":"2022-05-25T21:23:17","date_gmt":"2022-05-26T01:23:17","guid":{"rendered":"https:\/\/discoverjuanfernandez.com\/?page_id=14959"},"modified":"2022-12-09T19:32:16","modified_gmt":"2022-12-09T22:32:16","slug":"isla-juan-fernandez","status":"publish","type":"page","link":"https:\/\/discoverjuanfernandez.com\/eng\/","title":{"rendered":"Archipi\u00e9lago Juan Fernandez"},"content":{"rendered":"<div class=\"wpb-content-wrapper\"><div      class=\"vc_row wpb_row section vc_row-fluid  full_screen_section\" style='background-image:url(https:\/\/discoverjuanfernandez.com\/wp-content\/uploads\/2022\/06\/bajo-el-agua-4.jpg); padding-top:80pxpx; text-align:center;'><div class=\"full_section_inner clearfix\"><div class=\"wpb_column vc_column_container vc_col-sm-12\"><div class=\"vc_column-inner\"><div class=\"wpb_wrapper\"><div id=\"parallax-home\"     class=\"vc_row wpb_row section vc_row-fluid vc_inner  vc_custom_1655926607161\" style=' text-align:center;'><div class=\"full_section_inner clearfix\"><div class=\"wpb_column vc_column_container vc_col-sm-12\"><div class=\"vc_column-inner\"><div class=\"wpb_wrapper\">\n\t<div class=\"wpb_text_column wpb_content_element\">\n\t\t<div class=\"wpb_wrapper\">\n\t\t\t<h5 style=\"text-align: center;\">EXPLORE AND DISCOVER<\/h5>\n<h1 style=\"text-align: center;\">JUAN FERN\u00c1NDEZ AND THE DESVENTURADAS ISLANDS<\/h1>\n\n\t\t<\/div> \n\t<\/div> <\/div><\/div><\/div><\/div><\/div><\/div><\/div><\/div><\/div><\/div><div id=\"recuadro-verde\"     class=\"vc_row wpb_row section vc_row-fluid\" style=' text-align:center;'><div class=\"full_section_inner clearfix\"><div class=\"wpb_column vc_column_container vc_col-sm-12 vc_col-lg-offset-0 vc_col-md-offset-0 vc_col-sm-offset-0 vc_col-xs-offset-1 vc_col-xs-10\"><div class=\"vc_column-inner\"><div class=\"wpb_wrapper\"><div      class=\"vc_row wpb_row section vc_row-fluid vc_inner\" style=' text-align:left;'><div class=\"full_section_inner clearfix\"><div class=\"wpb_column vc_column_container vc_col-sm-12\"><div class=\"vc_column-inner\"><div class=\"wpb_wrapper\">\n\t<div class=\"wpb_single_image wpb_content_element vc_align_center\">\n\t\t<div class=\"wpb_wrapper\">\n\t\t\t\n\t\t\t<div class=\"vc_single_image-wrapper   vc_box_border_grey\"><img loading=\"lazy\" decoding=\"async\" width=\"87\" height=\"61\" src=\"https:\/\/discoverjuanfernandez.com\/wp-content\/uploads\/2022\/06\/hoja.png\" class=\"vc_single_image-img attachment-full\" alt=\"\" title=\"hoja\" \/><\/div>\n\t\t<\/div>\n\t<\/div>\n\n\t<div class=\"wpb_text_column wpb_content_element\">\n\t\t<div class=\"wpb_wrapper\">\n\t\t\t<h3 style=\"text-align: center;\" class=\"translation-block\">WE BELIEVE IN LIVING IN HARMONY WITH NATURE. <br>\nCOME AND DISCOVER HOW WE LIVE.<\/h3>\n\n\t\t<\/div> \n\t<\/div> <\/div><\/div><\/div><\/div><\/div><div      class=\"vc_row wpb_row section vc_row-fluid vc_inner\" style=' text-align:center;'><div class=\"full_section_inner clearfix\"><div class=\"wpb_column vc_column_container vc_col-sm-7 vc_col-lg-offset-1\/5 vc_col-md-offset-1\/5 vc_col-sm-offset-1\/5\"><div class=\"vc_column-inner\"><div class=\"wpb_wrapper\">\n\t<div class=\"wpb_text_column wpb_content_element\">\n\t\t<div class=\"wpb_wrapper\">\n\t\t\t<p>Years ago, before sustainability had become a household concept, the inhabitants of Juan Fern\u00e1ndez had already made it a lifestyle. Over a century ago they outlined their own sustainable fishing practices and were pioneers in the conservation of extensive areas of both land and sea.<\/p>\n\n\t\t<\/div> \n\t<\/div> \n\n\t<a href=\"https:\/\/discoverjuanfernandez.com\/eng\/areas-protegidas\/\" target=\"_self\"  class=\"qode-btn qode-btn-medium qode-btn-solid boton-blanco center qode-btn-default-hover\"  >\n\t    <span class=\"qode-btn-text\">SEE PROTECTED AREAS<\/span>\t<\/a>\n\n<\/div><\/div><\/div><\/div><\/div><\/div><\/div><\/div><\/div><\/div><div id=\"home-2\"     class=\"vc_row wpb_row section vc_row-fluid\" style=' text-align:left;'><div class=\"full_section_inner clearfix\"><div class=\"wpb_column vc_column_container vc_col-sm-12\"><div class=\"vc_column-inner\"><div class=\"wpb_wrapper\"><div      class=\"vc_row wpb_row section vc_row-fluid vc_inner\" style=' text-align:left;'><div class=\"full_section_inner clearfix\"><div class=\"caja-1 wpb_column vc_column_container vc_col-sm-6 vc_col-has-fill\"><div class=\"vc_column-inner vc_custom_1655995905535\"><div class=\"wpb_wrapper\">\n\t<div class=\"wpb_text_column wpb_content_element\">\n\t\t<div class=\"wpb_wrapper\">\n\t\t\t<h2>Explore the diversity of our islands<\/h2>\n\n\t\t<\/div> \n\t<\/div> \n\n\t<a href=\"https:\/\/discoverjuanfernandez.com\/eng\/biodiversidad\/\" target=\"_self\"  class=\"qode-btn qode-btn-medium qode-btn-solid boton-blanco qode-btn-default-hover\"  >\n\t    <span class=\"qode-btn-text\">SEE MORE<\/span>\t<\/a>\n\n<\/div><\/div><\/div><div class=\"caja-1 wpb_column vc_column_container vc_col-sm-6 vc_col-has-fill\"><div class=\"vc_column-inner vc_custom_1655995974328\"><div class=\"wpb_wrapper\">\n\t<div class=\"wpb_text_column wpb_content_element\">\n\t\t<div class=\"wpb_wrapper\">\n\t\t\t<h2>Discover our sustainable fishing practices<\/h2>\n\n\t\t<\/div> \n\t<\/div> \n\n\t<a href=\"https:\/\/discoverjuanfernandez.com\/eng\/pesca-de-langosta\/\" target=\"_self\"  class=\"qode-btn qode-btn-medium qode-btn-solid boton-blanco qode-btn-default-hover\"  >\n\t    <span class=\"qode-btn-text\">SEE MORE<\/span>\t<\/a>\n\n<\/div><\/div><\/div><\/div><\/div><\/div><\/div><\/div><\/div><\/div><div id=\"home-3a\"     class=\"vc_row wpb_row section vc_row-fluid\" style=' text-align:left;'><div class=\"full_section_inner clearfix\"><div class=\"wpb_column vc_column_container vc_col-sm-4\"><div class=\"vc_column-inner\"><div class=\"wpb_wrapper\">\n\t<div class=\"wpb_single_image wpb_content_element vc_align_center\">\n\t\t<div class=\"wpb_wrapper\">\n\t\t\t\n\t\t\t<div class=\"vc_single_image-wrapper   vc_box_border_grey\"><img loading=\"lazy\" decoding=\"async\" width=\"624\" height=\"378\" src=\"https:\/\/discoverjuanfernandez.com\/wp-content\/uploads\/2022\/06\/DJI_0581.jpg\" class=\"vc_single_image-img attachment-full\" alt=\"\" title=\"DJI_0581\" srcset=\"https:\/\/discoverjuanfernandez.com\/wp-content\/uploads\/2022\/06\/DJI_0581.jpg 624w, https:\/\/discoverjuanfernandez.com\/wp-content\/uploads\/2022\/06\/DJI_0581-300x182.jpg 300w, https:\/\/discoverjuanfernandez.com\/wp-content\/uploads\/2022\/06\/DJI_0581@2x.jpg 1248w, https:\/\/discoverjuanfernandez.com\/wp-content\/uploads\/2022\/06\/DJI_0581-300x182@2x.jpg 600w\" sizes=\"auto, (max-width: 624px) 100vw, 624px\" \/><\/div>\n\t\t<\/div>\n\t<\/div>\n<\/div><\/div><\/div><div class=\"wpb_column vc_column_container vc_col-sm-4\"><div class=\"vc_column-inner\"><div class=\"wpb_wrapper\">\n\t<div class=\"wpb_single_image wpb_content_element vc_align_center\">\n\t\t<div class=\"wpb_wrapper\">\n\t\t\t\n\t\t\t<div class=\"vc_single_image-wrapper   vc_box_border_grey\"><img loading=\"lazy\" decoding=\"async\" width=\"624\" height=\"378\" src=\"https:\/\/discoverjuanfernandez.com\/wp-content\/uploads\/2022\/06\/CAL01828-2.jpg\" class=\"vc_single_image-img attachment-full\" alt=\"\" title=\"CAL01828-2\" srcset=\"https:\/\/discoverjuanfernandez.com\/wp-content\/uploads\/2022\/06\/CAL01828-2.jpg 624w, https:\/\/discoverjuanfernandez.com\/wp-content\/uploads\/2022\/06\/CAL01828-2-300x182.jpg 300w, https:\/\/discoverjuanfernandez.com\/wp-content\/uploads\/2022\/06\/CAL01828-2@2x.jpg 1248w, https:\/\/discoverjuanfernandez.com\/wp-content\/uploads\/2022\/06\/CAL01828-2-300x182@2x.jpg 600w\" sizes=\"auto, (max-width: 624px) 100vw, 624px\" \/><\/div>\n\t\t<\/div>\n\t<\/div>\n<\/div><\/div><\/div><div class=\"wpb_column vc_column_container vc_col-sm-4\"><div class=\"vc_column-inner\"><div class=\"wpb_wrapper\">\n\t<div class=\"wpb_single_image wpb_content_element vc_align_center\">\n\t\t<div class=\"wpb_wrapper\">\n\t\t\t\n\t\t\t<div class=\"vc_single_image-wrapper   vc_box_border_grey\"><img loading=\"lazy\" decoding=\"async\" width=\"624\" height=\"378\" src=\"https:\/\/discoverjuanfernandez.com\/wp-content\/uploads\/2022\/06\/CAL01828-3.jpg\" class=\"vc_single_image-img attachment-full\" alt=\"\" title=\"CAL01828-3\" srcset=\"https:\/\/discoverjuanfernandez.com\/wp-content\/uploads\/2022\/06\/CAL01828-3.jpg 624w, https:\/\/discoverjuanfernandez.com\/wp-content\/uploads\/2022\/06\/CAL01828-3-300x182.jpg 300w, https:\/\/discoverjuanfernandez.com\/wp-content\/uploads\/2022\/06\/CAL01828-3@2x.jpg 1248w, https:\/\/discoverjuanfernandez.com\/wp-content\/uploads\/2022\/06\/CAL01828-3-300x182@2x.jpg 600w\" sizes=\"auto, (max-width: 624px) 100vw, 624px\" \/><\/div>\n\t\t<\/div>\n\t<\/div>\n<\/div><\/div><\/div><\/div><\/div><div id=\"home-4a\"     class=\"vc_row wpb_row section vc_row-fluid\" style=' text-align:left;'><div class=\"full_section_inner clearfix\"><div class=\"wpb_column vc_column_container vc_col-sm-12\"><div class=\"vc_column-inner\"><div class=\"wpb_wrapper\"><div      class=\"vc_row wpb_row section vc_row-fluid vc_inner\" style=' text-align:left;'><div class=\"full_section_inner clearfix\"><div class=\"wpb_column vc_column_container vc_col-sm-12\"><div class=\"vc_column-inner\"><div class=\"wpb_wrapper\"><div id=\"ultimate-heading-591569ea4661f0c14\" class=\"uvc-heading ult-adjust-bottom-margin ultimate-heading-591569ea4661f0c14 uvc-2640\" data-hspacer=\"no_spacer\"  data-halign=\"center\" style=\"text-align:center\"><div class=\"uvc-heading-spacer no_spacer\" style=\"top\"><\/div><div class=\"uvc-main-heading ult-responsive\"  data-ultimate-target='.uvc-heading.ultimate-heading-591569ea4661f0c14 h4'  data-responsive-json-new='{\"font-size\":\"\",\"line-height\":\"\"}' ><h4 style=\"font-weight:normal;\">keep it wild<\/h4><\/div><\/div><div id=\"ultimate-heading-166669ea4661f0c4c\" class=\"uvc-heading ult-adjust-bottom-margin ultimate-heading-166669ea4661f0c4c uvc-9109\" data-hspacer=\"no_spacer\"  data-halign=\"center\" style=\"text-align:center\"><div class=\"uvc-heading-spacer no_spacer\" style=\"top\"><\/div><div class=\"uvc-main-heading ult-responsive\"  data-ultimate-target='.uvc-heading.ultimate-heading-166669ea4661f0c4c h2'  data-responsive-json-new='{\"font-size\":\"\",\"line-height\":\"\"}' ><h2 style=\"font-weight:normal;\">A paradise in the Pacific<\/h2><\/div><\/div><\/div><\/div><\/div><\/div><\/div><div      class=\"vc_row wpb_row section vc_row-fluid vc_inner\" style=' text-align:left;'><div class=\"full_section_inner clearfix\"><div class=\"wpb_column vc_column_container vc_col-sm-8 vc_col-lg-offset-2 vc_col-md-offset-2 vc_col-sm-offset-2\"><div class=\"vc_column-inner\"><div class=\"wpb_wrapper\">\n\t<div class=\"wpb_text_column wpb_content_element\">\n\t\t<div class=\"wpb_wrapper\">\n\t\t\t<p style=\"text-align: center;\">Declared UNESCO World Biosphere Reserve in 1977, the Archipelago of Juan Fern\u00e1ndez stands out for its untamed nature and high levels of endemism both on land and at sea. Nature is the absolute protagonist and all activities revolve around the enormous ecological wealth of the place.<\/p>\n\n\t\t<\/div> \n\t<\/div> <\/div><\/div><\/div><\/div><\/div><\/div><\/div><\/div><\/div><\/div><div id=\"home-4b\"     class=\"vc_row wpb_row section vc_row-fluid\" style=' text-align:center;'><div class=\"full_section_inner clearfix\"><div class=\"wpb_column vc_column_container vc_col-sm-12\"><div class=\"vc_column-inner\"><div class=\"wpb_wrapper\"><div      class=\"vc_row wpb_row section vc_row-fluid vc_inner  grid_section\" style=' text-align:center;'><div class=\"section_inner clearfix\"><div class='section_inner_margin clearfix'><div class=\"wpb_column vc_column_container vc_col-sm-3\"><div class=\"vc_column-inner\"><div class=\"wpb_wrapper\">\n\t<div class=\"wpb_single_image wpb_content_element vc_align_center\">\n\t\t<div class=\"wpb_wrapper\">\n\t\t\t\n\t\t\t<div class=\"vc_single_image-wrapper   vc_box_border_grey\"><img loading=\"lazy\" decoding=\"async\" width=\"57\" height=\"86\" src=\"https:\/\/discoverjuanfernandez.com\/wp-content\/uploads\/2022\/06\/Group-172.png\" class=\"vc_single_image-img attachment-full\" alt=\"\" title=\"Group 172\" \/><\/div>\n\t\t<\/div>\n\t<\/div>\n\n\t<div class=\"wpb_text_column wpb_content_element\">\n\t\t<div class=\"wpb_wrapper\">\n\t\t\t<h3 style=\"text-align: center;\" class=\"translation-block\">juan fern\u00e1ndez,<br>\nWILD DESTINATION<\/h3>\n\n\t\t<\/div> \n\t<\/div> \n\n\t<a href=\"https:\/\/discoverjuanfernandez.com\/eng\/atractivos\/\" target=\"_self\"  class=\"qode-btn qode-btn-medium qode-btn-solid boton-transparente qode-btn-default-hover\"  >\n\t    <span class=\"qode-btn-text\">SEE MORE<\/span>\t<\/a>\n\n<\/div><\/div><\/div><div class=\"wpb_column vc_column_container vc_col-sm-3\"><div class=\"vc_column-inner\"><div class=\"wpb_wrapper\">\n\t<div class=\"wpb_single_image wpb_content_element vc_align_center\">\n\t\t<div class=\"wpb_wrapper\">\n\t\t\t\n\t\t\t<div class=\"vc_single_image-wrapper   vc_box_border_grey\"><img loading=\"lazy\" decoding=\"async\" width=\"44\" height=\"86\" src=\"https:\/\/discoverjuanfernandez.com\/wp-content\/uploads\/2022\/06\/Group-69.png\" class=\"vc_single_image-img attachment-full\" alt=\"\" title=\"Group 69\" \/><\/div>\n\t\t<\/div>\n\t<\/div>\n\n\t<div class=\"wpb_text_column wpb_content_element\">\n\t\t<div class=\"wpb_wrapper\">\n\t\t\t<h3 style=\"text-align: center;\" class=\"translation-block\">UNIQUE <br>  BIODIVERSITY<\/h3>\n\n\t\t<\/div> \n\t<\/div> \n\n\t<a href=\"https:\/\/discoverjuanfernandez.com\/eng\/reserva-de-la-biosfera\/\" target=\"_self\"  class=\"qode-btn qode-btn-medium qode-btn-solid boton-transparente qode-btn-default-hover\"  >\n\t    <span class=\"qode-btn-text\">SEE MORE<\/span>\t<\/a>\n\n<\/div><\/div><\/div><div class=\"wpb_column vc_column_container vc_col-sm-3\"><div class=\"vc_column-inner\"><div class=\"wpb_wrapper\">\n\t<div class=\"wpb_single_image wpb_content_element vc_align_center\">\n\t\t<div class=\"wpb_wrapper\">\n\t\t\t\n\t\t\t<div class=\"vc_single_image-wrapper   vc_box_border_grey\"><img loading=\"lazy\" decoding=\"async\" width=\"50\" height=\"86\" src=\"https:\/\/discoverjuanfernandez.com\/wp-content\/uploads\/2022\/06\/Group-170.png\" class=\"vc_single_image-img attachment-full\" alt=\"\" title=\"Group 170\" \/><\/div>\n\t\t<\/div>\n\t<\/div>\n\n\t<div class=\"wpb_text_column wpb_content_element\">\n\t\t<div class=\"wpb_wrapper\">\n\t\t\t<h3 style=\"text-align: center;\" class=\"translation-block\">PIONEERS OF <br> MARINE CONSERVATION<\/h3>\n\n\t\t<\/div> \n\t<\/div> \n\n\t<a href=\"https:\/\/discoverjuanfernandez.com\/eng\/areas-marinas-protegidas\/\" target=\"_self\"  class=\"qode-btn qode-btn-medium qode-btn-solid boton-transparente qode-btn-default-hover\"  >\n\t    <span class=\"qode-btn-text\">SEE MORE<\/span>\t<\/a>\n\n<\/div><\/div><\/div><div class=\"wpb_column vc_column_container vc_col-sm-3\"><div class=\"vc_column-inner\"><div class=\"wpb_wrapper\">\n\t<div class=\"wpb_single_image wpb_content_element vc_align_center\">\n\t\t<div class=\"wpb_wrapper\">\n\t\t\t\n\t\t\t<div class=\"vc_single_image-wrapper   vc_box_border_grey\"><img loading=\"lazy\" decoding=\"async\" width=\"51\" height=\"86\" src=\"https:\/\/discoverjuanfernandez.com\/wp-content\/uploads\/2022\/06\/Group-171.png\" class=\"vc_single_image-img attachment-full\" alt=\"\" title=\"Group 171\" \/><\/div>\n\t\t<\/div>\n\t<\/div>\n\n\t<div class=\"wpb_text_column wpb_content_element\">\n\t\t<div class=\"wpb_wrapper\">\n\t\t\t<h3 style=\"text-align: center;\" class=\"translation-block\">ISLAND CULTURE, <br> LOCAL PRIDE<\/h3>\n\n\t\t<\/div> \n\t<\/div> \n\n\t<a href=\"https:\/\/discoverjuanfernandez.com\/eng\/nuestra-gente\/\" target=\"_self\"  class=\"qode-btn qode-btn-medium qode-btn-solid boton-transparente qode-btn-default-hover\"  >\n\t    <span class=\"qode-btn-text\">SEE MORE<\/span>\t<\/a>\n\n<\/div><\/div><\/div><\/div><\/div><\/div><\/div><\/div><\/div><\/div><\/div><section id=\"home-5\"     data-speed=\"1\" class=\"parallax_section_holder   qode_full_screen_height_parallax\" style = \" height:px; background-image:url('https:\/\/discoverjuanfernandez.com\/wp-content\/uploads\/2022\/06\/DJI_0029-2x.jpg');\"><div class=\"parallax_content_full_width center\" ><div class='parallax_section_inner_margin clearfix'><div class=\"wpb_column vc_column_container vc_col-sm-12\"><div class=\"vc_column-inner\"><div class=\"wpb_wrapper\"><\/div><\/div><\/div><\/div><\/div><\/section><div      class=\"vc_row wpb_row section vc_row-fluid\" style=' text-align:center;'><div class=\"full_section_inner clearfix\"><div class=\"wpb_column vc_column_container vc_col-sm-12\"><div class=\"vc_column-inner\"><div class=\"wpb_wrapper\"><div class=\"qode_video_box disabled_hover_overlay\">\n\t<a itemprop=\"image\" class=\"qode_video_image\" href=\"https:\/\/vimeo.com\/726312633\" data-rel=\"prettyPhoto\">\n\t\t\t\n\t\t\t<img decoding=\"async\" src=\"https:\/\/discoverjuanfernandez.com\/wp-content\/uploads\/2022\/06\/Selkirk_UW-336-4-scaled.jpg\" \/>\n\t\t\t<span class=\"qode_video_box_button_holder\">\n\t\t\t\t<span class=\"qode_video_box_button\">\n\t\t\t\t\t<span class=\"qode_video_box_button_arrow\">\n\t\t\t\t\t<\/span>\n\t\t\t\t<\/span>\n\t\t\t<\/span>\n\t\t\t<\/a>\n<\/div><\/div><\/div><\/div><\/div><\/div>\n<\/div>","protected":false},"excerpt":{"rendered":"EXPLORA Y DESCUBRE juan fern\u00e1ndez e islas desventuradas Creemos en una vida en equilibrio con la naturaleza. Ven y descubre c\u00f3mo lo hacemos A\u00f1os antes de que la sustentabilidad se convirtiera en una preocupaci\u00f3n mundial, los habitantes de Juan Fern\u00e1ndez la hicieron un estilo de...","protected":false},"author":1,"featured_media":0,"parent":0,"menu_order":0,"comment_status":"closed","ping_status":"closed","template":"full_width.php","meta":{"nf_dc_page":"","footnotes":""},"class_list":["post-14959","page","type-page","status-publish","hentry"],"yoast_head":"<!-- This site is optimized with the Yoast SEO plugin v26.9 - https:\/\/yoast.com\/product\/yoast-seo-wordpress\/ -->\n<title>Archipi\u00e9lago Juan Fern\u00e1ndez e islas desventuradas<\/title>\n<meta name=\"description\" content=\"Explora y descubre la riqueza del archipi\u00e9lago Juan Fern\u00e1ndez e Islas Desventuradas, su biodiversidad \u00fanica y su modelo de vida en equilibrio con la naturaleza.\" \/>\n<meta name=\"robots\" content=\"index, follow, max-snippet:-1, max-image-preview:large, max-video-preview:-1\" \/>\n<link rel=\"canonical\" href=\"https:\/\/discoverjuanfernandez.com\/eng\/\" \/>\n<meta property=\"og:locale\" content=\"en_US\" \/>\n<meta property=\"og:type\" content=\"article\" \/>\n<meta property=\"og:title\" content=\"Archipi\u00e9lago Juan Fern\u00e1ndez e islas desventuradas\" \/>\n<meta property=\"og:description\" content=\"Explora y descubre la riqueza del archipi\u00e9lago Juan Fern\u00e1ndez e Islas Desventuradas, su biodiversidad \u00fanica y su modelo de vida en equilibrio con la naturaleza.\" \/>\n<meta property=\"og:url\" content=\"https:\/\/discoverjuanfernandez.com\/eng\/\" \/>\n<meta property=\"og:site_name\" content=\"Archipi\u00e9lago Juan Fern\u00e1ndez\" \/>\n<meta property=\"article:modified_time\" content=\"2022-12-09T22:32:16+00:00\" \/>\n<meta name=\"twitter:card\" content=\"summary_large_image\" \/>\n<meta name=\"twitter:label1\" content=\"Est. reading time\" \/>\n\t<meta name=\"twitter:data1\" content=\"2 minutes\" \/>\n<script type=\"application\/ld+json\" class=\"yoast-schema-graph\">{\"@context\":\"https:\/\/schema.org\",\"@graph\":[{\"@type\":\"WebPage\",\"@id\":\"https:\/\/discoverjuanfernandez.com\/\",\"url\":\"https:\/\/discoverjuanfernandez.com\/\",\"name\":\"Archipi\u00e9lago Juan Fern\u00e1ndez e islas desventuradas\",\"isPartOf\":{\"@id\":\"https:\/\/discoverjuanfernandez.com\/#website\"},\"datePublished\":\"2022-05-26T01:23:17+00:00\",\"dateModified\":\"2022-12-09T22:32:16+00:00\",\"description\":\"Explora y descubre la riqueza del archipi\u00e9lago Juan Fern\u00e1ndez e Islas Desventuradas, su biodiversidad \u00fanica y su modelo de vida en equilibrio con la naturaleza.\",\"breadcrumb\":{\"@id\":\"https:\/\/discoverjuanfernandez.com\/#breadcrumb\"},\"inLanguage\":\"en-US\",\"potentialAction\":[{\"@type\":\"ReadAction\",\"target\":[\"https:\/\/discoverjuanfernandez.com\/\"]}]},{\"@type\":\"BreadcrumbList\",\"@id\":\"https:\/\/discoverjuanfernandez.com\/#breadcrumb\",\"itemListElement\":[{\"@type\":\"ListItem\",\"position\":1,\"name\":\"Portada\",\"item\":\"https:\/\/discoverjuanfernandez.com\/\"},{\"@type\":\"ListItem\",\"position\":2,\"name\":\"Archipi\u00e9lago Juan Fernandez\"}]},{\"@type\":\"WebSite\",\"@id\":\"https:\/\/discoverjuanfernandez.com\/#website\",\"url\":\"https:\/\/discoverjuanfernandez.com\/\",\"name\":\"Archipi\u00e9lago Juan Fern\u00e1ndez\",\"description\":\"e islas desventuradas\",\"publisher\":{\"@id\":\"https:\/\/discoverjuanfernandez.com\/#organization\"},\"potentialAction\":[{\"@type\":\"SearchAction\",\"target\":{\"@type\":\"EntryPoint\",\"urlTemplate\":\"https:\/\/discoverjuanfernandez.com\/?s={search_term_string}\"},\"query-input\":{\"@type\":\"PropertyValueSpecification\",\"valueRequired\":true,\"valueName\":\"search_term_string\"}}],\"inLanguage\":\"en-US\"},{\"@type\":\"Organization\",\"@id\":\"https:\/\/discoverjuanfernandez.com\/#organization\",\"name\":\"Archipi\u00e9lago Juan Fern\u00e1ndez\",\"url\":\"https:\/\/discoverjuanfernandez.com\/\",\"logo\":{\"@type\":\"ImageObject\",\"inLanguage\":\"en-US\",\"@id\":\"https:\/\/discoverjuanfernandez.com\/#\/schema\/logo\/image\/\",\"url\":\"https:\/\/discoverjuanfernandez.com\/wp-content\/uploads\/2022\/05\/logo.new_.png\",\"contentUrl\":\"https:\/\/discoverjuanfernandez.com\/wp-content\/uploads\/2022\/05\/logo.new_.png\",\"width\":138,\"height\":140,\"caption\":\"Archipi\u00e9lago Juan Fern\u00e1ndez\"},\"image\":{\"@id\":\"https:\/\/discoverjuanfernandez.com\/#\/schema\/logo\/image\/\"}}]}<\/script>\n<!-- \/ Yoast SEO plugin. -->","yoast_head_json":{"title":"Archipi\u00e9lago Juan Fern\u00e1ndez e islas desventuradas","description":"Explora y descubre la riqueza del archipi\u00e9lago Juan Fern\u00e1ndez e Islas Desventuradas, su biodiversidad \u00fanica y su modelo de vida en equilibrio con la naturaleza.","robots":{"index":"index","follow":"follow","max-snippet":"max-snippet:-1","max-image-preview":"max-image-preview:large","max-video-preview":"max-video-preview:-1"},"canonical":"https:\/\/discoverjuanfernandez.com\/eng\/","og_locale":"en_US","og_type":"article","og_title":"Archipi\u00e9lago Juan Fern\u00e1ndez e islas desventuradas","og_description":"Explora y descubre la riqueza del archipi\u00e9lago Juan Fern\u00e1ndez e Islas Desventuradas, su biodiversidad \u00fanica y su modelo de vida en equilibrio con la naturaleza.","og_url":"https:\/\/discoverjuanfernandez.com\/eng\/","og_site_name":"Archipi\u00e9lago Juan Fern\u00e1ndez","article_modified_time":"2022-12-09T22:32:16+00:00","twitter_card":"summary_large_image","twitter_misc":{"Est. reading time":"2 minutes"},"schema":{"@context":"https:\/\/schema.org","@graph":[{"@type":"WebPage","@id":"https:\/\/discoverjuanfernandez.com\/","url":"https:\/\/discoverjuanfernandez.com\/","name":"Archipi\u00e9lago Juan Fern\u00e1ndez e islas desventuradas","isPartOf":{"@id":"https:\/\/discoverjuanfernandez.com\/#website"},"datePublished":"2022-05-26T01:23:17+00:00","dateModified":"2022-12-09T22:32:16+00:00","description":"Explora y descubre la riqueza del archipi\u00e9lago Juan Fern\u00e1ndez e Islas Desventuradas, su biodiversidad \u00fanica y su modelo de vida en equilibrio con la naturaleza.","breadcrumb":{"@id":"https:\/\/discoverjuanfernandez.com\/#breadcrumb"},"inLanguage":"en-US","potentialAction":[{"@type":"ReadAction","target":["https:\/\/discoverjuanfernandez.com\/"]}]},{"@type":"BreadcrumbList","@id":"https:\/\/discoverjuanfernandez.com\/#breadcrumb","itemListElement":[{"@type":"ListItem","position":1,"name":"Portada","item":"https:\/\/discoverjuanfernandez.com\/"},{"@type":"ListItem","position":2,"name":"Archipi\u00e9lago Juan Fernandez"}]},{"@type":"WebSite","@id":"https:\/\/discoverjuanfernandez.com\/#website","url":"https:\/\/discoverjuanfernandez.com\/","name":"Archipi\u00e9lago Juan Fern\u00e1ndez","description":"e islas desventuradas","publisher":{"@id":"https:\/\/discoverjuanfernandez.com\/#organization"},"potentialAction":[{"@type":"SearchAction","target":{"@type":"EntryPoint","urlTemplate":"https:\/\/discoverjuanfernandez.com\/?s={search_term_string}"},"query-input":{"@type":"PropertyValueSpecification","valueRequired":true,"valueName":"search_term_string"}}],"inLanguage":"en-US"},{"@type":"Organization","@id":"https:\/\/discoverjuanfernandez.com\/#organization","name":"Archipi\u00e9lago Juan Fern\u00e1ndez","url":"https:\/\/discoverjuanfernandez.com\/","logo":{"@type":"ImageObject","inLanguage":"en-US","@id":"https:\/\/discoverjuanfernandez.com\/#\/schema\/logo\/image\/","url":"https:\/\/discoverjuanfernandez.com\/wp-content\/uploads\/2022\/05\/logo.new_.png","contentUrl":"https:\/\/discoverjuanfernandez.com\/wp-content\/uploads\/2022\/05\/logo.new_.png","width":138,"height":140,"caption":"Archipi\u00e9lago Juan Fern\u00e1ndez"},"image":{"@id":"https:\/\/discoverjuanfernandez.com\/#\/schema\/logo\/image\/"}}]}},"_links":{"self":[{"href":"https:\/\/discoverjuanfernandez.com\/eng\/wp-json\/wp\/v2\/pages\/14959","targetHints":{"allow":["GET"]}}],"collection":[{"href":"https:\/\/discoverjuanfernandez.com\/eng\/wp-json\/wp\/v2\/pages"}],"about":[{"href":"https:\/\/discoverjuanfernandez.com\/eng\/wp-json\/wp\/v2\/types\/page"}],"author":[{"embeddable":true,"href":"https:\/\/discoverjuanfernandez.com\/eng\/wp-json\/wp\/v2\/users\/1"}],"replies":[{"embeddable":true,"href":"https:\/\/discoverjuanfernandez.com\/eng\/wp-json\/wp\/v2\/comments?post=14959"}],"version-history":[{"count":7,"href":"https:\/\/discoverjuanfernandez.com\/eng\/wp-json\/wp\/v2\/pages\/14959\/revisions"}],"predecessor-version":[{"id":17506,"href":"https:\/\/discoverjuanfernandez.com\/eng\/wp-json\/wp\/v2\/pages\/14959\/revisions\/17506"}],"wp:attachment":[{"href":"https:\/\/discoverjuanfernandez.com\/eng\/wp-json\/wp\/v2\/media?parent=14959"}],"curies":[{"name":"wp","href":"https:\/\/api.w.org\/{rel}","templated":true}]}}