{"id":15695,"date":"2022-06-08T16:12:23","date_gmt":"2022-06-08T20:12:23","guid":{"rendered":"https:\/\/discoverjuanfernandez.com\/?page_id=15695"},"modified":"2022-12-17T19:55:06","modified_gmt":"2022-12-17T22:55:06","slug":"operadores-turisticos","status":"publish","type":"page","link":"https:\/\/discoverjuanfernandez.com\/eng\/operadores-turisticos\/","title":{"rendered":"TOUR OPERATORS"},"content":{"rendered":"<div class=\"wpb-content-wrapper\"><div id=\"margen-pagina\"     class=\"vc_row wpb_row section vc_row-fluid  ot grid_section\" style=' text-align:left;'><div class=\"section_inner clearfix\"><div class='section_inner_margin clearfix'><div class=\"wpb_column vc_column_container vc_col-sm-12\"><div class=\"vc_column-inner\"><div class=\"wpb_wrapper\"><div      class=\"vc_row wpb_row section vc_row-fluid vc_inner\" style=' text-align:left;'><div class=\"full_section_inner clearfix\"><div class=\"wpb_column vc_column_container vc_col-sm-12\"><div class=\"vc_column-inner\"><div class=\"wpb_wrapper\">\n\t<div class=\"wpb_text_column wpb_content_element\">\n\t\t<div class=\"wpb_wrapper\">\n\t\t\t<h2 style=\"text-align: left;\">Travel Agencies<\/h2>\n\n\t\t<\/div> \n\t<\/div> <\/div><\/div><\/div><\/div><\/div><div      class=\"vc_row wpb_row section vc_row-fluid vc_inner\" style=' text-align:left;'><div class=\"full_section_inner clearfix\"><div class=\"wpb_column vc_column_container vc_col-sm-3\"><div class=\"vc_column-inner\"><div class=\"wpb_wrapper\">\n\t<div class=\"wpb_text_column wpb_content_element\">\n\t\t<div class=\"wpb_wrapper\">\n\t\t\t<p><strong>Cabalgatas Tierra M\u00e1gica<\/strong><\/p>\n<ul>\n<li>Francisco Balbontin<\/li>\n<li>cabalgatastierramagica@gmail.com<\/li>\n<li>+569 7626 5626<\/li>\n<li>&#8211;<\/li>\n<\/ul>\n<p><strong>Refugio N\u00e1utico Lodge<\/strong><\/p>\n<ul>\n<li>Marcelo Rossi<\/li>\n<li>refugionautico@gmail.com<\/li>\n<li>+569 7483 5014<\/li>\n<li><a href=\"http:\/\/www.islarobinsoncrusoe.cl\" target=\"_blank\" rel=\"noopener\">www.islarobinsoncrusoe.cl<\/a><\/li>\n<\/ul>\n\n\t\t<\/div> \n\t<\/div> <\/div><\/div><\/div><div class=\"wpb_column vc_column_container vc_col-sm-3\"><div class=\"vc_column-inner\"><div class=\"wpb_wrapper\">\n\t<div class=\"wpb_text_column wpb_content_element\">\n\t\t<div class=\"wpb_wrapper\">\n\t\t\t<p><strong>Colonos de Juan Fern\u00e1ndez<\/strong><\/p>\n<ul>\n<li>Rosa Mar\u00eda Recabarren<\/li>\n<li>yunquea@hotmail.com<\/li>\n<li>+569 971617106<\/li>\n<li>IG @turismo_colonosdejuanfdez<\/li>\n<\/ul>\n<p><strong>Rutas Archipi\u00e9lago JF<\/strong><\/p>\n<ul>\n<li>Grisel Recabarren<\/li>\n<li>nereidadelsur@hotmail.com<\/li>\n<li>+569 8575 4209<\/li>\n<li>IG @rutasarchipielago<\/li>\n<\/ul>\n\n\t\t<\/div> \n\t<\/div> <\/div><\/div><\/div><div class=\"wpb_column vc_column_container vc_col-sm-3\"><div class=\"vc_column-inner\"><div class=\"wpb_wrapper\">\n\t<div class=\"wpb_text_column wpb_content_element\">\n\t\t<div class=\"wpb_wrapper\">\n\t\t\t<p><strong>Isla Pacifico Ecolodge<\/strong><\/p>\n<ul>\n<li>Guillermo Mart\u00ednez<\/li>\n<li>info@islapacifico.com<\/li>\n<li>+569 9537 6594<\/li>\n<li><a href=\"http:\/\/www.islapacifico.com\" target=\"_blank\" rel=\"noopener\">www.islapacifico.com<\/a><\/li>\n<\/ul>\n\n\t\t<\/div> \n\t<\/div> <\/div><\/div><\/div><div class=\"wpb_column vc_column_container vc_col-sm-3\"><div class=\"vc_column-inner\"><div class=\"wpb_wrapper\">\n\t<div class=\"wpb_text_column wpb_content_element\">\n\t\t<div class=\"wpb_wrapper\">\n\t\t\t<p><strong>La Robinson Oceanic<\/strong><\/p>\n<ul>\n<li>Rudy Aravena<\/li>\n<li>rita@lro.cl<\/li>\n<li>+569 9343 5049<\/li>\n<li><a href=\"http:\/\/www.lro.cl\" target=\"_blank\" rel=\"noopener\">www.lro.cl<\/a><\/li>\n<\/ul>\n\n\t\t<\/div> \n\t<\/div> <\/div><\/div><\/div><\/div><\/div><\/div><\/div><\/div><\/div><\/div><\/div><div      class=\"vc_row wpb_row section vc_row-fluid  ot grid_section\" style=' text-align:left;'><div class=\"section_inner clearfix\"><div class='section_inner_margin clearfix'><div class=\"wpb_column vc_column_container vc_col-sm-12\"><div class=\"vc_column-inner\"><div class=\"wpb_wrapper\"><div      class=\"vc_row wpb_row section vc_row-fluid vc_inner\" style=' text-align:left;'><div class=\"full_section_inner clearfix\"><div class=\"wpb_column vc_column_container vc_col-sm-12\"><div class=\"vc_column-inner\"><div class=\"wpb_wrapper\">\n\t<div class=\"wpb_text_column wpb_content_element\">\n\t\t<div class=\"wpb_wrapper\">\n\t\t\t<h2 style=\"text-align: left;\">Diving centers<\/h2>\n\n\t\t<\/div> \n\t<\/div> <\/div><\/div><\/div><\/div><\/div><div      class=\"vc_row wpb_row section vc_row-fluid vc_inner\" style=' text-align:left;'><div class=\"full_section_inner clearfix\"><div class=\"wpb_column vc_column_container vc_col-sm-6 vc_col-lg-3 vc_col-md-4\"><div class=\"vc_column-inner\"><div class=\"wpb_wrapper\">\n\t<div class=\"wpb_text_column wpb_content_element\">\n\t\t<div class=\"wpb_wrapper\">\n\t\t\t<p><strong>Archipi\u00e9lago Expediciones<\/strong><\/p>\n<ul>\n<li>Lene Spaarwater<\/li>\n<li>&#8211;<\/li>\n<li>+569 9465 5793<\/li>\n<li><a href=\"http:\/\/www.archipielagoexpediciones.cl\" target=\"_blank\" rel=\"noopener\">www.archipielagoexpediciones.cl<\/a><\/li>\n<\/ul>\n\n\t\t<\/div> \n\t<\/div> <\/div><\/div><\/div><div class=\"wpb_column vc_column_container vc_col-sm-6 vc_col-lg-3 vc_col-md-4\"><div class=\"vc_column-inner\"><div class=\"wpb_wrapper\">\n\t<div class=\"wpb_text_column wpb_content_element\">\n\t\t<div class=\"wpb_wrapper\">\n\t\t\t<p><strong>Marenostrum Expediciones<\/strong><\/p>\n<ul>\n<li>Germ\u00e1n Recabarren<\/li>\n<li>info@marenostrumexpediciones.cl<\/li>\n<li>+569 8780 1047<\/li>\n<li><a href=\"http:\/\/www.marenostrumexpediciones.cl\" target=\"_blank\" rel=\"noopener\">www.marenostrumexpediciones.cl<\/a><\/li>\n<\/ul>\n\n\t\t<\/div> \n\t<\/div> <\/div><\/div><\/div><div class=\"wpb_column vc_column_container vc_col-sm-6 vc_col-lg-3 vc_col-md-4\"><div class=\"vc_column-inner\"><div class=\"wpb_wrapper\">\n\t<div class=\"wpb_text_column wpb_content_element\">\n\t\t<div class=\"wpb_wrapper\">\n\t\t\t<p><strong>Mola Mola<\/strong><\/p>\n<ul>\n<li>Marcelo Rossi<\/li>\n<li>refugionautico@gmail.com<\/li>\n<li>+569 9873 9897<\/li>\n<li><a href=\"http:\/\/www.islarobinsoncrusoe.cl\" target=\"_blank\" rel=\"noopener\">www.islarobinsoncrusoe.cl<\/a><\/li>\n<\/ul>\n\n\t\t<\/div> \n\t<\/div> <\/div><\/div><\/div><div class=\"wpb_column vc_column_container vc_col-sm-6 vc_col-lg-3 vc_col-md-4\"><div class=\"vc_column-inner\"><div class=\"wpb_wrapper\"><\/div><\/div><\/div><\/div><\/div><\/div><\/div><\/div><\/div><\/div><\/div><div      class=\"vc_row wpb_row section vc_row-fluid  ot grid_section\" style=' text-align:left;'><div class=\"section_inner clearfix\"><div class='section_inner_margin clearfix'><div class=\"wpb_column vc_column_container vc_col-sm-12\"><div class=\"vc_column-inner\"><div class=\"wpb_wrapper\"><div      class=\"vc_row wpb_row section vc_row-fluid vc_inner\" style=' text-align:left;'><div class=\"full_section_inner clearfix\"><div class=\"wpb_column vc_column_container vc_col-sm-12\"><div class=\"vc_column-inner\"><div class=\"wpb_wrapper\">\n\t<div class=\"wpb_text_column wpb_content_element\">\n\t\t<div class=\"wpb_wrapper\">\n\t\t\t<h2 style=\"text-align: left;\">Sport fishing<\/h2>\n\n\t\t<\/div> \n\t<\/div> <\/div><\/div><\/div><\/div><\/div><div      class=\"vc_row wpb_row section vc_row-fluid vc_inner\" style=' text-align:left;'><div class=\"full_section_inner clearfix\"><div class=\"wpb_column vc_column_container vc_col-sm-3\"><div class=\"vc_column-inner\"><div class=\"wpb_wrapper\">\n\t<div class=\"wpb_text_column wpb_content_element\">\n\t\t<div class=\"wpb_wrapper\">\n\t\t\t<p><strong>Isla Pacifico Ecolodge<\/strong><\/p>\n<ul>\n<li>Guillermo Mart\u00ednez<\/li>\n<li>info@islapacifico.com<\/li>\n<li>+569 9537 6594<\/li>\n<li><a href=\"http:\/\/www.islapacifico.com\" target=\"_blank\" rel=\"noopener\">www.islapacifico.com<\/a><\/li>\n<\/ul>\n<p><strong>Turismo Von Rodt<\/strong><\/p>\n<ul>\n<li>Kenneth Torres<\/li>\n<li>&#8211;<\/li>\n<li>+569 7142 6803<\/li>\n<li>IG @turismovonrodt<\/li>\n<\/ul>\n\n\t\t<\/div> \n\t<\/div> <\/div><\/div><\/div><div class=\"wpb_column vc_column_container vc_col-sm-3\"><div class=\"vc_column-inner\"><div class=\"wpb_wrapper\">\n\t<div class=\"wpb_text_column wpb_content_element\">\n\t\t<div class=\"wpb_wrapper\">\n\t\t\t<p><strong>Mar Vivo Expediciones<\/strong><\/p>\n<ul>\n<li>Guillermo Gonz\u00e1lez<\/li>\n<li>gdrodt@gmail.com<\/li>\n<li>+569 0119 909<\/li>\n<li>IG: @mar_vivo.expediciones<\/li>\n<\/ul>\n\n\t\t<\/div> \n\t<\/div> \n\t<div class=\"wpb_text_column wpb_content_element\">\n\t\t<div class=\"wpb_wrapper\">\n\t\t\t\n\t\t<\/div> \n\t<\/div> <\/div><\/div><\/div><div class=\"wpb_column vc_column_container vc_col-sm-3\"><div class=\"vc_column-inner\"><div class=\"wpb_wrapper\">\n\t<div class=\"wpb_text_column wpb_content_element\">\n\t\t<div class=\"wpb_wrapper\">\n\t\t\t<p><strong>Refugio N\u00e1utico<\/strong><\/p>\n<ul>\n<li>Marcelo Rossi<\/li>\n<li>refugionautico@gmail.com<\/li>\n<li>+569 9873 9897<\/li>\n<li><a href=\"http:\/\/www.islarobinsoncrusoe.cl\" target=\"_blank\" rel=\"noopener\">www.islarobinsoncrusoe.cl<\/a><\/li>\n<\/ul>\n\n\t\t<\/div> \n\t<\/div> <\/div><\/div><\/div><div class=\"wpb_column vc_column_container vc_col-sm-3\"><div class=\"vc_column-inner\"><div class=\"wpb_wrapper\">\n\t<div class=\"wpb_text_column wpb_content_element\">\n\t\t<div class=\"wpb_wrapper\">\n\t\t\t<p><strong>Selkirc<\/strong><\/p>\n<ul>\n<li>Marcos Araya<\/li>\n<li>&#8211;<\/li>\n<li>+569 9327 0647<\/li>\n<li>IG @selkirc_fishing<\/li>\n<\/ul>\n\n\t\t<\/div> \n\t<\/div> <\/div><\/div><\/div><\/div><\/div>\n\t<div class=\"wpb_text_column wpb_content_element\">\n\t\t<div class=\"wpb_wrapper\">\n\t\t\t<h2><\/h2>\n<h2 style=\"text-align: left;\">Ship Agency<\/h2>\n\n\t\t<\/div> \n\t<\/div> <div      class=\"vc_row wpb_row section vc_row-fluid vc_inner\" style=' text-align:left;'><div class=\"full_section_inner clearfix\"><div class=\"wpb_column vc_column_container vc_col-sm-6 vc_col-lg-3 vc_col-md-4\"><div class=\"vc_column-inner\"><div class=\"wpb_wrapper\">\n\t<div class=\"wpb_text_column wpb_content_element\">\n\t\t<div class=\"wpb_wrapper\">\n\t\t\t<p><strong>Mare Agencia de Nave<\/strong><\/p>\n<ul>\n<li>Marcelo Rossi<\/li>\n<li>mare@islarobinsoncrusoe.cl<\/li>\n<li>+56 9 7483 5014<\/li>\n<li>&#8211;<\/li>\n<\/ul>\n\n\t\t<\/div> \n\t<\/div> <\/div><\/div><\/div><div class=\"wpb_column vc_column_container vc_col-sm-6 vc_col-lg-3 vc_col-md-4\"><div class=\"vc_column-inner\"><div class=\"wpb_wrapper\"><\/div><\/div><\/div><div class=\"wpb_column vc_column_container vc_col-sm-6 vc_col-lg-3 vc_col-md-4\"><div class=\"vc_column-inner\"><div class=\"wpb_wrapper\"><\/div><\/div><\/div><div class=\"wpb_column vc_column_container vc_col-sm-6 vc_col-lg-3 vc_col-md-4\"><div class=\"vc_column-inner\"><div class=\"wpb_wrapper\"><\/div><\/div><\/div><\/div><\/div>\n\t<div class=\"wpb_text_column wpb_content_element\">\n\t\t<div class=\"wpb_wrapper\">\n\t\t\t<h2><\/h2>\n<h2 style=\"text-align: left;\">Handicrafts<\/h2>\n\n\t\t<\/div> \n\t<\/div> <div      class=\"vc_row wpb_row section vc_row-fluid vc_inner\" style=' text-align:left;'><div class=\"full_section_inner clearfix\"><div class=\"wpb_column vc_column_container vc_col-sm-6 vc_col-lg-3 vc_col-md-4\"><div class=\"vc_column-inner\"><div class=\"wpb_wrapper\">\n\t<div class=\"wpb_text_column wpb_content_element\">\n\t\t<div class=\"wpb_wrapper\">\n\t\t\t<p><strong>Brenda Coral<\/strong><\/p>\n<ul>\n<li>Brenda Gonz\u00e1lez<\/li>\n<li>&#8211;<\/li>\n<li>+56 9 42186980<\/li>\n<li>IG @brendacoral.__<\/li>\n<\/ul>\n\n\t\t<\/div> \n\t<\/div> <\/div><\/div><\/div><div class=\"wpb_column vc_column_container vc_col-sm-6 vc_col-lg-3 vc_col-md-4\"><div class=\"vc_column-inner\"><div class=\"wpb_wrapper\">\n\t<div class=\"wpb_text_column wpb_content_element\">\n\t\t<div class=\"wpb_wrapper\">\n\t\t\t<p><strong>Joya Mar Artesan\u00edas IRC<\/strong><\/p>\n<ul>\n<li>Rosa Mar\u00eda Recabarren<\/li>\n<li>yunquea@hotmail.com<\/li>\n<li>+569 971617106<\/li>\n<li>IG @joyamar_artesaniasirc<\/li>\n<\/ul>\n\n\t\t<\/div> \n\t<\/div> <\/div><\/div><\/div><div class=\"wpb_column vc_column_container vc_col-sm-6 vc_col-lg-3 vc_col-md-4\"><div class=\"vc_column-inner\"><div class=\"wpb_wrapper\">\n\t<div class=\"wpb_text_column wpb_content_element\">\n\t\t<div class=\"wpb_wrapper\">\n\t\t\t<p><strong>Nereida Coral Negro<\/strong><\/p>\n<ul>\n<li>Heidy Recabarren<\/li>\n<li>&#8211;<\/li>\n<li>+56 9 89798983<\/li>\n<li>IG @nereida.coralnegro<\/li>\n<\/ul>\n\n\t\t<\/div> \n\t<\/div> <\/div><\/div><\/div><div class=\"wpb_column vc_column_container vc_col-sm-6 vc_col-lg-3 vc_col-md-4\"><div class=\"vc_column-inner\"><div class=\"wpb_wrapper\"><\/div><\/div><\/div><\/div><\/div><\/div><\/div><\/div><\/div><\/div><\/div>\n<\/div>","protected":false},"excerpt":{"rendered":"Agencias de turismo Cabalgatas Tierra M\u00e1gica Francisco Balbontin cabalgatastierramagica@gmail.com +569 7626 5626 - Refugio N\u00e1utico Lodge Marcelo Rossi refugionautico@gmail.com +569 7483 5014 www.islarobinsoncrusoe.cl Colonos de Juan Fern\u00e1ndez Rosa Mar\u00eda Recabarren yunquea@hotmail.com +569 971617106 IG @turismo_colonosdejuanfdez Rutas Archipi\u00e9lago JF Grisel Recabarren nereidadelsur@hotmail.com +569 8575 4209 IG...","protected":false},"author":1,"featured_media":0,"parent":0,"menu_order":0,"comment_status":"closed","ping_status":"closed","template":"full_width.php","meta":{"nf_dc_page":"","footnotes":""},"class_list":["post-15695","page","type-page","status-publish","hentry"],"yoast_head":"<!-- This site is optimized with the Yoast SEO plugin v26.9 - https:\/\/yoast.com\/product\/yoast-seo-wordpress\/ -->\n<title>Operadores tur\u00edsticos - Archipi\u00e9lago Juan Fern\u00e1ndez<\/title>\n<meta name=\"robots\" content=\"index, follow, max-snippet:-1, max-image-preview:large, max-video-preview:-1\" \/>\n<link rel=\"canonical\" href=\"https:\/\/discoverjuanfernandez.com\/eng\/operadores-turisticos\/\" \/>\n<meta property=\"og:locale\" content=\"en_US\" \/>\n<meta property=\"og:type\" content=\"article\" \/>\n<meta property=\"og:title\" content=\"Operadores tur\u00edsticos - Archipi\u00e9lago Juan Fern\u00e1ndez\" \/>\n<meta property=\"og:url\" content=\"https:\/\/discoverjuanfernandez.com\/eng\/operadores-turisticos\/\" \/>\n<meta property=\"og:site_name\" content=\"Archipi\u00e9lago Juan Fern\u00e1ndez\" \/>\n<meta property=\"article:modified_time\" content=\"2022-12-17T22:55:06+00:00\" \/>\n<meta name=\"twitter:card\" content=\"summary_large_image\" \/>\n<meta name=\"twitter:label1\" content=\"Est. reading time\" \/>\n\t<meta name=\"twitter:data1\" content=\"2 minutes\" \/>\n<script type=\"application\/ld+json\" class=\"yoast-schema-graph\">{\"@context\":\"https:\/\/schema.org\",\"@graph\":[{\"@type\":\"WebPage\",\"@id\":\"https:\/\/discoverjuanfernandez.com\/operadores-turisticos\/\",\"url\":\"https:\/\/discoverjuanfernandez.com\/operadores-turisticos\/\",\"name\":\"Operadores tur\u00edsticos - Archipi\u00e9lago Juan Fern\u00e1ndez\",\"isPartOf\":{\"@id\":\"https:\/\/discoverjuanfernandez.com\/#website\"},\"datePublished\":\"2022-06-08T20:12:23+00:00\",\"dateModified\":\"2022-12-17T22:55:06+00:00\",\"breadcrumb\":{\"@id\":\"https:\/\/discoverjuanfernandez.com\/operadores-turisticos\/#breadcrumb\"},\"inLanguage\":\"en-US\",\"potentialAction\":[{\"@type\":\"ReadAction\",\"target\":[\"https:\/\/discoverjuanfernandez.com\/operadores-turisticos\/\"]}]},{\"@type\":\"BreadcrumbList\",\"@id\":\"https:\/\/discoverjuanfernandez.com\/operadores-turisticos\/#breadcrumb\",\"itemListElement\":[{\"@type\":\"ListItem\",\"position\":1,\"name\":\"Portada\",\"item\":\"https:\/\/discoverjuanfernandez.com\/\"},{\"@type\":\"ListItem\",\"position\":2,\"name\":\"Operadores tur\u00edsticos\"}]},{\"@type\":\"WebSite\",\"@id\":\"https:\/\/discoverjuanfernandez.com\/#website\",\"url\":\"https:\/\/discoverjuanfernandez.com\/\",\"name\":\"Archipi\u00e9lago Juan Fern\u00e1ndez\",\"description\":\"e islas desventuradas\",\"publisher\":{\"@id\":\"https:\/\/discoverjuanfernandez.com\/#organization\"},\"potentialAction\":[{\"@type\":\"SearchAction\",\"target\":{\"@type\":\"EntryPoint\",\"urlTemplate\":\"https:\/\/discoverjuanfernandez.com\/?s={search_term_string}\"},\"query-input\":{\"@type\":\"PropertyValueSpecification\",\"valueRequired\":true,\"valueName\":\"search_term_string\"}}],\"inLanguage\":\"en-US\"},{\"@type\":\"Organization\",\"@id\":\"https:\/\/discoverjuanfernandez.com\/#organization\",\"name\":\"Archipi\u00e9lago Juan Fern\u00e1ndez\",\"url\":\"https:\/\/discoverjuanfernandez.com\/\",\"logo\":{\"@type\":\"ImageObject\",\"inLanguage\":\"en-US\",\"@id\":\"https:\/\/discoverjuanfernandez.com\/#\/schema\/logo\/image\/\",\"url\":\"https:\/\/discoverjuanfernandez.com\/wp-content\/uploads\/2022\/05\/logo.new_.png\",\"contentUrl\":\"https:\/\/discoverjuanfernandez.com\/wp-content\/uploads\/2022\/05\/logo.new_.png\",\"width\":138,\"height\":140,\"caption\":\"Archipi\u00e9lago Juan Fern\u00e1ndez\"},\"image\":{\"@id\":\"https:\/\/discoverjuanfernandez.com\/#\/schema\/logo\/image\/\"}}]}<\/script>\n<!-- \/ Yoast SEO plugin. -->","yoast_head_json":{"title":"Operadores tur\u00edsticos - Archipi\u00e9lago Juan Fern\u00e1ndez","robots":{"index":"index","follow":"follow","max-snippet":"max-snippet:-1","max-image-preview":"max-image-preview:large","max-video-preview":"max-video-preview:-1"},"canonical":"https:\/\/discoverjuanfernandez.com\/eng\/operadores-turisticos\/","og_locale":"en_US","og_type":"article","og_title":"Operadores tur\u00edsticos - Archipi\u00e9lago Juan Fern\u00e1ndez","og_url":"https:\/\/discoverjuanfernandez.com\/eng\/operadores-turisticos\/","og_site_name":"Archipi\u00e9lago Juan Fern\u00e1ndez","article_modified_time":"2022-12-17T22:55:06+00:00","twitter_card":"summary_large_image","twitter_misc":{"Est. reading time":"2 minutes"},"schema":{"@context":"https:\/\/schema.org","@graph":[{"@type":"WebPage","@id":"https:\/\/discoverjuanfernandez.com\/operadores-turisticos\/","url":"https:\/\/discoverjuanfernandez.com\/operadores-turisticos\/","name":"Operadores tur\u00edsticos - Archipi\u00e9lago Juan Fern\u00e1ndez","isPartOf":{"@id":"https:\/\/discoverjuanfernandez.com\/#website"},"datePublished":"2022-06-08T20:12:23+00:00","dateModified":"2022-12-17T22:55:06+00:00","breadcrumb":{"@id":"https:\/\/discoverjuanfernandez.com\/operadores-turisticos\/#breadcrumb"},"inLanguage":"en-US","potentialAction":[{"@type":"ReadAction","target":["https:\/\/discoverjuanfernandez.com\/operadores-turisticos\/"]}]},{"@type":"BreadcrumbList","@id":"https:\/\/discoverjuanfernandez.com\/operadores-turisticos\/#breadcrumb","itemListElement":[{"@type":"ListItem","position":1,"name":"Portada","item":"https:\/\/discoverjuanfernandez.com\/"},{"@type":"ListItem","position":2,"name":"Operadores tur\u00edsticos"}]},{"@type":"WebSite","@id":"https:\/\/discoverjuanfernandez.com\/#website","url":"https:\/\/discoverjuanfernandez.com\/","name":"Archipi\u00e9lago Juan Fern\u00e1ndez","description":"e islas desventuradas","publisher":{"@id":"https:\/\/discoverjuanfernandez.com\/#organization"},"potentialAction":[{"@type":"SearchAction","target":{"@type":"EntryPoint","urlTemplate":"https:\/\/discoverjuanfernandez.com\/?s={search_term_string}"},"query-input":{"@type":"PropertyValueSpecification","valueRequired":true,"valueName":"search_term_string"}}],"inLanguage":"en-US"},{"@type":"Organization","@id":"https:\/\/discoverjuanfernandez.com\/#organization","name":"Archipi\u00e9lago Juan Fern\u00e1ndez","url":"https:\/\/discoverjuanfernandez.com\/","logo":{"@type":"ImageObject","inLanguage":"en-US","@id":"https:\/\/discoverjuanfernandez.com\/#\/schema\/logo\/image\/","url":"https:\/\/discoverjuanfernandez.com\/wp-content\/uploads\/2022\/05\/logo.new_.png","contentUrl":"https:\/\/discoverjuanfernandez.com\/wp-content\/uploads\/2022\/05\/logo.new_.png","width":138,"height":140,"caption":"Archipi\u00e9lago Juan Fern\u00e1ndez"},"image":{"@id":"https:\/\/discoverjuanfernandez.com\/#\/schema\/logo\/image\/"}}]}},"_links":{"self":[{"href":"https:\/\/discoverjuanfernandez.com\/eng\/wp-json\/wp\/v2\/pages\/15695","targetHints":{"allow":["GET"]}}],"collection":[{"href":"https:\/\/discoverjuanfernandez.com\/eng\/wp-json\/wp\/v2\/pages"}],"about":[{"href":"https:\/\/discoverjuanfernandez.com\/eng\/wp-json\/wp\/v2\/types\/page"}],"author":[{"embeddable":true,"href":"https:\/\/discoverjuanfernandez.com\/eng\/wp-json\/wp\/v2\/users\/1"}],"replies":[{"embeddable":true,"href":"https:\/\/discoverjuanfernandez.com\/eng\/wp-json\/wp\/v2\/comments?post=15695"}],"version-history":[{"count":6,"href":"https:\/\/discoverjuanfernandez.com\/eng\/wp-json\/wp\/v2\/pages\/15695\/revisions"}],"predecessor-version":[{"id":17503,"href":"https:\/\/discoverjuanfernandez.com\/eng\/wp-json\/wp\/v2\/pages\/15695\/revisions\/17503"}],"wp:attachment":[{"href":"https:\/\/discoverjuanfernandez.com\/eng\/wp-json\/wp\/v2\/media?parent=15695"}],"curies":[{"name":"wp","href":"https:\/\/api.w.org\/{rel}","templated":true}]}}