{"id":15872,"date":"2022-06-11T09:45:10","date_gmt":"2022-06-11T13:45:10","guid":{"rendered":"https:\/\/discoverjuanfernandez.com\/?page_id=15872"},"modified":"2022-07-12T17:06:47","modified_gmt":"2022-07-12T21:06:47","slug":"atractivos","status":"publish","type":"page","link":"https:\/\/discoverjuanfernandez.com\/eng\/atractivos\/","title":{"rendered":"ATTRACTIONS"},"content":{"rendered":"<div class=\"wpb-content-wrapper\"><div id=\"mapa\"     class=\"vc_row wpb_row section vc_row-fluid\" style=' text-align:center;'><div class=\"full_section_inner clearfix\"><div class=\"wpb_column vc_column_container vc_col-sm-12\"><div class=\"vc_column-inner\"><div class=\"wpb_wrapper\"><div      class=\"vc_row wpb_row section vc_row-fluid vc_inner  tit-atractivos\" style=' text-align:left;'><div class=\"full_section_inner clearfix\"><div class=\"wpb_column vc_column_container vc_col-sm-12\"><div class=\"vc_column-inner\"><div class=\"wpb_wrapper\">\n\t<div class=\"wpb_text_column wpb_content_element\">\n\t\t<div class=\"wpb_wrapper\">\n\t\t\t<h4 style=\"text-align: center;\">Juan Fern\u00e1ndez &amp; Desventuradas Islands<\/h4>\n\n\t\t<\/div> \n\t<\/div> <div id=\"ultimate-heading-33136a0268cf65af9\" class=\"uvc-heading ult-adjust-bottom-margin ultimate-heading-33136a0268cf65af9 uvc-7507\" data-hspacer=\"no_spacer\"  data-halign=\"center\" style=\"text-align:center\"><div class=\"uvc-heading-spacer no_spacer\" style=\"top\"><\/div><div class=\"uvc-main-heading ult-responsive\"  data-ultimate-target='.uvc-heading.ultimate-heading-33136a0268cf65af9 h1'  data-responsive-json-new='{\"font-size\":\"\",\"line-height\":\"\"}' ><h1 style=\"font-weight:normal;\">ATTRACTIONS<\/h1><\/div><\/div><\/div><\/div><\/div><\/div><\/div>\n\t<div class=\"wpb_tabstabs_holder clearfix  mapa-tabs\" data-interval=\"0\">\n\t\t<div class=\"q_tabs horizontal center\">\n\t\t\t<ul class=\"tabs-nav\"><li><a href=\"#tab-fe03a967-bd94-6\">trekking<\/a><\/li><li><a href=\"#tab-1fc5da85-b7ce-8\">DIVING AND SNORKELLING<\/a><\/li><li><a href=\"#tab-1655156128919-4-4\">HORSE-RIDING<\/a><\/li><li><a href=\"#tab-1655154052938-3-9\">HISTORIC ROUTES<\/a><\/li><\/ul>\n<div class='tabs-container'>\n\t\t\t\n\t\t\t<div id=\"tab-fe03a967-bd94-6\" class=\"tab-content\">\n\t\t\t\t\n\t<div class=\"wpb_raw_code wpb_raw_html wpb_content_element\" >\n\t\t<div class=\"wpb_wrapper\">\n\t\t\t<div id=\"image-map-pro-986\"><\/div>\n\t\t<\/div>\n\t<\/div>\n\n\t\t\t<\/div> \n\t\t\t<div id=\"tab-1fc5da85-b7ce-8\" class=\"tab-content\">\n\t\t\t\t\n\t<div class=\"wpb_raw_code wpb_raw_html wpb_content_element\" >\n\t\t<div class=\"wpb_wrapper\">\n\t\t\t<div id=\"image-map-pro-5810\"><\/div>\n\t\t<\/div>\n\t<\/div>\n\n\t\t\t<\/div> \n\t\t\t<div id=\"tab-1655156128919-4-4\" class=\"tab-content\">\n\t\t\t\t\n\t<div class=\"wpb_raw_code wpb_raw_html wpb_content_element\" >\n\t\t<div class=\"wpb_wrapper\">\n\t\t\t<div id=\"image-map-pro-9652\"><\/div>\n\t\t<\/div>\n\t<\/div>\n\n\t\t\t<\/div> \n\t\t\t<div id=\"tab-1655154052938-3-9\" class=\"tab-content\">\n\t\t\t\t\n\t<div class=\"wpb_raw_code wpb_raw_html wpb_content_element\" >\n\t\t<div class=\"wpb_wrapper\">\n\t\t\t<div id=\"image-map-pro-8094\"><\/div>\n\t\t<\/div>\n\t<\/div>\n\n\t\t\t<\/div> <\/div>\n\t\t<\/div> \n\t<\/div> <div      class=\"vc_row wpb_row section vc_row-fluid vc_inner  grid_section\" style=' text-align:left;'><div class=\"section_inner clearfix\"><div class='section_inner_margin clearfix'><div class=\"wpb_column vc_column_container vc_col-sm-4 vc_col-lg-offset-2 vc_col-md-offset-2 vc_col-sm-offset-2\"><div class=\"vc_column-inner\"><div class=\"wpb_wrapper\">\n\t<div class=\"wpb_text_column wpb_content_element\">\n\t\t<div class=\"wpb_wrapper\">\n\t\t\t<h2 style=\"text-align: left;\">Explore the diversity of our archipelago<\/h2>\n\n\t\t<\/div> \n\t<\/div> <\/div><\/div><\/div><div class=\"wpb_column vc_column_container vc_col-sm-5\"><div class=\"vc_column-inner\"><div class=\"wpb_wrapper\">\n\t<div class=\"wpb_text_column wpb_content_element\">\n\t\t<div class=\"wpb_wrapper\">\n\t\t\t<p class=\"translation-block\">Declared World Biosphere Reserve by UNESCO in 1977, the Juan Fern\u00e1ndez\nArchipelago stands out for its untamed nature and high level of endemism both on \nland and at sea. Nature is the absolute protagonist and all activities revolve around \nthe enormous ecological wealth of the place. \nImmerse yourself in its pristine waters, explore its dense forests on foot or on \nhorseback, follow its historic routes and let yourself be surprised by the dramatic views \nof its cliffs that drop vertically into the sea.<\/p>\n<p><em>Activities are concentrated on Robinson Crusoe Island. Due to the remote geographical location and \ndifficult access, no tourist activities take place on the Desventuradas Islands. <\/em><\/p>\n\n\t\t<\/div> \n\t<\/div> <\/div><\/div><\/div><\/div><\/div><\/div><\/div><\/div><\/div><\/div><\/div><div id=\"atractivos-2\"     class=\"vc_row wpb_row section vc_row-fluid  img-left morado\" style=' text-align:left;'><div class=\"full_section_inner clearfix\"><div class=\"wpb_column vc_column_container vc_col-sm-12 vc_col-lg-offset-0 vc_col-md-offset-0 vc_col-sm-offset-0 vc_col-xs-12\"><div class=\"vc_column-inner\"><div class=\"wpb_wrapper\"><div      class=\"vc_row wpb_row section vc_row-fluid vc_inner\" style=' text-align:left;'><div class=\"full_section_inner clearfix\"><div class=\"wpb_column vc_column_container vc_col-sm-6 vc_col-xs-12 vc_col-has-fill\"><div class=\"vc_column-inner vc_custom_1657659876685\"><div class=\"wpb_wrapper\">\t<div class=\"vc_empty_space\"  style=\"height: 800px\" ><span\n\t\t\tclass=\"vc_empty_space_inner\">\n\t\t\t<span class=\"empty_space_image\"  ><\/span>\n\t\t<\/span><\/div>\n\n<\/div><\/div><\/div><div class=\"wpb_column vc_column_container vc_col-sm-5 vc_col-lg-offset-1 vc_col-lg-4 vc_col-md-offset-1 vc_col-md-4 vc_col-sm-offset-1 vc_col-xs-offset-1 vc_col-xs-10\"><div class=\"vc_column-inner\"><div class=\"wpb_wrapper\">\n\t<div class=\"wpb_text_column wpb_content_element\">\n\t\t<div class=\"wpb_wrapper\">\n\t\t\t<h2 class=\"translation-block\">Responsible tourism<\/h2>\n\n\t\t<\/div> \n\t<\/div> \n\t<div class=\"wpb_text_column wpb_content_element  testimonios-autor\">\n\t\t<div class=\"wpb_wrapper\">\n\t\t\t<p><strong>\u00a1Keep it wild!<br \/>\n<\/strong><br \/>\nThe ecosystems of Juan Fern\u00e1ndez are a natural treasure, and the community has\ndecided to protect this, opting for a sustainable life model. This is why they invite \nthose who visit the island to act with respect and care for its nature and biodiversity, \nensuring that they help maintain its balance and avoid any activity that could impact \nits cycles.<\/p>\n<p>Don\u2019t try and change it, let it change you.<\/p>\n\n\t\t<\/div> \n\t<\/div> \n\n\t<a href=\"https:\/\/discoverjuanfernandez.com\/wp-content\/uploads\/2022\/07\/turismo-responsable_JF.pdf\" target=\"_blank\"  class=\"qode-btn qode-btn-medium qode-btn-solid boton-transparente qode-btn-default-hover\"  >\n\t    <span class=\"qode-btn-text\">SEE SUGGESTIONS<\/span>\t<\/a>\n\n<\/div><\/div><\/div><\/div><\/div><\/div><\/div><\/div><\/div><\/div><div id=\"recuadro-rojo\"     class=\"vc_row wpb_row section vc_row-fluid\" style=' text-align:center;'><div class=\"full_section_inner clearfix\"><div class=\"wpb_column vc_column_container vc_col-sm-12 vc_col-lg-offset-0 vc_col-md-offset-0 vc_col-sm-offset-0 vc_col-xs-offset-1 vc_col-xs-10\"><div class=\"vc_column-inner\"><div class=\"wpb_wrapper\"><div      class=\"vc_row wpb_row section vc_row-fluid vc_inner\" style=' text-align:left;'><div class=\"full_section_inner clearfix\"><div class=\"wpb_column vc_column_container vc_col-sm-12\"><div class=\"vc_column-inner\"><div class=\"wpb_wrapper\">\n\t<div class=\"wpb_single_image wpb_content_element vc_align_center\">\n\t\t<div class=\"wpb_wrapper\">\n\t\t\t\n\t\t\t<div class=\"vc_single_image-wrapper   vc_box_border_grey\"><img loading=\"lazy\" decoding=\"async\" width=\"87\" height=\"61\" src=\"https:\/\/discoverjuanfernandez.com\/wp-content\/uploads\/2022\/06\/pajaro-s.png\" class=\"vc_single_image-img attachment-full\" alt=\"\" title=\"pajaro-s\" \/><\/div>\n\t\t<\/div>\n\t<\/div>\n\n\t<div class=\"wpb_text_column wpb_content_element\">\n\t\t<div class=\"wpb_wrapper\">\n\t\t\t<h3 style=\"text-align: center;\" class=\"translation-block\">JUAN FERN\u00c1NDEZ COMMITS <br> TO CONSERVATION<\/h3>\n\n\t\t<\/div> \n\t<\/div> <\/div><\/div><\/div><\/div><\/div><div      class=\"vc_row wpb_row section vc_row-fluid vc_inner\" style=' text-align:center;'><div class=\"full_section_inner clearfix\"><div class=\"wpb_column vc_column_container vc_col-sm-7 vc_col-lg-offset-1\/5 vc_col-md-offset-1\/5 vc_col-sm-offset-1\/5\"><div class=\"vc_column-inner\"><div class=\"wpb_wrapper\">\n\t<div class=\"wpb_text_column wpb_content_element\">\n\t\t<div class=\"wpb_wrapper\">\n\t\t\t<p>As a model of marine conservation and sustainability, the community of Juan \nFern\u00e1ndez has promoted the generation of over 600,000 km2 of protected marine \nareas. It is considered to be a benchmark for the world\u2019s fishing communities as well \nas an example of hope for oceans.<\/p>\n\n\t\t<\/div> \n\t<\/div> \n\n\t<a href=\"https:\/\/discoverjuanfernandez.com\/eng\/areas-protegidas\/\" target=\"_self\"  class=\"qode-btn qode-btn-medium qode-btn-solid boton-blanco center qode-btn-default-hover\"  >\n\t    <span class=\"qode-btn-text\">SEE PROTECTED AREAS<\/span>\t<\/a>\n\n<\/div><\/div><\/div><\/div><\/div><\/div><\/div><\/div><\/div><\/div>\n<\/div>","protected":false},"excerpt":{"rendered":"JUAN FERN\u00c1NDEZ DESVENTURADAS Atractivos trekkingbuceo y snorkelcabalgatasRutas hist\u00f3ricas Explora la diversidad de nuestro archipi\u00e9lago Declarado Reserva Mundial de la Bi\u00f3sfera por UNESCO en 1977, el Archipi\u00e9lago Juan Fern\u00e1ndez destaca por su naturaleza ind\u00f3mita y alto nivel de endemismo tanto en tierra como en mar. La...","protected":false},"author":1,"featured_media":0,"parent":0,"menu_order":0,"comment_status":"closed","ping_status":"closed","template":"full_width.php","meta":{"nf_dc_page":"","footnotes":""},"class_list":["post-15872","page","type-page","status-publish","hentry"],"yoast_head":"<!-- This site is optimized with the Yoast SEO plugin v26.9 - https:\/\/yoast.com\/product\/yoast-seo-wordpress\/ -->\n<title>Atractivos - Archipi\u00e9lago Juan Fern\u00e1ndez<\/title>\n<meta name=\"robots\" content=\"index, follow, max-snippet:-1, max-image-preview:large, max-video-preview:-1\" \/>\n<link rel=\"canonical\" href=\"https:\/\/discoverjuanfernandez.com\/eng\/atractivos\/\" \/>\n<meta property=\"og:locale\" content=\"en_US\" \/>\n<meta property=\"og:type\" content=\"article\" \/>\n<meta property=\"og:title\" content=\"Atractivos - Archipi\u00e9lago Juan Fern\u00e1ndez\" \/>\n<meta property=\"og:url\" content=\"https:\/\/discoverjuanfernandez.com\/eng\/atractivos\/\" \/>\n<meta property=\"og:site_name\" content=\"Archipi\u00e9lago Juan Fern\u00e1ndez\" \/>\n<meta property=\"article:modified_time\" content=\"2022-07-12T21:06:47+00:00\" \/>\n<meta name=\"twitter:card\" content=\"summary_large_image\" \/>\n<meta name=\"twitter:label1\" content=\"Est. reading time\" \/>\n\t<meta name=\"twitter:data1\" content=\"2 minutes\" \/>\n<script type=\"application\/ld+json\" class=\"yoast-schema-graph\">{\"@context\":\"https:\/\/schema.org\",\"@graph\":[{\"@type\":\"WebPage\",\"@id\":\"https:\/\/discoverjuanfernandez.com\/atractivos\/\",\"url\":\"https:\/\/discoverjuanfernandez.com\/atractivos\/\",\"name\":\"Atractivos - Archipi\u00e9lago Juan Fern\u00e1ndez\",\"isPartOf\":{\"@id\":\"https:\/\/discoverjuanfernandez.com\/#website\"},\"datePublished\":\"2022-06-11T13:45:10+00:00\",\"dateModified\":\"2022-07-12T21:06:47+00:00\",\"breadcrumb\":{\"@id\":\"https:\/\/discoverjuanfernandez.com\/atractivos\/#breadcrumb\"},\"inLanguage\":\"en-US\",\"potentialAction\":[{\"@type\":\"ReadAction\",\"target\":[\"https:\/\/discoverjuanfernandez.com\/atractivos\/\"]}]},{\"@type\":\"BreadcrumbList\",\"@id\":\"https:\/\/discoverjuanfernandez.com\/atractivos\/#breadcrumb\",\"itemListElement\":[{\"@type\":\"ListItem\",\"position\":1,\"name\":\"Portada\",\"item\":\"https:\/\/discoverjuanfernandez.com\/\"},{\"@type\":\"ListItem\",\"position\":2,\"name\":\"Atractivos\"}]},{\"@type\":\"WebSite\",\"@id\":\"https:\/\/discoverjuanfernandez.com\/#website\",\"url\":\"https:\/\/discoverjuanfernandez.com\/\",\"name\":\"Archipi\u00e9lago Juan Fern\u00e1ndez\",\"description\":\"e islas desventuradas\",\"publisher\":{\"@id\":\"https:\/\/discoverjuanfernandez.com\/#organization\"},\"potentialAction\":[{\"@type\":\"SearchAction\",\"target\":{\"@type\":\"EntryPoint\",\"urlTemplate\":\"https:\/\/discoverjuanfernandez.com\/?s={search_term_string}\"},\"query-input\":{\"@type\":\"PropertyValueSpecification\",\"valueRequired\":true,\"valueName\":\"search_term_string\"}}],\"inLanguage\":\"en-US\"},{\"@type\":\"Organization\",\"@id\":\"https:\/\/discoverjuanfernandez.com\/#organization\",\"name\":\"Archipi\u00e9lago Juan Fern\u00e1ndez\",\"url\":\"https:\/\/discoverjuanfernandez.com\/\",\"logo\":{\"@type\":\"ImageObject\",\"inLanguage\":\"en-US\",\"@id\":\"https:\/\/discoverjuanfernandez.com\/#\/schema\/logo\/image\/\",\"url\":\"https:\/\/discoverjuanfernandez.com\/wp-content\/uploads\/2022\/05\/logo.new_.png\",\"contentUrl\":\"https:\/\/discoverjuanfernandez.com\/wp-content\/uploads\/2022\/05\/logo.new_.png\",\"width\":138,\"height\":140,\"caption\":\"Archipi\u00e9lago Juan Fern\u00e1ndez\"},\"image\":{\"@id\":\"https:\/\/discoverjuanfernandez.com\/#\/schema\/logo\/image\/\"}}]}<\/script>\n<!-- \/ Yoast SEO plugin. -->","yoast_head_json":{"title":"Atractivos - Archipi\u00e9lago Juan Fern\u00e1ndez","robots":{"index":"index","follow":"follow","max-snippet":"max-snippet:-1","max-image-preview":"max-image-preview:large","max-video-preview":"max-video-preview:-1"},"canonical":"https:\/\/discoverjuanfernandez.com\/eng\/atractivos\/","og_locale":"en_US","og_type":"article","og_title":"Atractivos - Archipi\u00e9lago Juan Fern\u00e1ndez","og_url":"https:\/\/discoverjuanfernandez.com\/eng\/atractivos\/","og_site_name":"Archipi\u00e9lago Juan Fern\u00e1ndez","article_modified_time":"2022-07-12T21:06:47+00:00","twitter_card":"summary_large_image","twitter_misc":{"Est. reading time":"2 minutes"},"schema":{"@context":"https:\/\/schema.org","@graph":[{"@type":"WebPage","@id":"https:\/\/discoverjuanfernandez.com\/atractivos\/","url":"https:\/\/discoverjuanfernandez.com\/atractivos\/","name":"Atractivos - Archipi\u00e9lago Juan Fern\u00e1ndez","isPartOf":{"@id":"https:\/\/discoverjuanfernandez.com\/#website"},"datePublished":"2022-06-11T13:45:10+00:00","dateModified":"2022-07-12T21:06:47+00:00","breadcrumb":{"@id":"https:\/\/discoverjuanfernandez.com\/atractivos\/#breadcrumb"},"inLanguage":"en-US","potentialAction":[{"@type":"ReadAction","target":["https:\/\/discoverjuanfernandez.com\/atractivos\/"]}]},{"@type":"BreadcrumbList","@id":"https:\/\/discoverjuanfernandez.com\/atractivos\/#breadcrumb","itemListElement":[{"@type":"ListItem","position":1,"name":"Portada","item":"https:\/\/discoverjuanfernandez.com\/"},{"@type":"ListItem","position":2,"name":"Atractivos"}]},{"@type":"WebSite","@id":"https:\/\/discoverjuanfernandez.com\/#website","url":"https:\/\/discoverjuanfernandez.com\/","name":"Archipi\u00e9lago Juan Fern\u00e1ndez","description":"e islas desventuradas","publisher":{"@id":"https:\/\/discoverjuanfernandez.com\/#organization"},"potentialAction":[{"@type":"SearchAction","target":{"@type":"EntryPoint","urlTemplate":"https:\/\/discoverjuanfernandez.com\/?s={search_term_string}"},"query-input":{"@type":"PropertyValueSpecification","valueRequired":true,"valueName":"search_term_string"}}],"inLanguage":"en-US"},{"@type":"Organization","@id":"https:\/\/discoverjuanfernandez.com\/#organization","name":"Archipi\u00e9lago Juan Fern\u00e1ndez","url":"https:\/\/discoverjuanfernandez.com\/","logo":{"@type":"ImageObject","inLanguage":"en-US","@id":"https:\/\/discoverjuanfernandez.com\/#\/schema\/logo\/image\/","url":"https:\/\/discoverjuanfernandez.com\/wp-content\/uploads\/2022\/05\/logo.new_.png","contentUrl":"https:\/\/discoverjuanfernandez.com\/wp-content\/uploads\/2022\/05\/logo.new_.png","width":138,"height":140,"caption":"Archipi\u00e9lago Juan Fern\u00e1ndez"},"image":{"@id":"https:\/\/discoverjuanfernandez.com\/#\/schema\/logo\/image\/"}}]}},"_links":{"self":[{"href":"https:\/\/discoverjuanfernandez.com\/eng\/wp-json\/wp\/v2\/pages\/15872","targetHints":{"allow":["GET"]}}],"collection":[{"href":"https:\/\/discoverjuanfernandez.com\/eng\/wp-json\/wp\/v2\/pages"}],"about":[{"href":"https:\/\/discoverjuanfernandez.com\/eng\/wp-json\/wp\/v2\/types\/page"}],"author":[{"embeddable":true,"href":"https:\/\/discoverjuanfernandez.com\/eng\/wp-json\/wp\/v2\/users\/1"}],"replies":[{"embeddable":true,"href":"https:\/\/discoverjuanfernandez.com\/eng\/wp-json\/wp\/v2\/comments?post=15872"}],"version-history":[{"count":78,"href":"https:\/\/discoverjuanfernandez.com\/eng\/wp-json\/wp\/v2\/pages\/15872\/revisions"}],"predecessor-version":[{"id":17325,"href":"https:\/\/discoverjuanfernandez.com\/eng\/wp-json\/wp\/v2\/pages\/15872\/revisions\/17325"}],"wp:attachment":[{"href":"https:\/\/discoverjuanfernandez.com\/eng\/wp-json\/wp\/v2\/media?parent=15872"}],"curies":[{"name":"wp","href":"https:\/\/api.w.org\/{rel}","templated":true}]}}