{"id":15993,"date":"2022-06-14T13:23:10","date_gmt":"2022-06-14T17:23:10","guid":{"rendered":"https:\/\/discoverjuanfernandez.com\/?page_id=15993"},"modified":"2022-06-23T12:27:41","modified_gmt":"2022-06-23T16:27:41","slug":"amigos-de-juan-fernandez","status":"publish","type":"page","link":"https:\/\/discoverjuanfernandez.com\/eng\/amigos-de-juan-fernandez\/","title":{"rendered":"FRIENDS OF JUAN FERN\u00c1NDEZ"},"content":{"rendered":"<div class=\"wpb-content-wrapper\"><div id=\"encabezado\"     class=\"vc_row wpb_row section vc_row-fluid\" style=' text-align:left;'><div class=\"full_section_inner clearfix\"><div class=\"wpb_column vc_column_container vc_col-sm-12\"><div class=\"vc_column-inner\"><div class=\"wpb_wrapper\"><div      class=\"vc_row wpb_row section vc_row-fluid vc_inner\" style=' text-align:left;'><div class=\"full_section_inner clearfix\"><div class=\"wpb_column vc_column_container vc_col-sm-12\"><div class=\"vc_column-inner\"><div class=\"wpb_wrapper\"><div id=\"ultimate-heading-745169ea5263a81ee\" class=\"uvc-heading ult-adjust-bottom-margin ultimate-heading-745169ea5263a81ee uvc-109\" data-hspacer=\"no_spacer\"  data-halign=\"center\" style=\"text-align:center\"><div class=\"uvc-heading-spacer no_spacer\" style=\"top\"><\/div><div class=\"uvc-main-heading ult-responsive\"  data-ultimate-target='.uvc-heading.ultimate-heading-745169ea5263a81ee h4'  data-responsive-json-new='{\"font-size\":\"\",\"line-height\":\"\"}' ><h4 style=\"font-weight:normal;\">FRIENDS OF JUAN FERN\u00c1NDEZ<\/h4><\/div><\/div>\n\t<div class=\"wpb_text_column wpb_content_element\">\n\t\t<div class=\"wpb_wrapper\">\n\t\t\t<h1>Together for Conservation<\/h1>\n\n\t\t<\/div> \n\t<\/div> <\/div><\/div><\/div><\/div><\/div><div      class=\"vc_row wpb_row section vc_row-fluid vc_inner  bajada\" style=' text-align:left;'><div class=\"full_section_inner clearfix\"><div class=\"wpb_column vc_column_container vc_col-sm-10 vc_col-lg-offset-3 vc_col-lg-6 vc_col-md-offset-3 vc_col-md-6 vc_col-sm-offset-1 vc_col-xs-offset-1 vc_col-xs-10\"><div class=\"vc_column-inner\"><div class=\"wpb_wrapper\">\n\t<div class=\"wpb_text_column wpb_content_element\">\n\t\t<div class=\"wpb_wrapper\">\n\t\t\t<p>International and local organizations work alongside our community, with a multidisciplinary approach, in the protection, conservation, research, restoration and value of the natural wealth of the land and seas of the Juan Fern\u00e1ndez and Desventuradas archipelago.<\/p>\n\n\t\t<\/div> \n\t<\/div> <\/div><\/div><\/div><\/div><\/div><\/div><\/div><\/div><\/div><\/div><div id=\"amigos\"     class=\"vc_row wpb_row section vc_row-fluid\" style=' text-align:center;'><div class=\"full_section_inner clearfix\"><div class=\"wpb_column vc_column_container vc_col-sm-12\"><div class=\"vc_column-inner\"><div class=\"wpb_wrapper\"><div      class=\"vc_row wpb_row section vc_row-fluid vc_inner  grid_section\" style=' text-align:center;'><div class=\"section_inner clearfix\"><div class='section_inner_margin clearfix'><div class=\"wpb_column vc_column_container vc_col-sm-4\"><div class=\"vc_column-inner\"><div class=\"wpb_wrapper\">\n\t<div class=\"wpb_single_image wpb_content_element vc_align_center\">\n\t\t<div class=\"wpb_wrapper\">\n\t\t\t\n\t\t\t<div class=\"vc_single_image-wrapper   vc_box_border_grey\"><img loading=\"lazy\" decoding=\"async\" width=\"248\" height=\"112\" src=\"https:\/\/discoverjuanfernandez.com\/wp-content\/uploads\/2022\/06\/pristine-seas-stacked-blueyellow.jpg\" class=\"vc_single_image-img attachment-full\" alt=\"\" title=\"pristine-seas-stacked-blueyellow\" srcset=\"https:\/\/discoverjuanfernandez.com\/wp-content\/uploads\/2022\/06\/pristine-seas-stacked-blueyellow.jpg 248w, https:\/\/discoverjuanfernandez.com\/wp-content\/uploads\/2022\/06\/pristine-seas-stacked-blueyellow-18x8.jpg 18w, https:\/\/discoverjuanfernandez.com\/wp-content\/uploads\/2022\/06\/pristine-seas-stacked-blueyellow@2x.jpg 496w\" sizes=\"auto, (max-width: 248px) 100vw, 248px\" \/><\/div>\n\t\t<\/div>\n\t<\/div>\n\n\t<div class=\"wpb_text_column wpb_content_element\">\n\t\t<div class=\"wpb_wrapper\">\n\t\t\t<h2 style=\"text-align: center;\">National Geographic Pristine Seas<\/h2>\n<p style=\"text-align: center;\">Launched in 2008 by Dr Enric Sala, the Pristine Seas project aims to identify, protect and restore the last truly wild places in the ocean.<\/p>\n\n\t\t<\/div> \n\t<\/div> \n\n\t<a href=\"https:\/\/www.nationalgeographic.org\/projects\/pristine-seas\/\" target=\"_blank\"  class=\"qode-btn qode-btn-medium qode-btn-solid boton-transparente qode-btn-default-hover\"  >\n\t    <span class=\"qode-btn-text\">SEE WEBSITE<\/span>\t<\/a>\n\n\n\t<div class=\"wpb_single_image wpb_content_element vc_align_center\">\n\t\t<div class=\"wpb_wrapper\">\n\t\t\t\n\t\t\t<div class=\"vc_single_image-wrapper   vc_box_border_grey\"><img decoding=\"async\" src=\"https:\/\/discoverjuanfernandez.com\/wp-content\/uploads\/2022\/06\/Logo-Oikonos-1-1.svg\" class=\"vc_single_image-img attachment-full\" alt=\"\" title=\"Logo Oikonos-1 1\" \/><\/div>\n\t\t<\/div>\n\t<\/div>\n\n\t<div class=\"wpb_text_column wpb_content_element\">\n\t\t<div class=\"wpb_wrapper\">\n\t\t\t<h2 style=\"text-align: center;\">Oikonos Ecosystem Knowledge<\/h2>\n<p style=\"text-align: center;\">Oikonos seeks to conserve ecosystems and endangered species through scientific and artistic collaborations, facilitating work between different actors within civil society.<\/p>\n\n\t\t<\/div> \n\t<\/div> \n\n\t<a href=\"https:\/\/www.oikonos.org\/es\" target=\"_blank\"  class=\"qode-btn qode-btn-medium qode-btn-solid boton-transparente qode-btn-default-hover\"  >\n\t    <span class=\"qode-btn-text\">SEE WEBSITE<\/span>\t<\/a>\n\n<\/div><\/div><\/div><div class=\"wpb_column vc_column_container vc_col-sm-4\"><div class=\"vc_column-inner\"><div class=\"wpb_wrapper\">\n\t<div class=\"wpb_single_image wpb_content_element vc_align_center\">\n\t\t<div class=\"wpb_wrapper\">\n\t\t\t\n\t\t\t<div class=\"vc_single_image-wrapper   vc_box_border_grey\"><img loading=\"lazy\" decoding=\"async\" width=\"248\" height=\"112\" src=\"https:\/\/discoverjuanfernandez.com\/wp-content\/uploads\/2022\/06\/Oceana.jpg\" class=\"vc_single_image-img attachment-full\" alt=\"\" title=\"Oceana\" srcset=\"https:\/\/discoverjuanfernandez.com\/wp-content\/uploads\/2022\/06\/Oceana.jpg 248w, https:\/\/discoverjuanfernandez.com\/wp-content\/uploads\/2022\/06\/Oceana-18x8.jpg 18w, https:\/\/discoverjuanfernandez.com\/wp-content\/uploads\/2022\/06\/Oceana@2x.jpg 496w\" sizes=\"auto, (max-width: 248px) 100vw, 248px\" \/><\/div>\n\t\t<\/div>\n\t<\/div>\n\n\t<div class=\"wpb_text_column wpb_content_element\">\n\t\t<div class=\"wpb_wrapper\">\n\t\t\t<h2 style=\"text-align: center;\">oceana<\/h2>\n<p style=\"text-align: center;\">Oceana is dedicated to the protection and restoring of the richness, health and abundance of the world\u2019s oceans.<\/p>\n\n\t\t<\/div> \n\t<\/div> \n\n\t<a href=\"https:\/\/oceana.org\/\" target=\"_blank\"  class=\"qode-btn qode-btn-medium qode-btn-solid boton-transparente qode-btn-default-hover\"  >\n\t    <span class=\"qode-btn-text\">SEE WEBSITE<\/span>\t<\/a>\n\n\n\t<div class=\"wpb_single_image wpb_content_element vc_align_center\">\n\t\t<div class=\"wpb_wrapper\">\n\t\t\t\n\t\t\t<div class=\"vc_single_image-wrapper   vc_box_border_grey\"><img decoding=\"async\" src=\"https:\/\/discoverjuanfernandez.com\/wp-content\/uploads\/2022\/06\/Logo-horizontal-negro-1.svg\" class=\"vc_single_image-img attachment-full\" alt=\"\" title=\"Logo horizontal negro 1\" \/><\/div>\n\t\t<\/div>\n\t<\/div>\n\n\t<div class=\"wpb_text_column wpb_content_element\">\n\t\t<div class=\"wpb_wrapper\">\n\t\t\t<h2 style=\"text-align: center;\">fundaci\u00f3n end\u00e9mica<\/h2>\n<p style=\"text-align: center;\">This local NGO promotes research, conservation and preservation of the natural and cultural heritage of the Juan Fern\u00e1ndez archipelago and Desventuradas Islands.<\/p>\n\n\t\t<\/div> \n\t<\/div> \n\n\t<a href=\"https:\/\/www.fundacionendemica.com\/\" target=\"_blank\"  class=\"qode-btn qode-btn-medium qode-btn-solid boton-transparente qode-btn-default-hover\"  >\n\t    <span class=\"qode-btn-text\">SEE WEBSITE<\/span>\t<\/a>\n\n<\/div><\/div><\/div><div class=\"wpb_column vc_column_container vc_col-sm-4\"><div class=\"vc_column-inner\"><div class=\"wpb_wrapper\">\n\t<div class=\"wpb_single_image wpb_content_element vc_align_center\">\n\t\t<div class=\"wpb_wrapper\">\n\t\t\t\n\t\t\t<div class=\"vc_single_image-wrapper   vc_box_border_grey\"><img decoding=\"async\" src=\"https:\/\/discoverjuanfernandez.com\/wp-content\/uploads\/2022\/06\/Island-Conservation-logo-1000x429-72-dpi-TRANSPARENCY-1.svg\" class=\"vc_single_image-img attachment-full\" alt=\"\" title=\"Island-Conservation-logo-1000x429-72-dpi-TRANSPARENCY 1\" \/><\/div>\n\t\t<\/div>\n\t<\/div>\n\n\t<div class=\"wpb_text_column wpb_content_element\">\n\t\t<div class=\"wpb_wrapper\">\n\t\t\t<h2 style=\"text-align: center;\">island conservation<\/h2>\n<p style=\"text-align: center;\">The mission of Island Conservation is to prevent extinctions by removing invasive species from islands around the world.<\/p>\n\n\t\t<\/div> \n\t<\/div> \n\n\t<a href=\"https:\/\/www.islandconservation.org\/\" target=\"_blank\"  class=\"qode-btn qode-btn-medium qode-btn-solid boton-transparente qode-btn-default-hover\"  >\n\t    <span class=\"qode-btn-text\">SEE WEBSITE<\/span>\t<\/a>\n\n<\/div><\/div><\/div><\/div><\/div><\/div><\/div><\/div><\/div><\/div><\/div><div      class=\"vc_row wpb_row section vc_row-fluid  full_screen_section\" style='background-image:url(https:\/\/discoverjuanfernandez.com\/wp-content\/uploads\/2022\/06\/CAL03805-2.jpg); padding-top:80pxpx; text-align:center;'><div class=\"full_section_inner clearfix\"><div class=\"wpb_column vc_column_container vc_col-sm-12\"><div class=\"vc_column-inner\"><div class=\"wpb_wrapper\"><div id=\"parallax-home\"     class=\"vc_row wpb_row section vc_row-fluid vc_inner  vc_custom_1653661106940\" style=' text-align:center;'><div class=\"full_section_inner clearfix\"><div class=\"wpb_column vc_column_container vc_col-sm-12\"><div class=\"vc_column-inner\"><div class=\"wpb_wrapper\"><\/div><\/div><\/div><\/div><\/div><\/div><\/div><\/div><\/div><\/div><div id=\"conservacion-footer\"     class=\"vc_row wpb_row section vc_row-fluid  grid_section\" style=' text-align:center;'><div class=\"section_inner clearfix\"><div class='section_inner_margin clearfix'><div class=\"wpb_column vc_column_container vc_col-sm-1\"><div class=\"vc_column-inner\"><div class=\"wpb_wrapper\">\n\t<div class=\"wpb_single_image wpb_content_element vc_align_right\">\n\t\t<div class=\"wpb_wrapper\">\n\t\t\t\n\t\t\t<div class=\"vc_single_image-wrapper   vc_box_border_grey\"><img loading=\"lazy\" decoding=\"async\" width=\"61\" height=\"87\" src=\"https:\/\/discoverjuanfernandez.com\/wp-content\/uploads\/2022\/06\/Icono-flor2.png\" class=\"vc_single_image-img attachment-full\" alt=\"\" title=\"Icono-flor2\" srcset=\"https:\/\/discoverjuanfernandez.com\/wp-content\/uploads\/2022\/06\/Icono-flor2.png 61w, https:\/\/discoverjuanfernandez.com\/wp-content\/uploads\/2022\/06\/Icono-flor2-8x12.png 8w, https:\/\/discoverjuanfernandez.com\/wp-content\/uploads\/2022\/06\/Icono-flor2@2x.png 122w\" sizes=\"auto, (max-width: 61px) 100vw, 61px\" \/><\/div>\n\t\t<\/div>\n\t<\/div>\n<\/div><\/div><\/div><div class=\"wpb_column vc_column_container vc_col-sm-8\"><div class=\"vc_column-inner\"><div class=\"wpb_wrapper\">\n\t<div class=\"wpb_text_column wpb_content_element  subtitulos-2\">\n\t\t<div class=\"wpb_wrapper\">\n\t\t\t<p>Help us conserve this natural heritage<\/p>\n\n\t\t<\/div> \n\t<\/div> <\/div><\/div><\/div><div class=\"wpb_column vc_column_container vc_col-sm-3\"><div class=\"vc_column-inner\"><div class=\"wpb_wrapper\">\n\n\t<a href=\"https:\/\/discoverjuanfernandez.com\/eng\/involucrate\/\" target=\"_self\"  class=\"qode-btn qode-btn-medium qode-btn-solid boton-blanco qode-btn-default-hover\"  >\n\t    <span class=\"qode-btn-text\">GET INVOLVED<\/span>\t<\/a>\n\n<\/div><\/div><\/div><\/div><\/div><\/div>\n<\/div>","protected":false},"excerpt":{"rendered":"Amigos de Juan Fern\u00e1ndez Juntos por la conservaci\u00f3n Organizaciones internacionales y locales trabajan junto a nuestra comunidad, con un enfoque multidisciplinario, en la protecci\u00f3n, conservaci\u00f3n, investigaci\u00f3n, restauraci\u00f3n y puesta en valor de la riqueza natural del territorio y maritorio del archipi\u00e9lago Juan Fern\u00e1ndez y Desventuradas....","protected":false},"author":1,"featured_media":0,"parent":0,"menu_order":0,"comment_status":"closed","ping_status":"closed","template":"full_width.php","meta":{"nf_dc_page":"","footnotes":""},"class_list":["post-15993","page","type-page","status-publish","hentry"],"yoast_head":"<!-- This site is optimized with the Yoast SEO plugin v26.9 - https:\/\/yoast.com\/product\/yoast-seo-wordpress\/ -->\n<title>Amigos de Juan Fern\u00e1ndez - Archipi\u00e9lago Juan Fern\u00e1ndez<\/title>\n<meta name=\"robots\" content=\"index, follow, max-snippet:-1, max-image-preview:large, max-video-preview:-1\" \/>\n<link rel=\"canonical\" href=\"https:\/\/discoverjuanfernandez.com\/eng\/amigos-de-juan-fernandez\/\" \/>\n<meta property=\"og:locale\" content=\"en_US\" \/>\n<meta property=\"og:type\" content=\"article\" \/>\n<meta property=\"og:title\" content=\"Amigos de Juan Fern\u00e1ndez - Archipi\u00e9lago Juan Fern\u00e1ndez\" \/>\n<meta property=\"og:url\" content=\"https:\/\/discoverjuanfernandez.com\/eng\/amigos-de-juan-fernandez\/\" \/>\n<meta property=\"og:site_name\" content=\"Archipi\u00e9lago Juan Fern\u00e1ndez\" \/>\n<meta property=\"article:modified_time\" content=\"2022-06-23T16:27:41+00:00\" \/>\n<meta name=\"twitter:card\" content=\"summary_large_image\" \/>\n<meta name=\"twitter:label1\" content=\"Est. reading time\" \/>\n\t<meta name=\"twitter:data1\" content=\"4 minutes\" \/>\n<script type=\"application\/ld+json\" class=\"yoast-schema-graph\">{\"@context\":\"https:\/\/schema.org\",\"@graph\":[{\"@type\":\"WebPage\",\"@id\":\"https:\/\/discoverjuanfernandez.com\/amigos-de-juan-fernandez\/\",\"url\":\"https:\/\/discoverjuanfernandez.com\/amigos-de-juan-fernandez\/\",\"name\":\"Amigos de Juan Fern\u00e1ndez - Archipi\u00e9lago Juan Fern\u00e1ndez\",\"isPartOf\":{\"@id\":\"https:\/\/discoverjuanfernandez.com\/#website\"},\"datePublished\":\"2022-06-14T17:23:10+00:00\",\"dateModified\":\"2022-06-23T16:27:41+00:00\",\"breadcrumb\":{\"@id\":\"https:\/\/discoverjuanfernandez.com\/amigos-de-juan-fernandez\/#breadcrumb\"},\"inLanguage\":\"en-US\",\"potentialAction\":[{\"@type\":\"ReadAction\",\"target\":[\"https:\/\/discoverjuanfernandez.com\/amigos-de-juan-fernandez\/\"]}]},{\"@type\":\"BreadcrumbList\",\"@id\":\"https:\/\/discoverjuanfernandez.com\/amigos-de-juan-fernandez\/#breadcrumb\",\"itemListElement\":[{\"@type\":\"ListItem\",\"position\":1,\"name\":\"Portada\",\"item\":\"https:\/\/discoverjuanfernandez.com\/\"},{\"@type\":\"ListItem\",\"position\":2,\"name\":\"Amigos de Juan Fern\u00e1ndez\"}]},{\"@type\":\"WebSite\",\"@id\":\"https:\/\/discoverjuanfernandez.com\/#website\",\"url\":\"https:\/\/discoverjuanfernandez.com\/\",\"name\":\"Archipi\u00e9lago Juan Fern\u00e1ndez\",\"description\":\"e islas desventuradas\",\"publisher\":{\"@id\":\"https:\/\/discoverjuanfernandez.com\/#organization\"},\"potentialAction\":[{\"@type\":\"SearchAction\",\"target\":{\"@type\":\"EntryPoint\",\"urlTemplate\":\"https:\/\/discoverjuanfernandez.com\/?s={search_term_string}\"},\"query-input\":{\"@type\":\"PropertyValueSpecification\",\"valueRequired\":true,\"valueName\":\"search_term_string\"}}],\"inLanguage\":\"en-US\"},{\"@type\":\"Organization\",\"@id\":\"https:\/\/discoverjuanfernandez.com\/#organization\",\"name\":\"Archipi\u00e9lago Juan Fern\u00e1ndez\",\"url\":\"https:\/\/discoverjuanfernandez.com\/\",\"logo\":{\"@type\":\"ImageObject\",\"inLanguage\":\"en-US\",\"@id\":\"https:\/\/discoverjuanfernandez.com\/#\/schema\/logo\/image\/\",\"url\":\"https:\/\/discoverjuanfernandez.com\/wp-content\/uploads\/2022\/05\/logo.new_.png\",\"contentUrl\":\"https:\/\/discoverjuanfernandez.com\/wp-content\/uploads\/2022\/05\/logo.new_.png\",\"width\":138,\"height\":140,\"caption\":\"Archipi\u00e9lago Juan Fern\u00e1ndez\"},\"image\":{\"@id\":\"https:\/\/discoverjuanfernandez.com\/#\/schema\/logo\/image\/\"}}]}<\/script>\n<!-- \/ Yoast SEO plugin. -->","yoast_head_json":{"title":"Amigos de Juan Fern\u00e1ndez - Archipi\u00e9lago Juan Fern\u00e1ndez","robots":{"index":"index","follow":"follow","max-snippet":"max-snippet:-1","max-image-preview":"max-image-preview:large","max-video-preview":"max-video-preview:-1"},"canonical":"https:\/\/discoverjuanfernandez.com\/eng\/amigos-de-juan-fernandez\/","og_locale":"en_US","og_type":"article","og_title":"Amigos de Juan Fern\u00e1ndez - Archipi\u00e9lago Juan Fern\u00e1ndez","og_url":"https:\/\/discoverjuanfernandez.com\/eng\/amigos-de-juan-fernandez\/","og_site_name":"Archipi\u00e9lago Juan Fern\u00e1ndez","article_modified_time":"2022-06-23T16:27:41+00:00","twitter_card":"summary_large_image","twitter_misc":{"Est. reading time":"4 minutes"},"schema":{"@context":"https:\/\/schema.org","@graph":[{"@type":"WebPage","@id":"https:\/\/discoverjuanfernandez.com\/amigos-de-juan-fernandez\/","url":"https:\/\/discoverjuanfernandez.com\/amigos-de-juan-fernandez\/","name":"Amigos de Juan Fern\u00e1ndez - Archipi\u00e9lago Juan Fern\u00e1ndez","isPartOf":{"@id":"https:\/\/discoverjuanfernandez.com\/#website"},"datePublished":"2022-06-14T17:23:10+00:00","dateModified":"2022-06-23T16:27:41+00:00","breadcrumb":{"@id":"https:\/\/discoverjuanfernandez.com\/amigos-de-juan-fernandez\/#breadcrumb"},"inLanguage":"en-US","potentialAction":[{"@type":"ReadAction","target":["https:\/\/discoverjuanfernandez.com\/amigos-de-juan-fernandez\/"]}]},{"@type":"BreadcrumbList","@id":"https:\/\/discoverjuanfernandez.com\/amigos-de-juan-fernandez\/#breadcrumb","itemListElement":[{"@type":"ListItem","position":1,"name":"Portada","item":"https:\/\/discoverjuanfernandez.com\/"},{"@type":"ListItem","position":2,"name":"Amigos de Juan Fern\u00e1ndez"}]},{"@type":"WebSite","@id":"https:\/\/discoverjuanfernandez.com\/#website","url":"https:\/\/discoverjuanfernandez.com\/","name":"Archipi\u00e9lago Juan Fern\u00e1ndez","description":"e islas desventuradas","publisher":{"@id":"https:\/\/discoverjuanfernandez.com\/#organization"},"potentialAction":[{"@type":"SearchAction","target":{"@type":"EntryPoint","urlTemplate":"https:\/\/discoverjuanfernandez.com\/?s={search_term_string}"},"query-input":{"@type":"PropertyValueSpecification","valueRequired":true,"valueName":"search_term_string"}}],"inLanguage":"en-US"},{"@type":"Organization","@id":"https:\/\/discoverjuanfernandez.com\/#organization","name":"Archipi\u00e9lago Juan Fern\u00e1ndez","url":"https:\/\/discoverjuanfernandez.com\/","logo":{"@type":"ImageObject","inLanguage":"en-US","@id":"https:\/\/discoverjuanfernandez.com\/#\/schema\/logo\/image\/","url":"https:\/\/discoverjuanfernandez.com\/wp-content\/uploads\/2022\/05\/logo.new_.png","contentUrl":"https:\/\/discoverjuanfernandez.com\/wp-content\/uploads\/2022\/05\/logo.new_.png","width":138,"height":140,"caption":"Archipi\u00e9lago Juan Fern\u00e1ndez"},"image":{"@id":"https:\/\/discoverjuanfernandez.com\/#\/schema\/logo\/image\/"}}]}},"_links":{"self":[{"href":"https:\/\/discoverjuanfernandez.com\/eng\/wp-json\/wp\/v2\/pages\/15993","targetHints":{"allow":["GET"]}}],"collection":[{"href":"https:\/\/discoverjuanfernandez.com\/eng\/wp-json\/wp\/v2\/pages"}],"about":[{"href":"https:\/\/discoverjuanfernandez.com\/eng\/wp-json\/wp\/v2\/types\/page"}],"author":[{"embeddable":true,"href":"https:\/\/discoverjuanfernandez.com\/eng\/wp-json\/wp\/v2\/users\/1"}],"replies":[{"embeddable":true,"href":"https:\/\/discoverjuanfernandez.com\/eng\/wp-json\/wp\/v2\/comments?post=15993"}],"version-history":[{"count":28,"href":"https:\/\/discoverjuanfernandez.com\/eng\/wp-json\/wp\/v2\/pages\/15993\/revisions"}],"predecessor-version":[{"id":16497,"href":"https:\/\/discoverjuanfernandez.com\/eng\/wp-json\/wp\/v2\/pages\/15993\/revisions\/16497"}],"wp:attachment":[{"href":"https:\/\/discoverjuanfernandez.com\/eng\/wp-json\/wp\/v2\/media?parent=15993"}],"curies":[{"name":"wp","href":"https:\/\/api.w.org\/{rel}","templated":true}]}}