{"id":16025,"date":"2022-06-14T16:57:50","date_gmt":"2022-06-14T20:57:50","guid":{"rendered":"https:\/\/discoverjuanfernandez.com\/?page_id=16025"},"modified":"2022-07-04T18:13:11","modified_gmt":"2022-07-04T22:13:11","slug":"involucrate","status":"publish","type":"page","link":"https:\/\/discoverjuanfernandez.com\/eng\/involucrate\/","title":{"rendered":"GET INVOLVED"},"content":{"rendered":"<div class=\"wpb-content-wrapper\"><div id=\"encabezado\"     class=\"vc_row wpb_row section vc_row-fluid\" style=' text-align:left;'><div class=\"full_section_inner clearfix\"><div class=\"wpb_column vc_column_container vc_col-sm-12\"><div class=\"vc_column-inner\"><div class=\"wpb_wrapper\"><div      class=\"vc_row wpb_row section vc_row-fluid vc_inner  involucrate\" style=' text-align:left;'><div class=\"full_section_inner clearfix\"><div class=\"wpb_column vc_column_container vc_col-sm-12\"><div class=\"vc_column-inner\"><div class=\"wpb_wrapper\"><div id=\"ultimate-heading-57069ea65b085a35\" class=\"uvc-heading ult-adjust-bottom-margin ultimate-heading-57069ea65b085a35 uvc-9772\" data-hspacer=\"no_spacer\"  data-halign=\"center\" style=\"text-align:center\"><div class=\"uvc-heading-spacer no_spacer\" style=\"top\"><\/div><div class=\"uvc-main-heading ult-responsive\"  data-ultimate-target='.uvc-heading.ultimate-heading-57069ea65b085a35 h1'  data-responsive-json-new='{\"font-size\":\"\",\"line-height\":\"\"}' ><h1 style=\"font-weight:normal;\">GET INVOLVED<\/h1><\/div><\/div><\/div><\/div><\/div><\/div><\/div><\/div><\/div><\/div><\/div><\/div><div id=\"involucrate\"     class=\"vc_row wpb_row section vc_row-fluid\" style=' text-align:left;'><div class=\"full_section_inner clearfix\"><div class=\"wpb_column vc_column_container vc_col-sm-12\"><div class=\"vc_column-inner\"><div class=\"wpb_wrapper\"><div      class=\"vc_row wpb_row section vc_row-fluid vc_inner  grid_section\" style=' text-align:left;'><div class=\"section_inner clearfix\"><div class='section_inner_margin clearfix'><div class=\"wpb_column vc_column_container vc_col-sm-5 vc_col-lg-offset-1 vc_col-md-offset-1 vc_col-sm-offset-1\"><div class=\"vc_column-inner\"><div class=\"wpb_wrapper\">\n\t<div class=\"wpb_text_column wpb_content_element\">\n\t\t<div class=\"wpb_wrapper\">\n\t\t\t<h2>Help us conserve this natural treasure.<br \/>\nWe need you!<\/h2>\n<p class=\"translation-block\">You can also contribute to the conservation of the natural and cultural heritage of Juan Fern\u00e1ndez. With your support we can continue to work with the local community for the protection of the unique nature of this place and for the preservation of the sustainable way of life. We want to show the world that a life in balance with nature is possible.<\/p>\n\n\t\t<\/div> \n\t<\/div> <\/div><\/div><\/div><div class=\"wpb_column vc_column_container vc_col-sm-4 vc_col-lg-offset-1 vc_col-md-offset-1 vc_col-sm-offset-1\"><div class=\"vc_column-inner\"><div class=\"wpb_wrapper\">\n\t<div class=\"wpb_raw_code wpb_raw_html wpb_content_element\" >\n\t\t<div class=\"wpb_wrapper\">\n\t\t\t<div class=\"frm_forms  with_frm_style frm_style_estilos-formidable\" id=\"frm_form_2_container\" >\n<form enctype=\"multipart\/form-data\" method=\"post\" class=\"frm-show-form\" id=\"form_contact-us\" action=\"\" >\n<div class=\"frm_form_fields\">\n<fieldset>\n<legend class=\"frm_screen_reader\">GET INVOLVED<\/legend>\r\n\r\n<div class=\"frm_fields_container\">\n<input type=\"hidden\" name=\"frm_action\" value=\"create\" \/>\n<input type=\"hidden\" name=\"form_id\" value=\"2\" \/>\n<input type=\"hidden\" name=\"frm_hide_fields_2\" id=\"frm_hide_fields_2\" value=\"\" \/>\n<input type=\"hidden\" name=\"form_key\" value=\"contact-us\" \/>\n<input type=\"hidden\" name=\"item_meta[0]\" value=\"\" \/>\n<input type=\"hidden\" id=\"frm_submit_entry_2\" name=\"frm_submit_entry_2\" value=\"71ce3944ab\" \/><input type=\"hidden\" name=\"_wp_http_referer\" value=\"\/eng\/wp-json\/wp\/v2\/pages\/16025\" \/><div id=\"frm_field_6_container\" class=\"frm_form_field form-field  frm_required_field frm_top_container frm_first frm_half\">\r\n    <label for=\"field_qh4icy2\" id=\"field_qh4icy2_label\" class=\"frm_primary_label\">\r\n        <span class=\"frm_required\" aria-hidden=\"true\"><\/span>\r\n    <\/label>\r\n    <input type=\"text\" id=\"field_qh4icy2\" name=\"item_meta[6]\" value=\"\"  placeholder=\"Name\" data-reqmsg=\"Este campo no puede estar en blanco.\" aria-required=\"true\" data-invmsg=\"Name no es v\u00e1lido\" aria-invalid=\"false\"  \/>\r\n    \r\n    \r\n<\/div>\n<div id=\"frm_field_7_container\" class=\"frm_form_field form-field  frm_required_field frm_hidden_container frm_half\">\r\n    <label for=\"field_ocfup12\" id=\"field_ocfup12_label\" class=\"frm_primary_label\">\r\n        <span class=\"frm_required\" aria-hidden=\"true\"><\/span>\r\n    <\/label>\r\n    <input type=\"text\" id=\"field_ocfup12\" name=\"item_meta[7]\" value=\"\"  placeholder=\"Surname\" data-reqmsg=\"Este campo no puede estar en blanco.\" aria-required=\"true\" data-invmsg=\"Last no es v\u00e1lido\" aria-invalid=\"false\"  \/>\r\n    \r\n    \r\n<\/div>\n<div id=\"frm_field_8_container\" class=\"frm_form_field form-field  frm_required_field frm_top_container frm_full\">\r\n    <label for=\"field_29yf4d2\" id=\"field_29yf4d2_label\" class=\"frm_primary_label\">\r\n        <span class=\"frm_required\" aria-hidden=\"true\"><\/span>\r\n    <\/label>\r\n    <input type=\"email\" id=\"field_29yf4d2\" name=\"item_meta[8]\" value=\"\"  placeholder=\"Email\" data-reqmsg=\"Este campo no puede estar en blanco.\" aria-required=\"true\" data-invmsg=\"Please enter a valid email address\" aria-invalid=\"false\"  \/>\r\n    \r\n    \r\n<\/div>\n<div id=\"frm_field_10_container\" class=\"frm_form_field form-field  frm_required_field frm_top_container frm_full\">\r\n    <label for=\"field_9jv0r12\" id=\"field_9jv0r12_label\" class=\"frm_primary_label\">\r\n        <span class=\"frm_required\" aria-hidden=\"true\"><\/span>\r\n    <\/label>\r\n    <textarea name=\"item_meta[10]\" id=\"field_9jv0r12\" rows=\"5\"  placeholder=\"Write your message\u2026\" data-reqmsg=\"Este campo no puede estar en blanco.\" aria-required=\"true\" data-invmsg=\"This field is invalid\" aria-invalid=\"false\"  ><\/textarea>\r\n    \r\n    \r\n<\/div>\n<div id=\"frm_field_20_container\" class=\"frm_form_field form-field  frm_none_container\">\r\n    <label for=\"g-recaptcha-response\" id=\"field_ngevm_label\" class=\"frm_primary_label\">reCAPTCHA\r\n        <span class=\"frm_required\" aria-hidden=\"true\"><\/span>\r\n    <\/label>\r\n    <div  id=\"field_ngevm\" class=\"frm-g-recaptcha\" data-sitekey=\"6LerrngaAAAAAD-w0HYQiVT4IuU9e-w0e1qzlza3\" data-size=\"normal\" data-theme=\"light\"><\/div>\r\n    \r\n    \r\n<\/div>\n\t<input type=\"hidden\" name=\"item_key\" value=\"\" \/>\n\t\t\t\t<div class=\"frm__67881ad2476c3\">\n\t\t\t\t<label for=\"frm_email_2\" >\n\t\t\t\t\tIf you are human, leave this field blank.\t\t\t\t<\/label>\n\t\t\t\t<input  id=\"frm_email_2\" type=\"text\" class=\"frm_verify\" name=\"frm__67881ad2476c3\" value=\"\" autocomplete=\"off\"  \/>\n\t\t\t<\/div>\n\t\t<div class=\"frm_submit\">\r\n\r\n<button class=\"frm_button_submit boton-blanco\" type=\"submit\"  >SEND<\/button>\r\n\r\n<\/div><\/div>\n<\/fieldset>\n<\/div>\n\n<input type=\"hidden\" name=\"trp-form-language\" value=\"eng\"\/><\/form>\n<\/div>\n\n\t\t<\/div>\n\t<\/div>\n<\/div><\/div><\/div><\/div><\/div><\/div><\/div><\/div><\/div><\/div><\/div>\n<\/div>","protected":false},"excerpt":{"rendered":"Invol\u00facrate Ay\u00fadanos a conservar este tesoro natural. \u00a1Te necesitamos! T\u00fa tambi\u00e9n puedes contribuir a la conservaci\u00f3n del patrimonio natural y cultural de Juan Fern\u00e1ndez. Con tu aporte, seguiremos trabajando junto a la comunidad local por la protecci\u00f3n de la naturaleza \u00fanica de este lugar y...","protected":false},"author":1,"featured_media":0,"parent":0,"menu_order":0,"comment_status":"closed","ping_status":"closed","template":"full_width.php","meta":{"nf_dc_page":"","footnotes":""},"class_list":["post-16025","page","type-page","status-publish","hentry"],"yoast_head":"<!-- This site is optimized with the Yoast SEO plugin v26.9 - https:\/\/yoast.com\/product\/yoast-seo-wordpress\/ -->\n<title>Invol\u00facrate - Archipi\u00e9lago Juan Fern\u00e1ndez<\/title>\n<meta name=\"robots\" content=\"index, follow, max-snippet:-1, max-image-preview:large, max-video-preview:-1\" \/>\n<link rel=\"canonical\" href=\"https:\/\/discoverjuanfernandez.com\/eng\/involucrate\/\" \/>\n<meta property=\"og:locale\" content=\"en_US\" \/>\n<meta property=\"og:type\" content=\"article\" \/>\n<meta property=\"og:title\" content=\"Invol\u00facrate - Archipi\u00e9lago Juan Fern\u00e1ndez\" \/>\n<meta property=\"og:url\" content=\"https:\/\/discoverjuanfernandez.com\/eng\/involucrate\/\" \/>\n<meta property=\"og:site_name\" content=\"Archipi\u00e9lago Juan Fern\u00e1ndez\" \/>\n<meta property=\"article:modified_time\" content=\"2022-07-04T22:13:11+00:00\" \/>\n<meta name=\"twitter:card\" content=\"summary_large_image\" \/>\n<meta name=\"twitter:label1\" content=\"Est. reading time\" \/>\n\t<meta name=\"twitter:data1\" content=\"1 minute\" \/>\n<script type=\"application\/ld+json\" class=\"yoast-schema-graph\">{\"@context\":\"https:\/\/schema.org\",\"@graph\":[{\"@type\":\"WebPage\",\"@id\":\"https:\/\/discoverjuanfernandez.com\/involucrate\/\",\"url\":\"https:\/\/discoverjuanfernandez.com\/involucrate\/\",\"name\":\"Invol\u00facrate - Archipi\u00e9lago Juan Fern\u00e1ndez\",\"isPartOf\":{\"@id\":\"https:\/\/discoverjuanfernandez.com\/#website\"},\"datePublished\":\"2022-06-14T20:57:50+00:00\",\"dateModified\":\"2022-07-04T22:13:11+00:00\",\"breadcrumb\":{\"@id\":\"https:\/\/discoverjuanfernandez.com\/involucrate\/#breadcrumb\"},\"inLanguage\":\"en-US\",\"potentialAction\":[{\"@type\":\"ReadAction\",\"target\":[\"https:\/\/discoverjuanfernandez.com\/involucrate\/\"]}]},{\"@type\":\"BreadcrumbList\",\"@id\":\"https:\/\/discoverjuanfernandez.com\/involucrate\/#breadcrumb\",\"itemListElement\":[{\"@type\":\"ListItem\",\"position\":1,\"name\":\"Portada\",\"item\":\"https:\/\/discoverjuanfernandez.com\/\"},{\"@type\":\"ListItem\",\"position\":2,\"name\":\"Invol\u00facrate\"}]},{\"@type\":\"WebSite\",\"@id\":\"https:\/\/discoverjuanfernandez.com\/#website\",\"url\":\"https:\/\/discoverjuanfernandez.com\/\",\"name\":\"Archipi\u00e9lago Juan Fern\u00e1ndez\",\"description\":\"e islas desventuradas\",\"publisher\":{\"@id\":\"https:\/\/discoverjuanfernandez.com\/#organization\"},\"potentialAction\":[{\"@type\":\"SearchAction\",\"target\":{\"@type\":\"EntryPoint\",\"urlTemplate\":\"https:\/\/discoverjuanfernandez.com\/?s={search_term_string}\"},\"query-input\":{\"@type\":\"PropertyValueSpecification\",\"valueRequired\":true,\"valueName\":\"search_term_string\"}}],\"inLanguage\":\"en-US\"},{\"@type\":\"Organization\",\"@id\":\"https:\/\/discoverjuanfernandez.com\/#organization\",\"name\":\"Archipi\u00e9lago Juan Fern\u00e1ndez\",\"url\":\"https:\/\/discoverjuanfernandez.com\/\",\"logo\":{\"@type\":\"ImageObject\",\"inLanguage\":\"en-US\",\"@id\":\"https:\/\/discoverjuanfernandez.com\/#\/schema\/logo\/image\/\",\"url\":\"https:\/\/discoverjuanfernandez.com\/wp-content\/uploads\/2022\/05\/logo.new_.png\",\"contentUrl\":\"https:\/\/discoverjuanfernandez.com\/wp-content\/uploads\/2022\/05\/logo.new_.png\",\"width\":138,\"height\":140,\"caption\":\"Archipi\u00e9lago Juan Fern\u00e1ndez\"},\"image\":{\"@id\":\"https:\/\/discoverjuanfernandez.com\/#\/schema\/logo\/image\/\"}}]}<\/script>\n<!-- \/ Yoast SEO plugin. -->","yoast_head_json":{"title":"Invol\u00facrate - Archipi\u00e9lago Juan Fern\u00e1ndez","robots":{"index":"index","follow":"follow","max-snippet":"max-snippet:-1","max-image-preview":"max-image-preview:large","max-video-preview":"max-video-preview:-1"},"canonical":"https:\/\/discoverjuanfernandez.com\/eng\/involucrate\/","og_locale":"en_US","og_type":"article","og_title":"Invol\u00facrate - Archipi\u00e9lago Juan Fern\u00e1ndez","og_url":"https:\/\/discoverjuanfernandez.com\/eng\/involucrate\/","og_site_name":"Archipi\u00e9lago Juan Fern\u00e1ndez","article_modified_time":"2022-07-04T22:13:11+00:00","twitter_card":"summary_large_image","twitter_misc":{"Est. reading time":"1 minute"},"schema":{"@context":"https:\/\/schema.org","@graph":[{"@type":"WebPage","@id":"https:\/\/discoverjuanfernandez.com\/involucrate\/","url":"https:\/\/discoverjuanfernandez.com\/involucrate\/","name":"Invol\u00facrate - Archipi\u00e9lago Juan Fern\u00e1ndez","isPartOf":{"@id":"https:\/\/discoverjuanfernandez.com\/#website"},"datePublished":"2022-06-14T20:57:50+00:00","dateModified":"2022-07-04T22:13:11+00:00","breadcrumb":{"@id":"https:\/\/discoverjuanfernandez.com\/involucrate\/#breadcrumb"},"inLanguage":"en-US","potentialAction":[{"@type":"ReadAction","target":["https:\/\/discoverjuanfernandez.com\/involucrate\/"]}]},{"@type":"BreadcrumbList","@id":"https:\/\/discoverjuanfernandez.com\/involucrate\/#breadcrumb","itemListElement":[{"@type":"ListItem","position":1,"name":"Portada","item":"https:\/\/discoverjuanfernandez.com\/"},{"@type":"ListItem","position":2,"name":"Invol\u00facrate"}]},{"@type":"WebSite","@id":"https:\/\/discoverjuanfernandez.com\/#website","url":"https:\/\/discoverjuanfernandez.com\/","name":"Archipi\u00e9lago Juan Fern\u00e1ndez","description":"e islas desventuradas","publisher":{"@id":"https:\/\/discoverjuanfernandez.com\/#organization"},"potentialAction":[{"@type":"SearchAction","target":{"@type":"EntryPoint","urlTemplate":"https:\/\/discoverjuanfernandez.com\/?s={search_term_string}"},"query-input":{"@type":"PropertyValueSpecification","valueRequired":true,"valueName":"search_term_string"}}],"inLanguage":"en-US"},{"@type":"Organization","@id":"https:\/\/discoverjuanfernandez.com\/#organization","name":"Archipi\u00e9lago Juan Fern\u00e1ndez","url":"https:\/\/discoverjuanfernandez.com\/","logo":{"@type":"ImageObject","inLanguage":"en-US","@id":"https:\/\/discoverjuanfernandez.com\/#\/schema\/logo\/image\/","url":"https:\/\/discoverjuanfernandez.com\/wp-content\/uploads\/2022\/05\/logo.new_.png","contentUrl":"https:\/\/discoverjuanfernandez.com\/wp-content\/uploads\/2022\/05\/logo.new_.png","width":138,"height":140,"caption":"Archipi\u00e9lago Juan Fern\u00e1ndez"},"image":{"@id":"https:\/\/discoverjuanfernandez.com\/#\/schema\/logo\/image\/"}}]}},"_links":{"self":[{"href":"https:\/\/discoverjuanfernandez.com\/eng\/wp-json\/wp\/v2\/pages\/16025","targetHints":{"allow":["GET"]}}],"collection":[{"href":"https:\/\/discoverjuanfernandez.com\/eng\/wp-json\/wp\/v2\/pages"}],"about":[{"href":"https:\/\/discoverjuanfernandez.com\/eng\/wp-json\/wp\/v2\/types\/page"}],"author":[{"embeddable":true,"href":"https:\/\/discoverjuanfernandez.com\/eng\/wp-json\/wp\/v2\/users\/1"}],"replies":[{"embeddable":true,"href":"https:\/\/discoverjuanfernandez.com\/eng\/wp-json\/wp\/v2\/comments?post=16025"}],"version-history":[{"count":14,"href":"https:\/\/discoverjuanfernandez.com\/eng\/wp-json\/wp\/v2\/pages\/16025\/revisions"}],"predecessor-version":[{"id":17158,"href":"https:\/\/discoverjuanfernandez.com\/eng\/wp-json\/wp\/v2\/pages\/16025\/revisions\/17158"}],"wp:attachment":[{"href":"https:\/\/discoverjuanfernandez.com\/eng\/wp-json\/wp\/v2\/media?parent=16025"}],"curies":[{"name":"wp","href":"https:\/\/api.w.org\/{rel}","templated":true}]}}