{"id":16140,"date":"2022-06-15T15:27:26","date_gmt":"2022-06-15T19:27:26","guid":{"rendered":"https:\/\/discoverjuanfernandez.com\/?page_id=16140"},"modified":"2022-07-05T15:27:19","modified_gmt":"2022-07-05T19:27:19","slug":"vivir-en-juan-fernandez","status":"publish","type":"page","link":"https:\/\/discoverjuanfernandez.com\/eng\/vivir-en-juan-fernandez\/","title":{"rendered":"LIVING IN JUAN FERNANDEZ"},"content":{"rendered":"<div class=\"wpb-content-wrapper\"><div id=\"encabezado\"     class=\"vc_row wpb_row section vc_row-fluid\" style=' text-align:left;'><div class=\"full_section_inner clearfix\"><div class=\"wpb_column vc_column_container vc_col-sm-12\"><div class=\"vc_column-inner\"><div class=\"wpb_wrapper\"><div      class=\"vc_row wpb_row section vc_row-fluid vc_inner\" style=' text-align:left;'><div class=\"full_section_inner clearfix\"><div class=\"wpb_column vc_column_container vc_col-sm-12\"><div class=\"vc_column-inner\"><div class=\"wpb_wrapper\"><div id=\"ultimate-heading-972369ea46bc8cf81\" class=\"uvc-heading ult-adjust-bottom-margin ultimate-heading-972369ea46bc8cf81 uvc-1289\" data-hspacer=\"no_spacer\"  data-halign=\"center\" style=\"text-align:center\"><div class=\"uvc-heading-spacer no_spacer\" style=\"top\"><\/div><div class=\"uvc-main-heading ult-responsive\"  data-ultimate-target='.uvc-heading.ultimate-heading-972369ea46bc8cf81 h4'  data-responsive-json-new='{\"font-size\":\"\",\"line-height\":\"\"}' ><h4 style=\"font-weight:normal;\">LIVING IN JUAN FERNANDEZ<\/h4><\/div><\/div>\n\t<div class=\"wpb_text_column wpb_content_element\">\n\t\t<div class=\"wpb_wrapper\">\n\t\t\t<h1>Connection with nature<\/h1>\n\n\t\t<\/div> \n\t<\/div> <\/div><\/div><\/div><\/div><\/div><div      class=\"vc_row wpb_row section vc_row-fluid vc_inner  bajada\" style=' text-align:left;'><div class=\"full_section_inner clearfix\"><div class=\"wpb_column vc_column_container vc_col-sm-10 vc_col-lg-offset-3 vc_col-lg-6 vc_col-md-offset-3 vc_col-md-6 vc_col-sm-offset-1 vc_col-xs-offset-1 vc_col-xs-10\"><div class=\"vc_column-inner\"><div class=\"wpb_wrapper\">\n\t<div class=\"wpb_text_column wpb_content_element\">\n\t\t<div class=\"wpb_wrapper\">\n\t\t\t<p>The population of over 1,000 people who live mainly in the town of San Juan Bautista, on Robinson Crusoe Island, live mainly from sustainable lobster fishing, as well as tourism, which is also maintained on a sustainable scale. An important part of life in this corner of the Pacific happens within the community, and those who visit the island are welcome to be a part of it.<\/p>\n\n\t\t<\/div> \n\t<\/div> <\/div><\/div><\/div><\/div><\/div><\/div><\/div><\/div><\/div><\/div><div id=\"mosaico-2\"     class=\"vc_row wpb_row section vc_row-fluid\" style=' text-align:left;'><div class=\"full_section_inner clearfix\"><div class=\"wpb_column vc_column_container vc_col-sm-6\"><div class=\"vc_column-inner\"><div class=\"wpb_wrapper\"><div      class=\"vc_row wpb_row section vc_row-fluid vc_inner\" style=' text-align:left;'><div class=\"full_section_inner clearfix\"><div class=\"wpb_column vc_column_container vc_col-sm-6\"><div class=\"vc_column-inner\"><div class=\"wpb_wrapper\">\n\t<div class=\"wpb_single_image wpb_content_element vc_align_center\">\n\t\t<div class=\"wpb_wrapper\">\n\t\t\t\n\t\t\t<div class=\"vc_single_image-wrapper   vc_box_border_grey\"><img loading=\"lazy\" decoding=\"async\" width=\"485\" height=\"501\" src=\"https:\/\/discoverjuanfernandez.com\/wp-content\/uploads\/2022\/07\/Group-286.jpg\" class=\"vc_single_image-img attachment-full\" alt=\"\" title=\"Group 286\" srcset=\"https:\/\/discoverjuanfernandez.com\/wp-content\/uploads\/2022\/07\/Group-286.jpg 485w, https:\/\/discoverjuanfernandez.com\/wp-content\/uploads\/2022\/07\/Group-286-290x300.jpg 290w, https:\/\/discoverjuanfernandez.com\/wp-content\/uploads\/2022\/07\/Group-286-12x12.jpg 12w, https:\/\/discoverjuanfernandez.com\/wp-content\/uploads\/2022\/07\/Group-286@2x.jpg 970w\" sizes=\"auto, (max-width: 485px) 100vw, 485px\" \/><\/div>\n\t\t<\/div>\n\t<\/div>\n<\/div><\/div><\/div><div class=\"wpb_column vc_column_container vc_col-sm-6\"><div class=\"vc_column-inner\"><div class=\"wpb_wrapper\">\n\t<div class=\"wpb_single_image wpb_content_element vc_align_center\">\n\t\t<div class=\"wpb_wrapper\">\n\t\t\t\n\t\t\t<div class=\"vc_single_image-wrapper   vc_box_border_grey\"><img loading=\"lazy\" decoding=\"async\" width=\"485\" height=\"501\" src=\"https:\/\/discoverjuanfernandez.com\/wp-content\/uploads\/2022\/07\/Group-287-2.jpg\" class=\"vc_single_image-img attachment-full\" alt=\"\" title=\"Group 287-2\" srcset=\"https:\/\/discoverjuanfernandez.com\/wp-content\/uploads\/2022\/07\/Group-287-2.jpg 485w, https:\/\/discoverjuanfernandez.com\/wp-content\/uploads\/2022\/07\/Group-287-2-290x300.jpg 290w, https:\/\/discoverjuanfernandez.com\/wp-content\/uploads\/2022\/07\/Group-287-2-12x12.jpg 12w, https:\/\/discoverjuanfernandez.com\/wp-content\/uploads\/2022\/07\/Group-287-2@2x.jpg 970w\" sizes=\"auto, (max-width: 485px) 100vw, 485px\" \/><\/div>\n\t\t<\/div>\n\t<\/div>\n<\/div><\/div><\/div><\/div><\/div><div      class=\"vc_row wpb_row section vc_row-fluid vc_inner\" style=' text-align:left;'><div class=\"full_section_inner clearfix\"><div class=\"wpb_column vc_column_container vc_col-sm-12\"><div class=\"vc_column-inner\"><div class=\"wpb_wrapper\">\n\t<div class=\"wpb_single_image wpb_content_element vc_align_center\">\n\t\t<div class=\"wpb_wrapper\">\n\t\t\t\n\t\t\t<div class=\"vc_single_image-wrapper   vc_box_border_grey\"><img loading=\"lazy\" decoding=\"async\" width=\"966\" height=\"657\" src=\"https:\/\/discoverjuanfernandez.com\/wp-content\/uploads\/2022\/07\/botes.jpg\" class=\"vc_single_image-img attachment-full\" alt=\"\" title=\"botes\" srcset=\"https:\/\/discoverjuanfernandez.com\/wp-content\/uploads\/2022\/07\/botes.jpg 966w, https:\/\/discoverjuanfernandez.com\/wp-content\/uploads\/2022\/07\/botes-300x204.jpg 300w, https:\/\/discoverjuanfernandez.com\/wp-content\/uploads\/2022\/07\/botes-18x12.jpg 18w, https:\/\/discoverjuanfernandez.com\/wp-content\/uploads\/2022\/07\/botes-700x476.jpg 700w, https:\/\/discoverjuanfernandez.com\/wp-content\/uploads\/2022\/07\/botes@2x.jpg 1932w, https:\/\/discoverjuanfernandez.com\/wp-content\/uploads\/2022\/07\/botes-300x204@2x.jpg 600w\" sizes=\"auto, (max-width: 966px) 100vw, 966px\" \/><\/div>\n\t\t<\/div>\n\t<\/div>\n<\/div><\/div><\/div><\/div><\/div><\/div><\/div><\/div><div class=\"wpb_column vc_column_container vc_col-sm-6\"><div class=\"vc_column-inner\"><div class=\"wpb_wrapper\">\n\t<div class=\"wpb_single_image wpb_content_element vc_align_center\">\n\t\t<div class=\"wpb_wrapper\">\n\t\t\t\n\t\t\t<div class=\"vc_single_image-wrapper   vc_box_border_grey\"><img loading=\"lazy\" decoding=\"async\" width=\"966\" height=\"1181\" src=\"https:\/\/discoverjuanfernandez.com\/wp-content\/uploads\/2022\/06\/Rectangle-65.jpg\" class=\"vc_single_image-img attachment-full\" alt=\"\" title=\"Rectangle 65\" srcset=\"https:\/\/discoverjuanfernandez.com\/wp-content\/uploads\/2022\/06\/Rectangle-65.jpg 966w, https:\/\/discoverjuanfernandez.com\/wp-content\/uploads\/2022\/06\/Rectangle-65-245x300.jpg 245w, https:\/\/discoverjuanfernandez.com\/wp-content\/uploads\/2022\/06\/Rectangle-65-838x1024.jpg 838w, https:\/\/discoverjuanfernandez.com\/wp-content\/uploads\/2022\/06\/Rectangle-65-10x12.jpg 10w, https:\/\/discoverjuanfernandez.com\/wp-content\/uploads\/2022\/06\/Rectangle-65-700x856.jpg 700w, https:\/\/discoverjuanfernandez.com\/wp-content\/uploads\/2022\/06\/Rectangle-65@2x.jpg 1932w, https:\/\/discoverjuanfernandez.com\/wp-content\/uploads\/2022\/06\/Rectangle-65-245x300@2x.jpg 490w\" sizes=\"auto, (max-width: 966px) 100vw, 966px\" \/><\/div>\n\t\t<\/div>\n\t<\/div>\n<\/div><\/div><\/div><\/div><\/div><section id=\"parallax-interior\"     data-speed=\"1\" class=\"parallax_section_holder   qode_full_screen_height_parallax\" style = \" height:px; background-image:url('https:\/\/discoverjuanfernandez.com\/wp-content\/uploads\/2022\/07\/landscape-2.jpg');\"><div class=\"parallax_content_full_width center\" ><div class='parallax_section_inner_margin clearfix'><div class=\"wpb_column vc_column_container vc_col-sm-12\"><div class=\"vc_column-inner\"><div class=\"wpb_wrapper\"><\/div><\/div><\/div><\/div><\/div><\/section><div id=\"ap-2\"     class=\"vc_row wpb_row section vc_row-fluid\" style=' text-align:left;'><div class=\"full_section_inner clearfix\"><div class=\"wpb_column vc_column_container vc_col-sm-12\"><div class=\"vc_column-inner\"><div class=\"wpb_wrapper\"><div      class=\"vc_row wpb_row section vc_row-fluid vc_inner\" style=' text-align:left;'><div class=\"full_section_inner clearfix\"><div class=\"wpb_column vc_column_container vc_col-sm-10 vc_col-lg-offset-1 vc_col-xs-offset-1 vc_col-xs-10\"><div class=\"vc_column-inner\"><div class=\"wpb_wrapper\">\n\t<div class=\"wpb_text_column wpb_content_element\">\n\t\t<div class=\"wpb_wrapper\">\n\t\t\t<h2 style=\"text-align: center;\">EVERYONE\u2019S ISLAND<\/h2>\n\n\t\t<\/div> \n\t<\/div> \n\t<div class=\"wpb_text_column wpb_content_element  dos-columnas\">\n\t\t<div class=\"wpb_wrapper\">\n\t\t\t<p class=\"translation-block\">In the archipelago of Juan Fern\u00e1ndez and the Desventuradas Islands, the collective use of the land is the norm. Only Robinson Crusoe has a small area, around 3%, which is not part of the National Park. In the remaining 97% of the island, there is no private property, so anyone can make use of the land. The islands and their seas belong to everyone, and the entire community cares for and protects them. Local traditions such as the Villagra Rodeo, which is held once a year, the harvesting of fruits such as maqui or murtilla for consumption, music whose local songbook is passed on orally, sports such as rowing and sailing, fishing and lobster trading as currency, or even volunteer work for the construction of public works such as the airstrip and trails, are deep-rooted practices that are experienced in the community and are transmitted from one generation to another.<\/p>\n\n\t\t<\/div> \n\t<\/div> <\/div><\/div><\/div><\/div><\/div><\/div><\/div><\/div><\/div><\/div><div id=\"testimonios\"     class=\"vc_row wpb_row section vc_row-fluid  img-left verde\" style=' text-align:left;'><div class=\"full_section_inner clearfix\"><div class=\"wpb_column vc_column_container vc_col-sm-12 vc_col-lg-offset-0 vc_col-md-offset-0 vc_col-sm-offset-0 vc_col-xs-offset-1 vc_col-xs-10\"><div class=\"vc_column-inner\"><div class=\"wpb_wrapper\"><div      class=\"vc_row wpb_row section vc_row-fluid vc_inner\" style=' text-align:left;'><div class=\"full_section_inner clearfix\"><div class=\"wpb_column vc_column_container vc_col-sm-4\"><div class=\"vc_column-inner\"><div class=\"wpb_wrapper\">\n\t<div class=\"wpb_single_image wpb_content_element vc_align_center\">\n\t\t<div class=\"wpb_wrapper\">\n\t\t\t\n\t\t\t<div class=\"vc_single_image-wrapper   vc_box_border_grey\"><img loading=\"lazy\" decoding=\"async\" width=\"477\" height=\"373\" src=\"https:\/\/discoverjuanfernandez.com\/wp-content\/uploads\/2022\/06\/Magaly-Schiller-Baez_Herederos-del-Mar.jpg\" class=\"vc_single_image-img attachment-full\" alt=\"\" title=\"Magaly Schiller Baez_Herederos del Mar\" srcset=\"https:\/\/discoverjuanfernandez.com\/wp-content\/uploads\/2022\/06\/Magaly-Schiller-Baez_Herederos-del-Mar.jpg 477w, https:\/\/discoverjuanfernandez.com\/wp-content\/uploads\/2022\/06\/Magaly-Schiller-Baez_Herederos-del-Mar-300x235.jpg 300w, https:\/\/discoverjuanfernandez.com\/wp-content\/uploads\/2022\/06\/Magaly-Schiller-Baez_Herederos-del-Mar-15x12.jpg 15w, https:\/\/discoverjuanfernandez.com\/wp-content\/uploads\/2022\/06\/Magaly-Schiller-Baez_Herederos-del-Mar@2x.jpg 954w\" sizes=\"auto, (max-width: 477px) 100vw, 477px\" \/><\/div>\n\t\t<\/div>\n\t<\/div>\n<\/div><\/div><\/div><div class=\"wpb_column vc_column_container vc_col-sm-6 vc_col-lg-offset-1 vc_col-md-offset-1 vc_col-sm-offset-1\"><div class=\"vc_column-inner\"><div class=\"wpb_wrapper\">\n\t<div class=\"wpb_text_column wpb_content_element\">\n\t\t<div class=\"wpb_wrapper\">\n\t\t\t<p>\u201cI have the joy of being an islander, I am very happy that festivities like Villagra continue, where the entire community comes together to share and preserve our traditions.\u201d<\/p>\n\n\t\t<\/div> \n\t<\/div> \n\t<div class=\"wpb_text_column wpb_content_element  testimonios-autor\">\n\t\t<div class=\"wpb_wrapper\">\n\t\t\t<h5>MAGALY SCHILLER B\u00c1EZ, 84 YEARS OLD.<\/h5>\n\n\t\t<\/div> \n\t<\/div> <\/div><\/div><\/div><\/div><\/div><\/div><\/div><\/div><\/div><\/div>\n<\/div>","protected":false},"excerpt":{"rendered":"Vivir en Juan Fern\u00e1ndez Conexi\u00f3n natural Las m\u00e1s de 1.000 personas que habitan mayoritariamente en el poblado de San Juan Bautista, en la isla Robinson Crusoe, viven principalmente de la pesca sustentable de la langosta y, en parte, del turismo, que tambi\u00e9n se mantiene a...","protected":false},"author":1,"featured_media":0,"parent":0,"menu_order":0,"comment_status":"closed","ping_status":"closed","template":"full_width.php","meta":{"nf_dc_page":"","footnotes":""},"class_list":["post-16140","page","type-page","status-publish","hentry"],"yoast_head":"<!-- This site is optimized with the Yoast SEO plugin v26.9 - https:\/\/yoast.com\/product\/yoast-seo-wordpress\/ -->\n<title>Vivir en Juan Fern\u00e1ndez - Archipi\u00e9lago Juan Fern\u00e1ndez<\/title>\n<meta name=\"robots\" content=\"index, follow, max-snippet:-1, max-image-preview:large, max-video-preview:-1\" \/>\n<link rel=\"canonical\" href=\"https:\/\/discoverjuanfernandez.com\/eng\/vivir-en-juan-fernandez\/\" \/>\n<meta property=\"og:locale\" content=\"en_US\" \/>\n<meta property=\"og:type\" content=\"article\" \/>\n<meta property=\"og:title\" content=\"Vivir en Juan Fern\u00e1ndez - Archipi\u00e9lago Juan Fern\u00e1ndez\" \/>\n<meta property=\"og:url\" content=\"https:\/\/discoverjuanfernandez.com\/eng\/vivir-en-juan-fernandez\/\" \/>\n<meta property=\"og:site_name\" content=\"Archipi\u00e9lago Juan Fern\u00e1ndez\" \/>\n<meta property=\"article:modified_time\" content=\"2022-07-05T19:27:19+00:00\" \/>\n<meta name=\"twitter:card\" content=\"summary_large_image\" \/>\n<meta name=\"twitter:label1\" content=\"Est. reading time\" \/>\n\t<meta name=\"twitter:data1\" content=\"4 minutes\" \/>\n<script type=\"application\/ld+json\" class=\"yoast-schema-graph\">{\"@context\":\"https:\/\/schema.org\",\"@graph\":[{\"@type\":\"WebPage\",\"@id\":\"https:\/\/discoverjuanfernandez.com\/vivir-en-juan-fernandez\/\",\"url\":\"https:\/\/discoverjuanfernandez.com\/vivir-en-juan-fernandez\/\",\"name\":\"Vivir en Juan Fern\u00e1ndez - Archipi\u00e9lago Juan Fern\u00e1ndez\",\"isPartOf\":{\"@id\":\"https:\/\/discoverjuanfernandez.com\/#website\"},\"datePublished\":\"2022-06-15T19:27:26+00:00\",\"dateModified\":\"2022-07-05T19:27:19+00:00\",\"breadcrumb\":{\"@id\":\"https:\/\/discoverjuanfernandez.com\/vivir-en-juan-fernandez\/#breadcrumb\"},\"inLanguage\":\"en-US\",\"potentialAction\":[{\"@type\":\"ReadAction\",\"target\":[\"https:\/\/discoverjuanfernandez.com\/vivir-en-juan-fernandez\/\"]}]},{\"@type\":\"BreadcrumbList\",\"@id\":\"https:\/\/discoverjuanfernandez.com\/vivir-en-juan-fernandez\/#breadcrumb\",\"itemListElement\":[{\"@type\":\"ListItem\",\"position\":1,\"name\":\"Portada\",\"item\":\"https:\/\/discoverjuanfernandez.com\/\"},{\"@type\":\"ListItem\",\"position\":2,\"name\":\"Vivir en Juan Fern\u00e1ndez\"}]},{\"@type\":\"WebSite\",\"@id\":\"https:\/\/discoverjuanfernandez.com\/#website\",\"url\":\"https:\/\/discoverjuanfernandez.com\/\",\"name\":\"Archipi\u00e9lago Juan Fern\u00e1ndez\",\"description\":\"e islas desventuradas\",\"publisher\":{\"@id\":\"https:\/\/discoverjuanfernandez.com\/#organization\"},\"potentialAction\":[{\"@type\":\"SearchAction\",\"target\":{\"@type\":\"EntryPoint\",\"urlTemplate\":\"https:\/\/discoverjuanfernandez.com\/?s={search_term_string}\"},\"query-input\":{\"@type\":\"PropertyValueSpecification\",\"valueRequired\":true,\"valueName\":\"search_term_string\"}}],\"inLanguage\":\"en-US\"},{\"@type\":\"Organization\",\"@id\":\"https:\/\/discoverjuanfernandez.com\/#organization\",\"name\":\"Archipi\u00e9lago Juan Fern\u00e1ndez\",\"url\":\"https:\/\/discoverjuanfernandez.com\/\",\"logo\":{\"@type\":\"ImageObject\",\"inLanguage\":\"en-US\",\"@id\":\"https:\/\/discoverjuanfernandez.com\/#\/schema\/logo\/image\/\",\"url\":\"https:\/\/discoverjuanfernandez.com\/wp-content\/uploads\/2022\/05\/logo.new_.png\",\"contentUrl\":\"https:\/\/discoverjuanfernandez.com\/wp-content\/uploads\/2022\/05\/logo.new_.png\",\"width\":138,\"height\":140,\"caption\":\"Archipi\u00e9lago Juan Fern\u00e1ndez\"},\"image\":{\"@id\":\"https:\/\/discoverjuanfernandez.com\/#\/schema\/logo\/image\/\"}}]}<\/script>\n<!-- \/ Yoast SEO plugin. -->","yoast_head_json":{"title":"Vivir en Juan Fern\u00e1ndez - Archipi\u00e9lago Juan Fern\u00e1ndez","robots":{"index":"index","follow":"follow","max-snippet":"max-snippet:-1","max-image-preview":"max-image-preview:large","max-video-preview":"max-video-preview:-1"},"canonical":"https:\/\/discoverjuanfernandez.com\/eng\/vivir-en-juan-fernandez\/","og_locale":"en_US","og_type":"article","og_title":"Vivir en Juan Fern\u00e1ndez - Archipi\u00e9lago Juan Fern\u00e1ndez","og_url":"https:\/\/discoverjuanfernandez.com\/eng\/vivir-en-juan-fernandez\/","og_site_name":"Archipi\u00e9lago Juan Fern\u00e1ndez","article_modified_time":"2022-07-05T19:27:19+00:00","twitter_card":"summary_large_image","twitter_misc":{"Est. reading time":"4 minutes"},"schema":{"@context":"https:\/\/schema.org","@graph":[{"@type":"WebPage","@id":"https:\/\/discoverjuanfernandez.com\/vivir-en-juan-fernandez\/","url":"https:\/\/discoverjuanfernandez.com\/vivir-en-juan-fernandez\/","name":"Vivir en Juan Fern\u00e1ndez - Archipi\u00e9lago Juan Fern\u00e1ndez","isPartOf":{"@id":"https:\/\/discoverjuanfernandez.com\/#website"},"datePublished":"2022-06-15T19:27:26+00:00","dateModified":"2022-07-05T19:27:19+00:00","breadcrumb":{"@id":"https:\/\/discoverjuanfernandez.com\/vivir-en-juan-fernandez\/#breadcrumb"},"inLanguage":"en-US","potentialAction":[{"@type":"ReadAction","target":["https:\/\/discoverjuanfernandez.com\/vivir-en-juan-fernandez\/"]}]},{"@type":"BreadcrumbList","@id":"https:\/\/discoverjuanfernandez.com\/vivir-en-juan-fernandez\/#breadcrumb","itemListElement":[{"@type":"ListItem","position":1,"name":"Portada","item":"https:\/\/discoverjuanfernandez.com\/"},{"@type":"ListItem","position":2,"name":"Vivir en Juan Fern\u00e1ndez"}]},{"@type":"WebSite","@id":"https:\/\/discoverjuanfernandez.com\/#website","url":"https:\/\/discoverjuanfernandez.com\/","name":"Archipi\u00e9lago Juan Fern\u00e1ndez","description":"e islas desventuradas","publisher":{"@id":"https:\/\/discoverjuanfernandez.com\/#organization"},"potentialAction":[{"@type":"SearchAction","target":{"@type":"EntryPoint","urlTemplate":"https:\/\/discoverjuanfernandez.com\/?s={search_term_string}"},"query-input":{"@type":"PropertyValueSpecification","valueRequired":true,"valueName":"search_term_string"}}],"inLanguage":"en-US"},{"@type":"Organization","@id":"https:\/\/discoverjuanfernandez.com\/#organization","name":"Archipi\u00e9lago Juan Fern\u00e1ndez","url":"https:\/\/discoverjuanfernandez.com\/","logo":{"@type":"ImageObject","inLanguage":"en-US","@id":"https:\/\/discoverjuanfernandez.com\/#\/schema\/logo\/image\/","url":"https:\/\/discoverjuanfernandez.com\/wp-content\/uploads\/2022\/05\/logo.new_.png","contentUrl":"https:\/\/discoverjuanfernandez.com\/wp-content\/uploads\/2022\/05\/logo.new_.png","width":138,"height":140,"caption":"Archipi\u00e9lago Juan Fern\u00e1ndez"},"image":{"@id":"https:\/\/discoverjuanfernandez.com\/#\/schema\/logo\/image\/"}}]}},"_links":{"self":[{"href":"https:\/\/discoverjuanfernandez.com\/eng\/wp-json\/wp\/v2\/pages\/16140","targetHints":{"allow":["GET"]}}],"collection":[{"href":"https:\/\/discoverjuanfernandez.com\/eng\/wp-json\/wp\/v2\/pages"}],"about":[{"href":"https:\/\/discoverjuanfernandez.com\/eng\/wp-json\/wp\/v2\/types\/page"}],"author":[{"embeddable":true,"href":"https:\/\/discoverjuanfernandez.com\/eng\/wp-json\/wp\/v2\/users\/1"}],"replies":[{"embeddable":true,"href":"https:\/\/discoverjuanfernandez.com\/eng\/wp-json\/wp\/v2\/comments?post=16140"}],"version-history":[{"count":31,"href":"https:\/\/discoverjuanfernandez.com\/eng\/wp-json\/wp\/v2\/pages\/16140\/revisions"}],"predecessor-version":[{"id":17278,"href":"https:\/\/discoverjuanfernandez.com\/eng\/wp-json\/wp\/v2\/pages\/16140\/revisions\/17278"}],"wp:attachment":[{"href":"https:\/\/discoverjuanfernandez.com\/eng\/wp-json\/wp\/v2\/media?parent=16140"}],"curies":[{"name":"wp","href":"https:\/\/api.w.org\/{rel}","templated":true}]}}