{"id":16234,"date":"2022-06-16T11:20:58","date_gmt":"2022-06-16T15:20:58","guid":{"rendered":"https:\/\/discoverjuanfernandez.com\/?page_id=16234"},"modified":"2022-07-04T16:45:47","modified_gmt":"2022-07-04T20:45:47","slug":"surf-juan-fernandez","status":"publish","type":"page","link":"https:\/\/discoverjuanfernandez.com\/eng\/surf-juan-fernandez\/","title":{"rendered":"SURFING"},"content":{"rendered":"<div class=\"wpb-content-wrapper\"><section id=\"parallax-home\"     data-speed=\"1\" class=\"parallax_section_holder  interior  qode_full_screen_height_parallax qode_vertical_middle_align\" style = \" height:px; background-image:url('https:\/\/discoverjuanfernandez.com\/wp-content\/uploads\/2022\/06\/Surf.jpg');\"><div class=\"parallax_content_outer\"><div class=\"parallax_content_full_width center\" ><div class='parallax_section_inner_margin clearfix'><div class=\"wpb_column vc_column_container vc_col-sm-12\"><div class=\"vc_column-inner\"><div class=\"wpb_wrapper\"><div id=\"ultimate-heading-920369ea6ab83aae9\" class=\"uvc-heading ult-adjust-bottom-margin ultimate-heading-920369ea6ab83aae9 uvc-9679\" data-hspacer=\"no_spacer\"  data-halign=\"center\" style=\"text-align:center\"><div class=\"uvc-heading-spacer no_spacer\" style=\"top\"><\/div><div class=\"uvc-main-heading ult-responsive\"  data-ultimate-target='.uvc-heading.ultimate-heading-920369ea6ab83aae9 h1'  data-responsive-json-new='{\"font-size\":\"\",\"line-height\":\"\"}' ><h1 style=\"font-weight:normal;\">SURFING<\/h1><\/div><\/div><\/div><\/div><\/div><\/div><\/div><\/div><\/section><div id=\"que-hacer\"     class=\"vc_row wpb_row section vc_row-fluid\" style=' text-align:left;'><div class=\"full_section_inner clearfix\"><div class=\"wpb_column vc_column_container vc_col-sm-12 vc_col-sm-offset-0 vc_col-xs-offset-1 vc_col-xs-10\"><div class=\"vc_column-inner\"><div class=\"wpb_wrapper\"><div      class=\"vc_row wpb_row section vc_row-fluid vc_inner\" style=' text-align:left;'><div class=\"full_section_inner clearfix\"><div class=\"wpb_column vc_column_container vc_col-sm-4 vc_col-lg-offset-2 vc_col-md-offset-2 vc_col-sm-offset-2\"><div class=\"vc_column-inner\"><div class=\"wpb_wrapper\">\n\t<div class=\"wpb_text_column wpb_content_element\">\n\t\t<div class=\"wpb_wrapper\">\n\t\t\t<h1 style=\"text-align: left;\">The waves of an island in the middle of the Pacific<\/h1>\n\n\t\t<\/div> \n\t<\/div> <\/div><\/div><\/div><div class=\"wpb_column vc_column_container vc_col-sm-4\"><div class=\"vc_column-inner\"><div class=\"wpb_wrapper\">\n\t<div class=\"wpb_text_column wpb_content_element\">\n\t\t<div class=\"wpb_wrapper\">\n\t\t\t<p>In Juan Fern\u00e1ndez the sea is the protagonist, and surfers who come to this corner of the planet also find waves they can surf. From the board, you get unique views of the dramatic geography of Juan Fern\u00e1ndez. You can also see fur seals and enjoy the abundant marine fauna.<\/p>\n<p>Bah\u00eda del Padre, Playa Larga, La Pichoca and El Arenal are some of the best spots on Robinson Crusoe Island for surfing.<\/p>\n\n\t\t<\/div> \n\t<\/div> \n\n\t<a href=\"https:\/\/discoverjuanfernandez.com\/eng\/operadores-turisticos\/\" target=\"_self\"  class=\"qode-btn qode-btn-medium qode-btn-solid boton-transparente qode-btn-default-hover\"  >\n\t    <span class=\"qode-btn-text\">SEE TOUR OPERATORS<\/span>\t<\/a>\n\n<\/div><\/div><\/div><\/div><\/div><\/div><\/div><\/div><\/div><\/div><div id=\"que-hacer-interior\"     class=\"vc_row wpb_row section vc_row-fluid\" style=' text-align:left;'><div class=\"full_section_inner clearfix\"><div class=\"wpb_column vc_column_container vc_col-sm-12\"><div class=\"vc_column-inner\"><div class=\"wpb_wrapper\"><div      class=\"vc_row wpb_row section vc_row-fluid vc_inner  grid_section\" style=' text-align:left;'><div class=\"section_inner clearfix\"><div class='section_inner_margin clearfix'><div class=\"wpb_column vc_column_container vc_col-sm-3\"><div class=\"vc_column-inner\"><div class=\"wpb_wrapper\">\n\t<div class=\"wpb_single_image wpb_content_element vc_align_center  qode_image_hover_zoom_in\">\n\t\t<div class=\"wpb_wrapper\">\n\t\t\t\n\t\t\t<a class=\"qode-prettyphoto qode-single-image-pretty-photo\" data-rel=\"prettyPhoto[rel-16234-4181898841]\" href=\"https:\/\/discoverjuanfernandez.com\/wp-content\/uploads\/2022\/07\/Rectangle-3984.jpg\" target=\"_self\"><div class=\"vc_single_image-wrapper   vc_box_border_grey\"><img loading=\"lazy\" decoding=\"async\" width=\"526\" height=\"466\" src=\"https:\/\/discoverjuanfernandez.com\/wp-content\/uploads\/2022\/07\/Rectangle-3984.jpg\" class=\"vc_single_image-img attachment-full\" alt=\"\" title=\"Rectangle 3984\" srcset=\"https:\/\/discoverjuanfernandez.com\/wp-content\/uploads\/2022\/07\/Rectangle-3984.jpg 526w, https:\/\/discoverjuanfernandez.com\/wp-content\/uploads\/2022\/07\/Rectangle-3984-300x266.jpg 300w, https:\/\/discoverjuanfernandez.com\/wp-content\/uploads\/2022\/07\/Rectangle-3984-14x12.jpg 14w, https:\/\/discoverjuanfernandez.com\/wp-content\/uploads\/2022\/07\/Rectangle-3984@2x.jpg 1052w\" sizes=\"auto, (max-width: 526px) 100vw, 526px\" \/><\/div><\/a>\n\t\t<\/div>\n\t<\/div>\n<\/div><\/div><\/div><div class=\"wpb_column vc_column_container vc_col-sm-3\"><div class=\"vc_column-inner\"><div class=\"wpb_wrapper\">\n\t<div class=\"wpb_single_image wpb_content_element vc_align_center  qode_image_hover_zoom_in\">\n\t\t<div class=\"wpb_wrapper\">\n\t\t\t\n\t\t\t<a class=\"qode-prettyphoto qode-single-image-pretty-photo\" data-rel=\"prettyPhoto[rel-16234-555355475]\" href=\"https:\/\/discoverjuanfernandez.com\/wp-content\/uploads\/2022\/06\/2-Rectangle-3985.jpg\" target=\"_self\"><div class=\"vc_single_image-wrapper   vc_box_border_grey\"><img loading=\"lazy\" decoding=\"async\" width=\"526\" height=\"466\" src=\"https:\/\/discoverjuanfernandez.com\/wp-content\/uploads\/2022\/06\/2-Rectangle-3985.jpg\" class=\"vc_single_image-img attachment-full\" alt=\"\" title=\"2-Rectangle 3985\" srcset=\"https:\/\/discoverjuanfernandez.com\/wp-content\/uploads\/2022\/06\/2-Rectangle-3985.jpg 526w, https:\/\/discoverjuanfernandez.com\/wp-content\/uploads\/2022\/06\/2-Rectangle-3985-300x266.jpg 300w, https:\/\/discoverjuanfernandez.com\/wp-content\/uploads\/2022\/06\/2-Rectangle-3985-14x12.jpg 14w, https:\/\/discoverjuanfernandez.com\/wp-content\/uploads\/2022\/06\/2-Rectangle-3985@2x.jpg 1052w\" sizes=\"auto, (max-width: 526px) 100vw, 526px\" \/><\/div><\/a>\n\t\t<\/div>\n\t<\/div>\n<\/div><\/div><\/div><div class=\"wpb_column vc_column_container vc_col-sm-3\"><div class=\"vc_column-inner\"><div class=\"wpb_wrapper\">\n\t<div class=\"wpb_single_image wpb_content_element vc_align_center  qode_image_hover_zoom_in\">\n\t\t<div class=\"wpb_wrapper\">\n\t\t\t\n\t\t\t<a class=\"qode-prettyphoto qode-single-image-pretty-photo\" data-rel=\"prettyPhoto[rel-16234-3248536552]\" href=\"https:\/\/discoverjuanfernandez.com\/wp-content\/uploads\/2022\/06\/4-Rectangle-3986.jpg\" target=\"_self\"><div class=\"vc_single_image-wrapper   vc_box_border_grey\"><img loading=\"lazy\" decoding=\"async\" width=\"526\" height=\"466\" src=\"https:\/\/discoverjuanfernandez.com\/wp-content\/uploads\/2022\/06\/4-Rectangle-3986.jpg\" class=\"vc_single_image-img attachment-full\" alt=\"\" title=\"4-Rectangle 3986\" srcset=\"https:\/\/discoverjuanfernandez.com\/wp-content\/uploads\/2022\/06\/4-Rectangle-3986.jpg 526w, https:\/\/discoverjuanfernandez.com\/wp-content\/uploads\/2022\/06\/4-Rectangle-3986-300x266.jpg 300w, https:\/\/discoverjuanfernandez.com\/wp-content\/uploads\/2022\/06\/4-Rectangle-3986-14x12.jpg 14w, https:\/\/discoverjuanfernandez.com\/wp-content\/uploads\/2022\/06\/4-Rectangle-3986@2x.jpg 1052w\" sizes=\"auto, (max-width: 526px) 100vw, 526px\" \/><\/div><\/a>\n\t\t<\/div>\n\t<\/div>\n<\/div><\/div><\/div><div class=\"wpb_column vc_column_container vc_col-sm-3\"><div class=\"vc_column-inner\"><div class=\"wpb_wrapper\">\n\t<div class=\"wpb_single_image wpb_content_element vc_align_center  qode_image_hover_zoom_in\">\n\t\t<div class=\"wpb_wrapper\">\n\t\t\t\n\t\t\t<a class=\"qode-prettyphoto qode-single-image-pretty-photo\" data-rel=\"prettyPhoto[rel-16234-358943744]\" href=\"https:\/\/discoverjuanfernandez.com\/wp-content\/uploads\/2022\/06\/4-Rectangle-3987.jpg\" target=\"_self\"><div class=\"vc_single_image-wrapper   vc_box_border_grey\"><img loading=\"lazy\" decoding=\"async\" width=\"526\" height=\"466\" src=\"https:\/\/discoverjuanfernandez.com\/wp-content\/uploads\/2022\/06\/4-Rectangle-3987.jpg\" class=\"vc_single_image-img attachment-full\" alt=\"\" title=\"4-Rectangle 3987\" srcset=\"https:\/\/discoverjuanfernandez.com\/wp-content\/uploads\/2022\/06\/4-Rectangle-3987.jpg 526w, https:\/\/discoverjuanfernandez.com\/wp-content\/uploads\/2022\/06\/4-Rectangle-3987-300x266.jpg 300w, https:\/\/discoverjuanfernandez.com\/wp-content\/uploads\/2022\/06\/4-Rectangle-3987-14x12.jpg 14w, https:\/\/discoverjuanfernandez.com\/wp-content\/uploads\/2022\/06\/4-Rectangle-3987@2x.jpg 1052w\" sizes=\"auto, (max-width: 526px) 100vw, 526px\" \/><\/div><\/a>\n\t\t<\/div>\n\t<\/div>\n<\/div><\/div><\/div><\/div><\/div><\/div><\/div><\/div><\/div><\/div><\/div>\n<\/div>","protected":false},"excerpt":{"rendered":"Surf Las olas de una isla en medio del Pac\u00edfico En Juan Fern\u00e1ndez el mar es todo y los fan\u00e1ticos del surf que llegan a este rinc\u00f3n del planeta tambi\u00e9n encuentran olas donde practicarlo. Desde la tabla se logran vistas \u00fanicas de la dram\u00e1tica geograf\u00eda...","protected":false},"author":1,"featured_media":0,"parent":0,"menu_order":0,"comment_status":"closed","ping_status":"closed","template":"full_width.php","meta":{"nf_dc_page":"","footnotes":""},"class_list":["post-16234","page","type-page","status-publish","hentry"],"yoast_head":"<!-- This site is optimized with the Yoast SEO plugin v26.9 - https:\/\/yoast.com\/product\/yoast-seo-wordpress\/ -->\n<title>Surf - Archipi\u00e9lago Juan Fern\u00e1ndez<\/title>\n<meta name=\"robots\" content=\"index, follow, max-snippet:-1, max-image-preview:large, max-video-preview:-1\" \/>\n<link rel=\"canonical\" href=\"https:\/\/discoverjuanfernandez.com\/eng\/surf-juan-fernandez\/\" \/>\n<meta property=\"og:locale\" content=\"en_US\" \/>\n<meta property=\"og:type\" content=\"article\" \/>\n<meta property=\"og:title\" content=\"Surf - Archipi\u00e9lago Juan Fern\u00e1ndez\" \/>\n<meta property=\"og:url\" content=\"https:\/\/discoverjuanfernandez.com\/eng\/surf-juan-fernandez\/\" \/>\n<meta property=\"og:site_name\" content=\"Archipi\u00e9lago Juan Fern\u00e1ndez\" \/>\n<meta property=\"article:modified_time\" content=\"2022-07-04T20:45:47+00:00\" \/>\n<meta name=\"twitter:card\" content=\"summary_large_image\" \/>\n<meta name=\"twitter:label1\" content=\"Est. reading time\" \/>\n\t<meta name=\"twitter:data1\" content=\"1 minute\" \/>\n<script type=\"application\/ld+json\" class=\"yoast-schema-graph\">{\"@context\":\"https:\/\/schema.org\",\"@graph\":[{\"@type\":\"WebPage\",\"@id\":\"https:\/\/discoverjuanfernandez.com\/surf-juan-fernandez\/\",\"url\":\"https:\/\/discoverjuanfernandez.com\/surf-juan-fernandez\/\",\"name\":\"Surf - Archipi\u00e9lago Juan Fern\u00e1ndez\",\"isPartOf\":{\"@id\":\"https:\/\/discoverjuanfernandez.com\/#website\"},\"datePublished\":\"2022-06-16T15:20:58+00:00\",\"dateModified\":\"2022-07-04T20:45:47+00:00\",\"breadcrumb\":{\"@id\":\"https:\/\/discoverjuanfernandez.com\/surf-juan-fernandez\/#breadcrumb\"},\"inLanguage\":\"en-US\",\"potentialAction\":[{\"@type\":\"ReadAction\",\"target\":[\"https:\/\/discoverjuanfernandez.com\/surf-juan-fernandez\/\"]}]},{\"@type\":\"BreadcrumbList\",\"@id\":\"https:\/\/discoverjuanfernandez.com\/surf-juan-fernandez\/#breadcrumb\",\"itemListElement\":[{\"@type\":\"ListItem\",\"position\":1,\"name\":\"Portada\",\"item\":\"https:\/\/discoverjuanfernandez.com\/\"},{\"@type\":\"ListItem\",\"position\":2,\"name\":\"Surf\"}]},{\"@type\":\"WebSite\",\"@id\":\"https:\/\/discoverjuanfernandez.com\/#website\",\"url\":\"https:\/\/discoverjuanfernandez.com\/\",\"name\":\"Archipi\u00e9lago Juan Fern\u00e1ndez\",\"description\":\"e islas desventuradas\",\"publisher\":{\"@id\":\"https:\/\/discoverjuanfernandez.com\/#organization\"},\"potentialAction\":[{\"@type\":\"SearchAction\",\"target\":{\"@type\":\"EntryPoint\",\"urlTemplate\":\"https:\/\/discoverjuanfernandez.com\/?s={search_term_string}\"},\"query-input\":{\"@type\":\"PropertyValueSpecification\",\"valueRequired\":true,\"valueName\":\"search_term_string\"}}],\"inLanguage\":\"en-US\"},{\"@type\":\"Organization\",\"@id\":\"https:\/\/discoverjuanfernandez.com\/#organization\",\"name\":\"Archipi\u00e9lago Juan Fern\u00e1ndez\",\"url\":\"https:\/\/discoverjuanfernandez.com\/\",\"logo\":{\"@type\":\"ImageObject\",\"inLanguage\":\"en-US\",\"@id\":\"https:\/\/discoverjuanfernandez.com\/#\/schema\/logo\/image\/\",\"url\":\"https:\/\/discoverjuanfernandez.com\/wp-content\/uploads\/2022\/05\/logo.new_.png\",\"contentUrl\":\"https:\/\/discoverjuanfernandez.com\/wp-content\/uploads\/2022\/05\/logo.new_.png\",\"width\":138,\"height\":140,\"caption\":\"Archipi\u00e9lago Juan Fern\u00e1ndez\"},\"image\":{\"@id\":\"https:\/\/discoverjuanfernandez.com\/#\/schema\/logo\/image\/\"}}]}<\/script>\n<!-- \/ Yoast SEO plugin. -->","yoast_head_json":{"title":"Surf - Archipi\u00e9lago Juan Fern\u00e1ndez","robots":{"index":"index","follow":"follow","max-snippet":"max-snippet:-1","max-image-preview":"max-image-preview:large","max-video-preview":"max-video-preview:-1"},"canonical":"https:\/\/discoverjuanfernandez.com\/eng\/surf-juan-fernandez\/","og_locale":"en_US","og_type":"article","og_title":"Surf - Archipi\u00e9lago Juan Fern\u00e1ndez","og_url":"https:\/\/discoverjuanfernandez.com\/eng\/surf-juan-fernandez\/","og_site_name":"Archipi\u00e9lago Juan Fern\u00e1ndez","article_modified_time":"2022-07-04T20:45:47+00:00","twitter_card":"summary_large_image","twitter_misc":{"Est. reading time":"1 minute"},"schema":{"@context":"https:\/\/schema.org","@graph":[{"@type":"WebPage","@id":"https:\/\/discoverjuanfernandez.com\/surf-juan-fernandez\/","url":"https:\/\/discoverjuanfernandez.com\/surf-juan-fernandez\/","name":"Surf - Archipi\u00e9lago Juan Fern\u00e1ndez","isPartOf":{"@id":"https:\/\/discoverjuanfernandez.com\/#website"},"datePublished":"2022-06-16T15:20:58+00:00","dateModified":"2022-07-04T20:45:47+00:00","breadcrumb":{"@id":"https:\/\/discoverjuanfernandez.com\/surf-juan-fernandez\/#breadcrumb"},"inLanguage":"en-US","potentialAction":[{"@type":"ReadAction","target":["https:\/\/discoverjuanfernandez.com\/surf-juan-fernandez\/"]}]},{"@type":"BreadcrumbList","@id":"https:\/\/discoverjuanfernandez.com\/surf-juan-fernandez\/#breadcrumb","itemListElement":[{"@type":"ListItem","position":1,"name":"Portada","item":"https:\/\/discoverjuanfernandez.com\/"},{"@type":"ListItem","position":2,"name":"Surf"}]},{"@type":"WebSite","@id":"https:\/\/discoverjuanfernandez.com\/#website","url":"https:\/\/discoverjuanfernandez.com\/","name":"Archipi\u00e9lago Juan Fern\u00e1ndez","description":"e islas desventuradas","publisher":{"@id":"https:\/\/discoverjuanfernandez.com\/#organization"},"potentialAction":[{"@type":"SearchAction","target":{"@type":"EntryPoint","urlTemplate":"https:\/\/discoverjuanfernandez.com\/?s={search_term_string}"},"query-input":{"@type":"PropertyValueSpecification","valueRequired":true,"valueName":"search_term_string"}}],"inLanguage":"en-US"},{"@type":"Organization","@id":"https:\/\/discoverjuanfernandez.com\/#organization","name":"Archipi\u00e9lago Juan Fern\u00e1ndez","url":"https:\/\/discoverjuanfernandez.com\/","logo":{"@type":"ImageObject","inLanguage":"en-US","@id":"https:\/\/discoverjuanfernandez.com\/#\/schema\/logo\/image\/","url":"https:\/\/discoverjuanfernandez.com\/wp-content\/uploads\/2022\/05\/logo.new_.png","contentUrl":"https:\/\/discoverjuanfernandez.com\/wp-content\/uploads\/2022\/05\/logo.new_.png","width":138,"height":140,"caption":"Archipi\u00e9lago Juan Fern\u00e1ndez"},"image":{"@id":"https:\/\/discoverjuanfernandez.com\/#\/schema\/logo\/image\/"}}]}},"_links":{"self":[{"href":"https:\/\/discoverjuanfernandez.com\/eng\/wp-json\/wp\/v2\/pages\/16234","targetHints":{"allow":["GET"]}}],"collection":[{"href":"https:\/\/discoverjuanfernandez.com\/eng\/wp-json\/wp\/v2\/pages"}],"about":[{"href":"https:\/\/discoverjuanfernandez.com\/eng\/wp-json\/wp\/v2\/types\/page"}],"author":[{"embeddable":true,"href":"https:\/\/discoverjuanfernandez.com\/eng\/wp-json\/wp\/v2\/users\/1"}],"replies":[{"embeddable":true,"href":"https:\/\/discoverjuanfernandez.com\/eng\/wp-json\/wp\/v2\/comments?post=16234"}],"version-history":[{"count":10,"href":"https:\/\/discoverjuanfernandez.com\/eng\/wp-json\/wp\/v2\/pages\/16234\/revisions"}],"predecessor-version":[{"id":17169,"href":"https:\/\/discoverjuanfernandez.com\/eng\/wp-json\/wp\/v2\/pages\/16234\/revisions\/17169"}],"wp:attachment":[{"href":"https:\/\/discoverjuanfernandez.com\/eng\/wp-json\/wp\/v2\/media?parent=16234"}],"curies":[{"name":"wp","href":"https:\/\/api.w.org\/{rel}","templated":true}]}}