{"id":17005,"date":"2022-07-01T11:39:46","date_gmt":"2022-07-01T15:39:46","guid":{"rendered":"https:\/\/discoverjuanfernandez.com\/?page_id=17005"},"modified":"2022-07-21T12:15:16","modified_gmt":"2022-07-21T16:15:16","slug":"puntos-de-venta","status":"publish","type":"page","link":"https:\/\/discoverjuanfernandez.com\/eng\/puntos-de-venta\/","title":{"rendered":"SHOP LOCATIONS"},"content":{"rendered":"<div class=\"wpb-content-wrapper\"><div id=\"margen-pagina\"     class=\"vc_row wpb_row section vc_row-fluid  ot pv grid_section\" style=' text-align:left;'><div class=\"section_inner clearfix\"><div class='section_inner_margin clearfix'><div class=\"wpb_column vc_column_container vc_col-sm-12\"><div class=\"vc_column-inner\"><div class=\"wpb_wrapper\"><div      class=\"vc_row wpb_row section vc_row-fluid vc_inner\" style=' text-align:left;'><div class=\"full_section_inner clearfix\"><div class=\"wpb_column vc_column_container vc_col-sm-12\"><div class=\"vc_column-inner\"><div class=\"wpb_wrapper\">\n\t<div class=\"wpb_text_column wpb_content_element\">\n\t\t<div class=\"wpb_wrapper\">\n\t\t\t<h2 style=\"text-align: left;\">Fishermen<\/h2>\n\n\t\t<\/div> \n\t<\/div> <\/div><\/div><\/div><\/div><\/div><div      class=\"vc_row wpb_row section vc_row-fluid vc_inner\" style=' text-align:left;'><div class=\"full_section_inner clearfix\"><div class=\"wpb_column vc_column_container vc_col-sm-4\"><div class=\"vc_column-inner\"><div class=\"wpb_wrapper\">\n\t<div class=\"wpb_text_column wpb_content_element\">\n\t\t<div class=\"wpb_wrapper\">\n\t\t\t<p><strong>Dante Aguirre Araya<\/strong><\/p>\n<ul>\n<li>+56994515914<\/li>\n<li>&#8211;<\/li>\n<li>Lobster, fish<\/li>\n<\/ul>\n<p><strong>Wilson Alberto Gonz\u00e1lez Celed\u00f3n<\/strong><\/p>\n<ul>\n<li>+56996442986<\/li>\n<li>&#8211;<\/li>\n<li>Lobster, fish<\/li>\n<\/ul>\n<p><strong>Teodoro Rub\u00e9n Rivadeneira Recabarren<\/strong><\/p>\n<ul>\n<li>+56992359324<\/li>\n<li>&#8211;<\/li>\n<li>Lobster, fish<\/li>\n<\/ul>\n<p><strong>Daniel Alejando Gonz\u00e1lez Aguirre<\/strong><\/p>\n<ul>\n<li>+56993648731<\/li>\n<li>IG: @mardejf237<\/li>\n<li>Lobster, fish<\/li>\n<\/ul>\n\n\t\t<\/div> \n\t<\/div> <\/div><\/div><\/div><div class=\"wpb_column vc_column_container vc_col-sm-4\"><div class=\"vc_column-inner\"><div class=\"wpb_wrapper\">\n\t<div class=\"wpb_text_column wpb_content_element\">\n\t\t<div class=\"wpb_wrapper\">\n\t\t\t<p><strong>Waldo Antonio Chamorro Paredes<\/strong><\/p>\n<ul>\n<li>+56961551127<\/li>\n<li>&#8211;<\/li>\n<li>Lobster, golden crab, octopus, fish<\/li>\n<\/ul>\n\n\t\t<\/div> \n\t<\/div> \n\t<div class=\"wpb_text_column wpb_content_element\">\n\t\t<div class=\"wpb_wrapper\">\n\t\t\t<p><strong>Guillermo Danilo Gonz\u00e1lez De Rodt<\/strong><\/p>\n<ol>\n<li>+56990119909<\/li>\n<li>gdrodt@gmail.com<\/li>\n<li>Lobster, fish<\/li>\n<\/ol>\n\n\t\t<\/div> \n\t<\/div> \n\t<div class=\"wpb_text_column wpb_content_element\">\n\t\t<div class=\"wpb_wrapper\">\n\t\t\t<p><strong>Franco Javier Recabarren Salas<\/strong><\/p>\n<ul>\n<li>+56941839123<\/li>\n<li>&#8211;<\/li>\n<li>Lobster, fish<\/li>\n<\/ul>\n\n\t\t<\/div> \n\t<\/div> <\/div><\/div><\/div><div class=\"wpb_column vc_column_container vc_col-sm-4\"><div class=\"vc_column-inner\"><div class=\"wpb_wrapper\">\n\t<div class=\"wpb_text_column wpb_content_element\">\n\t\t<div class=\"wpb_wrapper\">\n\t\t\t<p><strong>Ronaldo Miguel Contreras Schiller<\/strong><\/p>\n<ul>\n<li>+56983652604<\/li>\n<li>&#8211;<\/li>\n<li>Juan Fern\u00e1ndez rock lobster<\/li>\n<\/ul>\n<p><strong>Sergio Alfonso Guinao Mu\u00f1oz<\/strong><\/p>\n<ul>\n<li>+56983107169<\/li>\n<li>&#8211;<\/li>\n<li>Golden crab<\/li>\n<\/ul>\n\n\t\t<\/div> \n\t<\/div> <\/div><\/div><\/div><\/div><\/div><\/div><\/div><\/div><\/div><\/div><\/div><div      class=\"vc_row wpb_row section vc_row-fluid  ot pv caja-2 grid_section\" style=' text-align:left;'><div class=\"section_inner clearfix\"><div class='section_inner_margin clearfix'><div class=\"wpb_column vc_column_container vc_col-sm-12\"><div class=\"vc_column-inner\"><div class=\"wpb_wrapper\"><div      class=\"vc_row wpb_row section vc_row-fluid vc_inner  ancho\" style=' text-align:left;'><div class=\"full_section_inner clearfix\"><div class=\"wpb_column vc_column_container vc_col-sm-12\"><div class=\"vc_column-inner\"><div class=\"wpb_wrapper\">\n\t<div class=\"wpb_text_column wpb_content_element\">\n\t\t<div class=\"wpb_wrapper\">\n\t\t\t<h2 style=\"text-align: left;\">Traders \/ Companies<\/h2>\n\n\t\t<\/div> \n\t<\/div> <\/div><\/div><\/div><\/div><\/div><div      class=\"vc_row wpb_row section vc_row-fluid vc_inner\" style=' text-align:left;'><div class=\"full_section_inner clearfix\"><div class=\"wpb_column vc_column_container vc_col-sm-4\"><div class=\"vc_column-inner\"><div class=\"wpb_wrapper\">\n\t<div class=\"wpb_text_column wpb_content_element\">\n\t\t<div class=\"wpb_wrapper\">\n\t\t\t<p><strong>Andr\u00e9s Salas Burgos Planta y Comercializadora de Productos del Mar Ltda.<\/strong><\/p>\n<ul>\n<li>+56989587467<\/li>\n<li>&#8211;<\/li>\n<li>Lobster, fish<\/li>\n<\/ul>\n\n\t\t<\/div> \n\t<\/div> \n\t<div class=\"wpb_text_column wpb_content_element\">\n\t\t<div class=\"wpb_wrapper\">\n\t\t\t<p><strong>El Pez Volador Comercializadora<\/strong><\/p>\n<ul>\n<li>+56953360013<\/li>\n<li>IG: @_elpezvolador_<\/li>\n<li>Lobster, golden crab, octopus, fish<\/li>\n<\/ul>\n\n\t\t<\/div> \n\t<\/div> \n\t<div class=\"wpb_text_column wpb_content_element\">\n\t\t<div class=\"wpb_wrapper\">\n\t\t\t<p><strong>Robin Food Spa<\/strong><\/p>\n<ul>\n<li>+56951286722<\/li>\n<li>IG: @robinfoodchile<\/li>\n<li>Lobster, golden crab, octopus, fish<\/li>\n<\/ul>\n\n\t\t<\/div> \n\t<\/div> <\/div><\/div><\/div><div class=\"wpb_column vc_column_container vc_col-sm-4\"><div class=\"vc_column-inner\"><div class=\"wpb_wrapper\">\n\t<div class=\"wpb_text_column wpb_content_element\">\n\t\t<div class=\"wpb_wrapper\">\n\t\t\t<p><strong>Comercializadora de Productos Naturales y Manufactura Playa Larga Ltda<\/strong><\/p>\n<ul>\n<li>+56993218712<\/li>\n<li>&#8211;<\/li>\n<li>Lobster, octopus, fish<\/li>\n<\/ul>\n\n\t\t<\/div> \n\t<\/div> \n\t<div class=\"wpb_text_column wpb_content_element\">\n\t\t<div class=\"wpb_wrapper\">\n\t\t\t<p><strong>The Sea of Juan Fern\u00e1ndez<\/strong><\/p>\n<ul>\n<li>+56993267760<\/li>\n<li>IG: @mardejuanfernandez<\/li>\n<li>Lobster, fish<\/li>\n<\/ul>\n\n\t\t<\/div> \n\t<\/div> \n\t<div class=\"wpb_text_column wpb_content_element\">\n\t\t<div class=\"wpb_wrapper\">\n\t\t\t<p><strong>Paula Santa Ana Steffens<\/strong><\/p>\n<ol>\n<li>+56968353272<\/li>\n<li>salvajesandalo@gmail.com<\/li>\n<li>Lobster, golden crab, octopus, fish<\/li>\n<\/ol>\n\n\t\t<\/div> \n\t<\/div> <\/div><\/div><\/div><div class=\"wpb_column vc_column_container vc_col-sm-4\"><div class=\"vc_column-inner\"><div class=\"wpb_wrapper\">\n\t<div class=\"wpb_text_column wpb_content_element\">\n\t\t<div class=\"wpb_wrapper\">\n\t\t\t<p><strong>Cooperativa de Pescadores de Langosta Isla Alejandro Selkikr<\/strong><\/p>\n<ol>\n<li>+56954202602<\/li>\n<li>chile.langostas@gmail.com<\/li>\n<li>Lobster<\/li>\n<\/ol>\n\n\t\t<\/div> \n\t<\/div> \n\t<div class=\"wpb_text_column wpb_content_element\">\n\t\t<div class=\"wpb_wrapper\">\n\t\t\t<p><strong>Leonardo Rojas Recabarren Comercializadora de Productos Eirl<\/strong><\/p>\n<ul>\n<li>+56995315478<\/li>\n<li>&#8211;<\/li>\n<li>Juan Fern\u00e1ndez rock lobster<\/li>\n<\/ul>\n\n\t\t<\/div> \n\t<\/div> \n\t<div class=\"wpb_text_column wpb_content_element\">\n\t\t<div class=\"wpb_wrapper\">\n\t\t\t<p><strong>STIPA, Sindicato de Trabajadores Independientes Pescadores Artesanales de Juan Fern\u00e1ndez<\/strong><\/p>\n<ol>\n<li>+56993648731<\/li>\n<li>proyectostipajf@gmail.com<\/li>\n<li>Juan Fern\u00e1ndez rock lobster<\/li>\n<\/ol>\n\n\t\t<\/div> \n\t<\/div> <\/div><\/div><\/div><\/div><\/div><\/div><\/div><\/div><\/div><\/div><\/div><div id=\"testimonios\"     class=\"vc_row wpb_row section vc_row-fluid  img-left verde\" style=' text-align:left;'><div class=\"full_section_inner clearfix\"><div class=\"wpb_column vc_column_container vc_col-sm-12 vc_col-lg-offset-0 vc_col-md-offset-0 vc_col-sm-offset-0 vc_col-xs-offset-1 vc_col-xs-10\"><div class=\"vc_column-inner\"><div class=\"wpb_wrapper\"><div      class=\"vc_row wpb_row section vc_row-fluid vc_inner\" style=' text-align:left;'><div class=\"full_section_inner clearfix\"><div class=\"wpb_column vc_column_container vc_col-sm-5\"><div class=\"vc_column-inner\"><div class=\"wpb_wrapper\">\n\t<div class=\"wpb_single_image wpb_content_element vc_align_left\">\n\t\t<div class=\"wpb_wrapper\">\n\t\t\t\n\t\t\t<div class=\"vc_single_image-wrapper   vc_box_border_grey\"><img loading=\"lazy\" decoding=\"async\" width=\"477\" height=\"373\" src=\"https:\/\/discoverjuanfernandez.com\/wp-content\/uploads\/2022\/07\/Wilson-Gonzalez.jpg\" class=\"vc_single_image-img attachment-full\" alt=\"\" title=\"Wilson Gonzalez\" srcset=\"https:\/\/discoverjuanfernandez.com\/wp-content\/uploads\/2022\/07\/Wilson-Gonzalez.jpg 477w, https:\/\/discoverjuanfernandez.com\/wp-content\/uploads\/2022\/07\/Wilson-Gonzalez-300x235.jpg 300w, https:\/\/discoverjuanfernandez.com\/wp-content\/uploads\/2022\/07\/Wilson-Gonzalez-15x12.jpg 15w, https:\/\/discoverjuanfernandez.com\/wp-content\/uploads\/2022\/07\/Wilson-Gonzalez@2x.jpg 954w\" sizes=\"auto, (max-width: 477px) 100vw, 477px\" \/><\/div>\n\t\t<\/div>\n\t<\/div>\n<\/div><\/div><\/div><div class=\"wpb_column vc_column_container vc_col-sm-6\"><div class=\"vc_column-inner\"><div class=\"wpb_wrapper\">\n\t<div class=\"wpb_text_column wpb_content_element\">\n\t\t<div class=\"wpb_wrapper\">\n\t\t\t<p>\u201cIt has not been easy to protect our resources. But we agreed not to give in, and demand regulations. This is how sustainability happens, with agreements and commitment.\u201d<\/p>\n\n\t\t<\/div> \n\t<\/div> \n\t<div class=\"wpb_text_column wpb_content_element  testimonios-autor\">\n\t\t<div class=\"wpb_wrapper\">\n\t\t\t<h5>WILSON GONZ\u00c1LEZ CELED\u00d3N, FISHERMAN, 79 YEARS OLD.<\/h5>\n\n\t\t<\/div> \n\t<\/div> <\/div><\/div><\/div><\/div><\/div><\/div><\/div><\/div><\/div><\/div>\n<\/div>","protected":false},"excerpt":{"rendered":"Pescadores Dante Aguirre Araya +56994515914 - Langosta, pescado Wilson Alberto Gonz\u00e1lez Celed\u00f3n +56996442986 - Langosta, pescado Teodoro Rub\u00e9n Rivadeneira Recabarren +56992359324 - Langosta, pescado Daniel Alejando Gonz\u00e1lez Aguirre +56993648731 IG: @mardejf237 Langosta, pescado Waldo Antonio Chamorro Paredes +56961551127 - Langosta, cangrejo dorado, pulpo, pescado Guillermo...","protected":false},"author":1,"featured_media":0,"parent":0,"menu_order":0,"comment_status":"closed","ping_status":"closed","template":"full_width.php","meta":{"nf_dc_page":"","footnotes":""},"class_list":["post-17005","page","type-page","status-publish","hentry"],"yoast_head":"<!-- This site is optimized with the Yoast SEO plugin v26.9 - https:\/\/yoast.com\/product\/yoast-seo-wordpress\/ -->\n<title>Puntos de venta - Archipi\u00e9lago Juan Fern\u00e1ndez<\/title>\n<meta name=\"robots\" content=\"index, follow, max-snippet:-1, max-image-preview:large, max-video-preview:-1\" \/>\n<link rel=\"canonical\" href=\"https:\/\/discoverjuanfernandez.com\/eng\/puntos-de-venta\/\" \/>\n<meta property=\"og:locale\" content=\"en_US\" \/>\n<meta property=\"og:type\" content=\"article\" \/>\n<meta property=\"og:title\" content=\"Puntos de venta - Archipi\u00e9lago Juan Fern\u00e1ndez\" \/>\n<meta property=\"og:url\" content=\"https:\/\/discoverjuanfernandez.com\/eng\/puntos-de-venta\/\" \/>\n<meta property=\"og:site_name\" content=\"Archipi\u00e9lago Juan Fern\u00e1ndez\" \/>\n<meta property=\"article:modified_time\" content=\"2022-07-21T16:15:16+00:00\" \/>\n<meta name=\"twitter:card\" content=\"summary_large_image\" \/>\n<meta name=\"twitter:label1\" content=\"Est. reading time\" \/>\n\t<meta name=\"twitter:data1\" content=\"2 minutes\" \/>\n<script type=\"application\/ld+json\" class=\"yoast-schema-graph\">{\"@context\":\"https:\/\/schema.org\",\"@graph\":[{\"@type\":\"WebPage\",\"@id\":\"https:\/\/discoverjuanfernandez.com\/puntos-de-venta\/\",\"url\":\"https:\/\/discoverjuanfernandez.com\/puntos-de-venta\/\",\"name\":\"Puntos de venta - Archipi\u00e9lago Juan Fern\u00e1ndez\",\"isPartOf\":{\"@id\":\"https:\/\/discoverjuanfernandez.com\/#website\"},\"datePublished\":\"2022-07-01T15:39:46+00:00\",\"dateModified\":\"2022-07-21T16:15:16+00:00\",\"breadcrumb\":{\"@id\":\"https:\/\/discoverjuanfernandez.com\/puntos-de-venta\/#breadcrumb\"},\"inLanguage\":\"en-US\",\"potentialAction\":[{\"@type\":\"ReadAction\",\"target\":[\"https:\/\/discoverjuanfernandez.com\/puntos-de-venta\/\"]}]},{\"@type\":\"BreadcrumbList\",\"@id\":\"https:\/\/discoverjuanfernandez.com\/puntos-de-venta\/#breadcrumb\",\"itemListElement\":[{\"@type\":\"ListItem\",\"position\":1,\"name\":\"Portada\",\"item\":\"https:\/\/discoverjuanfernandez.com\/\"},{\"@type\":\"ListItem\",\"position\":2,\"name\":\"Puntos de venta\"}]},{\"@type\":\"WebSite\",\"@id\":\"https:\/\/discoverjuanfernandez.com\/#website\",\"url\":\"https:\/\/discoverjuanfernandez.com\/\",\"name\":\"Archipi\u00e9lago Juan Fern\u00e1ndez\",\"description\":\"e islas desventuradas\",\"publisher\":{\"@id\":\"https:\/\/discoverjuanfernandez.com\/#organization\"},\"potentialAction\":[{\"@type\":\"SearchAction\",\"target\":{\"@type\":\"EntryPoint\",\"urlTemplate\":\"https:\/\/discoverjuanfernandez.com\/?s={search_term_string}\"},\"query-input\":{\"@type\":\"PropertyValueSpecification\",\"valueRequired\":true,\"valueName\":\"search_term_string\"}}],\"inLanguage\":\"en-US\"},{\"@type\":\"Organization\",\"@id\":\"https:\/\/discoverjuanfernandez.com\/#organization\",\"name\":\"Archipi\u00e9lago Juan Fern\u00e1ndez\",\"url\":\"https:\/\/discoverjuanfernandez.com\/\",\"logo\":{\"@type\":\"ImageObject\",\"inLanguage\":\"en-US\",\"@id\":\"https:\/\/discoverjuanfernandez.com\/#\/schema\/logo\/image\/\",\"url\":\"https:\/\/discoverjuanfernandez.com\/wp-content\/uploads\/2022\/05\/logo.new_.png\",\"contentUrl\":\"https:\/\/discoverjuanfernandez.com\/wp-content\/uploads\/2022\/05\/logo.new_.png\",\"width\":138,\"height\":140,\"caption\":\"Archipi\u00e9lago Juan Fern\u00e1ndez\"},\"image\":{\"@id\":\"https:\/\/discoverjuanfernandez.com\/#\/schema\/logo\/image\/\"}}]}<\/script>\n<!-- \/ Yoast SEO plugin. -->","yoast_head_json":{"title":"Puntos de venta - Archipi\u00e9lago Juan Fern\u00e1ndez","robots":{"index":"index","follow":"follow","max-snippet":"max-snippet:-1","max-image-preview":"max-image-preview:large","max-video-preview":"max-video-preview:-1"},"canonical":"https:\/\/discoverjuanfernandez.com\/eng\/puntos-de-venta\/","og_locale":"en_US","og_type":"article","og_title":"Puntos de venta - Archipi\u00e9lago Juan Fern\u00e1ndez","og_url":"https:\/\/discoverjuanfernandez.com\/eng\/puntos-de-venta\/","og_site_name":"Archipi\u00e9lago Juan Fern\u00e1ndez","article_modified_time":"2022-07-21T16:15:16+00:00","twitter_card":"summary_large_image","twitter_misc":{"Est. reading time":"2 minutes"},"schema":{"@context":"https:\/\/schema.org","@graph":[{"@type":"WebPage","@id":"https:\/\/discoverjuanfernandez.com\/puntos-de-venta\/","url":"https:\/\/discoverjuanfernandez.com\/puntos-de-venta\/","name":"Puntos de venta - Archipi\u00e9lago Juan Fern\u00e1ndez","isPartOf":{"@id":"https:\/\/discoverjuanfernandez.com\/#website"},"datePublished":"2022-07-01T15:39:46+00:00","dateModified":"2022-07-21T16:15:16+00:00","breadcrumb":{"@id":"https:\/\/discoverjuanfernandez.com\/puntos-de-venta\/#breadcrumb"},"inLanguage":"en-US","potentialAction":[{"@type":"ReadAction","target":["https:\/\/discoverjuanfernandez.com\/puntos-de-venta\/"]}]},{"@type":"BreadcrumbList","@id":"https:\/\/discoverjuanfernandez.com\/puntos-de-venta\/#breadcrumb","itemListElement":[{"@type":"ListItem","position":1,"name":"Portada","item":"https:\/\/discoverjuanfernandez.com\/"},{"@type":"ListItem","position":2,"name":"Puntos de venta"}]},{"@type":"WebSite","@id":"https:\/\/discoverjuanfernandez.com\/#website","url":"https:\/\/discoverjuanfernandez.com\/","name":"Archipi\u00e9lago Juan Fern\u00e1ndez","description":"e islas desventuradas","publisher":{"@id":"https:\/\/discoverjuanfernandez.com\/#organization"},"potentialAction":[{"@type":"SearchAction","target":{"@type":"EntryPoint","urlTemplate":"https:\/\/discoverjuanfernandez.com\/?s={search_term_string}"},"query-input":{"@type":"PropertyValueSpecification","valueRequired":true,"valueName":"search_term_string"}}],"inLanguage":"en-US"},{"@type":"Organization","@id":"https:\/\/discoverjuanfernandez.com\/#organization","name":"Archipi\u00e9lago Juan Fern\u00e1ndez","url":"https:\/\/discoverjuanfernandez.com\/","logo":{"@type":"ImageObject","inLanguage":"en-US","@id":"https:\/\/discoverjuanfernandez.com\/#\/schema\/logo\/image\/","url":"https:\/\/discoverjuanfernandez.com\/wp-content\/uploads\/2022\/05\/logo.new_.png","contentUrl":"https:\/\/discoverjuanfernandez.com\/wp-content\/uploads\/2022\/05\/logo.new_.png","width":138,"height":140,"caption":"Archipi\u00e9lago Juan Fern\u00e1ndez"},"image":{"@id":"https:\/\/discoverjuanfernandez.com\/#\/schema\/logo\/image\/"}}]}},"_links":{"self":[{"href":"https:\/\/discoverjuanfernandez.com\/eng\/wp-json\/wp\/v2\/pages\/17005","targetHints":{"allow":["GET"]}}],"collection":[{"href":"https:\/\/discoverjuanfernandez.com\/eng\/wp-json\/wp\/v2\/pages"}],"about":[{"href":"https:\/\/discoverjuanfernandez.com\/eng\/wp-json\/wp\/v2\/types\/page"}],"author":[{"embeddable":true,"href":"https:\/\/discoverjuanfernandez.com\/eng\/wp-json\/wp\/v2\/users\/1"}],"replies":[{"embeddable":true,"href":"https:\/\/discoverjuanfernandez.com\/eng\/wp-json\/wp\/v2\/comments?post=17005"}],"version-history":[{"count":29,"href":"https:\/\/discoverjuanfernandez.com\/eng\/wp-json\/wp\/v2\/pages\/17005\/revisions"}],"predecessor-version":[{"id":17376,"href":"https:\/\/discoverjuanfernandez.com\/eng\/wp-json\/wp\/v2\/pages\/17005\/revisions\/17376"}],"wp:attachment":[{"href":"https:\/\/discoverjuanfernandez.com\/eng\/wp-json\/wp\/v2\/media?parent=17005"}],"curies":[{"name":"wp","href":"https:\/\/api.w.org\/{rel}","templated":true}]}}